{"id":1785,"date":"2025-05-03T06:09:28","date_gmt":"2025-05-03T06:09:28","guid":{"rendered":"https:\/\/sculptureshome.com\/product\/polished-metal-art-statue-stainless-steel-wings-sculpture-for-sale-2\/"},"modified":"2025-05-03T07:19:15","modified_gmt":"2025-05-03T07:19:15","slug":"estatua-de-arte-em-metal-polido-escultura-de-asas-em-aco-inoxidavel","status":"publish","type":"product","link":"https:\/\/sculptureshome.com\/pt\/product\/polished-metal-art-statue-stainless-steel-wings-sculpture\/","title":{"rendered":"Est\u00e1tua de arte em metal polido Escultura de asas em a\u00e7o inoxid\u00e1vel"},"content":{"rendered":"<ul>\n<li><strong>Material : <\/strong> metal<\/li>\n<li><strong>Tipo de produto : <\/strong> ESCULTURA<\/li>\n<li><strong>T\u00e9cnica : <\/strong> Polido<\/li>\n<li><strong>Estilo : <\/strong> Arte<\/li>\n<li><strong>Tamanho : <\/strong> De acordo com a personaliza\u00e7\u00e3o para decidir<\/li>\n<li><strong>Forma : <\/strong> Asas<\/li>\n<li><strong>Transporte : <\/strong> Por mar<\/li>\n<li><strong>Qualidade : <\/strong> Excelente<\/li>\n<li><strong>Seguros : <\/strong> Cobrir todos os riscos<\/li>\n<li><strong>Tipo de suprimento : <\/strong> OEM\/ODM<\/li>\n<li><strong>Amostra : <\/strong> De acordo com o pre\u00e7o do produto a ser fornecido<\/li>\n<li><strong>Embalagem : <\/strong> Caixa de madeira com softform dentro<\/li>\n<li><strong>Design : <\/strong> Designs personalizados aceit\u00e1veis<\/li>\n<li><strong>Logotipo : <\/strong> Logotipo personalizado aceit\u00e1vel<\/li>\n<li><strong>Tipo : <\/strong> escultura em a\u00e7o inoxid\u00e1vel<\/li>\n<li><strong>Recurso regional : <\/strong> Ocidental<\/li>\n<li><strong>Use : <\/strong> Decora\u00e7\u00e3o<\/li>\n<\/ul>","protected":false},"excerpt":{"rendered":"<p>Material : metal Product Type : SCULPTURE Technique : Polished Style : Art Size : According to customized to decide Shape : Wings Transport : By sea Quality : Excellent Insurance : Cover all risks Supply type : OEM\/ODM Sample : According to product price to supply Packing : Wooden crate with softform inside Design [&hellip;]<\/p>\n","protected":false},"featured_media":1829,"comment_status":"open","ping_status":"closed","template":"","meta":[],"product_brand":[],"product_cat":[20,49],"product_tag":[],"class_list":{"0":"post-1785","1":"product","2":"type-product","3":"status-publish","4":"has-post-thumbnail","6":"product_cat-art-sculpture","7":"product_cat-custom-stainless-steel-sculpture-factory","9":"first","10":"outofstock","11":"shipping-taxable","12":"product-type-simple"},"_links":{"self":[{"href":"https:\/\/sculptureshome.com\/pt\/wp-json\/wp\/v2\/product\/1785","targetHints":{"allow":["GET"]}}],"collection":[{"href":"https:\/\/sculptureshome.com\/pt\/wp-json\/wp\/v2\/product"}],"about":[{"href":"https:\/\/sculptureshome.com\/pt\/wp-json\/wp\/v2\/types\/product"}],"replies":[{"embeddable":true,"href":"https:\/\/sculptureshome.com\/pt\/wp-json\/wp\/v2\/comments?post=1785"}],"version-history":[{"count":0,"href":"https:\/\/sculptureshome.com\/pt\/wp-json\/wp\/v2\/product\/1785\/revisions"}],"wp:featuredmedia":[{"embeddable":true,"href":"https:\/\/sculptureshome.com\/pt\/wp-json\/wp\/v2\/media\/1829"}],"wp:attachment":[{"href":"https:\/\/sculptureshome.com\/pt\/wp-json\/wp\/v2\/media?parent=1785"}],"wp:term":[{"taxonomy":"product_brand","embeddable":true,"href":"https:\/\/sculptureshome.com\/pt\/wp-json\/wp\/v2\/product_brand?post=1785"},{"taxonomy":"product_cat","embeddable":true,"href":"https:\/\/sculptureshome.com\/pt\/wp-json\/wp\/v2\/product_cat?post=1785"},{"taxonomy":"product_tag","embeddable":true,"href":"https:\/\/sculptureshome.com\/pt\/wp-json\/wp\/v2\/product_tag?post=1785"}],"curies":[{"name":"wp","href":"https:\/\/api.w.org\/{rel}","templated":true}]}}