{"id":1759,"date":"2025-05-03T06:08:08","date_gmt":"2025-05-03T06:08:08","guid":{"rendered":"https:\/\/sculptureshome.com\/product\/outdoor-large-mirror-mushroom-metal-statue-stainless-steel-giant-mushroom-sculpture-for-garden-decor\/"},"modified":"2025-05-03T07:31:51","modified_gmt":"2025-05-03T07:31:51","slug":"estatua-de-metal-de-cogumelo-espelhado-grande-para-exteriores-escultura-de-cogumelo-gigante-de-aco-inoxidavel-para-decoracao-de-jardim","status":"publish","type":"product","link":"https:\/\/sculptureshome.com\/pt\/product\/outdoor-large-mirror-mushroom-metal-statue-stainless-steel-giant-mushroom-sculpture-for-garden-decor\/","title":{"rendered":"Est\u00e1tua de a\u00e7o inoxid\u00e1vel de metal com espelho grande para ambientes externos"},"content":{"rendered":"<ul>\n<li><strong>Material : <\/strong> A\u00e7o inoxid\u00e1vel, est\u00e1tua de a\u00e7os met\u00e1licos para intemperismo<\/li>\n<li><strong>Forma : <\/strong> 3D<\/li>\n<li><strong>Revestimento : <\/strong> outros<\/li>\n<li><strong>Impress\u00e3o : <\/strong> est\u00e1tua de a\u00e7os resistentes ao desgaste, escultura 3D de a\u00e7os resistentes ao desgaste<\/li>\n<li><strong>Tipo de produto : <\/strong> SCULPTURE, Arte externa e interna<\/li>\n<li><strong>T\u00e9cnica : <\/strong> a\u00e7o inoxid\u00e1vel<\/li>\n<li><strong>Estilo : <\/strong> est\u00e1tua de a\u00e7os resistentes a intemp\u00e9ries<\/li>\n<li><strong>Aplica\u00e7\u00e3o : <\/strong> Outros, Arte e colecion\u00e1veis<\/li>\n<li><strong>N\u00famero do modelo : <\/strong> Candy-442<\/li>\n<li><strong>M\u00e9todo de impress\u00e3o : <\/strong> Tinta ecol\u00f3gica<\/li>\n<li><strong>Tamanho : <\/strong> Tamanho natural ou personaliza\u00e7\u00e3o<\/li>\n<li><strong>Logotipo : <\/strong> Aceita\u00e7\u00e3o de personaliza\u00e7\u00e3o<\/li>\n<li><strong>Design : <\/strong> Personalizado 2D \/ 3D<\/li>\n<li><strong>Tempo de fabrica\u00e7\u00e3o : <\/strong> 15 a 35 dias \u00fateis<\/li>\n<li><strong>Tipo de esmalte : <\/strong> outros<\/li>\n<\/ul>","protected":false},"excerpt":{"rendered":"<p>Material : Stainless Steel, Metal weathering steels statue Shape : 3D Plating : other Printing : weathering steels statue, weathering steels 3D Sculpture Product Type : SCULPTURE, Outsdoor and inside art Technique : stainless steel Style : weathering steels statue Application : Other, Art &amp; Collectible Model Number : Candy-442 Print Method : ECO-friendly paint [&hellip;]<\/p>\n","protected":false},"featured_media":1766,"comment_status":"open","ping_status":"closed","template":"","meta":[],"product_brand":[],"product_cat":[49],"product_tag":[],"class_list":{"0":"post-1759","1":"product","2":"type-product","3":"status-publish","4":"has-post-thumbnail","6":"product_cat-custom-stainless-steel-sculpture-factory","8":"first","9":"instock","10":"shipping-taxable","11":"product-type-simple"},"_links":{"self":[{"href":"https:\/\/sculptureshome.com\/pt\/wp-json\/wp\/v2\/product\/1759","targetHints":{"allow":["GET"]}}],"collection":[{"href":"https:\/\/sculptureshome.com\/pt\/wp-json\/wp\/v2\/product"}],"about":[{"href":"https:\/\/sculptureshome.com\/pt\/wp-json\/wp\/v2\/types\/product"}],"replies":[{"embeddable":true,"href":"https:\/\/sculptureshome.com\/pt\/wp-json\/wp\/v2\/comments?post=1759"}],"version-history":[{"count":0,"href":"https:\/\/sculptureshome.com\/pt\/wp-json\/wp\/v2\/product\/1759\/revisions"}],"wp:featuredmedia":[{"embeddable":true,"href":"https:\/\/sculptureshome.com\/pt\/wp-json\/wp\/v2\/media\/1766"}],"wp:attachment":[{"href":"https:\/\/sculptureshome.com\/pt\/wp-json\/wp\/v2\/media?parent=1759"}],"wp:term":[{"taxonomy":"product_brand","embeddable":true,"href":"https:\/\/sculptureshome.com\/pt\/wp-json\/wp\/v2\/product_brand?post=1759"},{"taxonomy":"product_cat","embeddable":true,"href":"https:\/\/sculptureshome.com\/pt\/wp-json\/wp\/v2\/product_cat?post=1759"},{"taxonomy":"product_tag","embeddable":true,"href":"https:\/\/sculptureshome.com\/pt\/wp-json\/wp\/v2\/product_tag?post=1759"}],"curies":[{"name":"wp","href":"https:\/\/api.w.org\/{rel}","templated":true}]}}