{"id":1755,"date":"2025-05-03T06:05:42","date_gmt":"2025-05-03T06:05:42","guid":{"rendered":"https:\/\/sculptureshome.com\/product\/bx-1671-outdoor-urban-decorative-polished-stainless-steel-circle-large-abstract-art-custom-logo-perfect-gift-statue-sculpture\/"},"modified":"2025-05-03T07:36:03","modified_gmt":"2025-05-03T07:36:03","slug":"escultura-circular-decorativa-urbana-em-aco-inoxidavel-polido","status":"publish","type":"product","link":"https:\/\/sculptureshome.com\/pt\/product\/urban-decorative-polished-stainless-steel-circle-sculpture\/","title":{"rendered":"Escultura decorativa urbana ao ar livre em a\u00e7o inoxid\u00e1vel polido em forma de c\u00edrculo"},"content":{"rendered":"<ul>\n<li><strong>Material : <\/strong> A\u00e7o inoxid\u00e1vel, escultura em a\u00e7o inoxid\u00e1vel<\/li>\n<li><strong>Forma : <\/strong> Irregular<\/li>\n<li><strong>Revestimento : <\/strong> outros<\/li>\n<li><strong>Impress\u00e3o : <\/strong> Impress\u00e3o tipogr\u00e1fica<\/li>\n<li><strong>Tipo de produto : <\/strong> Pintura<\/li>\n<li><strong>T\u00e9cnica : <\/strong> Chapeado<\/li>\n<li><strong>Estilo : <\/strong> MODERNO, m\u00f3veis modernos para \u00e1rea externa<\/li>\n<li><strong>Aplica\u00e7\u00e3o : <\/strong> Halloween, Viagens, Dia da Terra, Natal, Dia da Mentira<\/li>\n<li><strong>Nome da marca : <\/strong> OEM<\/li>\n<li><strong>Nome do produto : <\/strong> Escultura em a\u00e7o inoxid\u00e1vel<\/li>\n<li><strong>Uso : <\/strong> Ao ar livreJardimP\u00e1tioPraiaHotelRestaurante<\/li>\n<li><strong>Cor : <\/strong> Cor personalizada<\/li>\n<li><strong>Ocasi\u00e3o : <\/strong> \u00c1rea externa<\/li>\n<li><strong>Palavra-chave : <\/strong> Escultura em a\u00e7o inoxid\u00e1vel<\/li>\n<li><strong>Recurso : <\/strong> Resist\u00eancia \u00e0 corros\u00e3o<\/li>\n<li><strong>Design : <\/strong> Moderno e elegante<\/li>\n<li><strong>Servi\u00e7o : <\/strong> OEM ODM Personalizado<\/li>\n<\/ul>","protected":false},"excerpt":{"rendered":"<p>Material : Stainless Steel, Stainless steel sculpture Shape : Irregular Plating : other Printing : Letterpress printing Product Type : Painting Technique : Plated Style : MODERN, Modern Outdoor Furniture Application : Halloween, Travel, Earth Day, Christmas, April Fool&#8217;s Day Brand Name : OEM Product name : Stainless steel sculpture Usage : OutdoorGardenPatioBeachHotelRestaurant Color : [&hellip;]<\/p>\n","protected":false},"featured_media":1846,"comment_status":"open","ping_status":"closed","template":"","meta":[],"product_brand":[],"product_cat":[49,20],"product_tag":[],"class_list":{"0":"post-1755","1":"product","2":"type-product","3":"status-publish","4":"has-post-thumbnail","6":"product_cat-custom-stainless-steel-sculpture-factory","7":"product_cat-art-sculpture","9":"first","10":"instock","11":"shipping-taxable","12":"product-type-simple"},"_links":{"self":[{"href":"https:\/\/sculptureshome.com\/pt\/wp-json\/wp\/v2\/product\/1755","targetHints":{"allow":["GET"]}}],"collection":[{"href":"https:\/\/sculptureshome.com\/pt\/wp-json\/wp\/v2\/product"}],"about":[{"href":"https:\/\/sculptureshome.com\/pt\/wp-json\/wp\/v2\/types\/product"}],"replies":[{"embeddable":true,"href":"https:\/\/sculptureshome.com\/pt\/wp-json\/wp\/v2\/comments?post=1755"}],"version-history":[{"count":0,"href":"https:\/\/sculptureshome.com\/pt\/wp-json\/wp\/v2\/product\/1755\/revisions"}],"wp:featuredmedia":[{"embeddable":true,"href":"https:\/\/sculptureshome.com\/pt\/wp-json\/wp\/v2\/media\/1846"}],"wp:attachment":[{"href":"https:\/\/sculptureshome.com\/pt\/wp-json\/wp\/v2\/media?parent=1755"}],"wp:term":[{"taxonomy":"product_brand","embeddable":true,"href":"https:\/\/sculptureshome.com\/pt\/wp-json\/wp\/v2\/product_brand?post=1755"},{"taxonomy":"product_cat","embeddable":true,"href":"https:\/\/sculptureshome.com\/pt\/wp-json\/wp\/v2\/product_cat?post=1755"},{"taxonomy":"product_tag","embeddable":true,"href":"https:\/\/sculptureshome.com\/pt\/wp-json\/wp\/v2\/product_tag?post=1755"}],"curies":[{"name":"wp","href":"https:\/\/api.w.org\/{rel}","templated":true}]}}