{"id":1754,"date":"2025-05-03T06:01:57","date_gmt":"2025-05-03T06:01:57","guid":{"rendered":"https:\/\/sculptureshome.com\/product\/custom-stainless-steel-knight-statue-life-size-solider-with-sword-sculptures-for-garden-decor-factory-oem-mythology-metal-crafts\/"},"modified":"2025-05-03T07:41:45","modified_gmt":"2025-05-03T07:41:45","slug":"estatua-de-cavaleiro-de-aco-inoxidavel-personalizada-em-tamanho-natural-com-esculturas-de-espada-para-decoracao-de-jardins","status":"publish","type":"product","link":"https:\/\/sculptureshome.com\/pt\/product\/custom-stainless-steel-knight-statue-life-size-solider-with-sword-sculptures-for-garden-decor-factory\/","title":{"rendered":"Custom Stainless Steel Knight Statue Life Size Solider with Sword Sculptures (Est\u00e1tua de Cavaleiro em A\u00e7o Inoxid\u00e1vel Personalizada)"},"content":{"rendered":"<ul>\n<li><strong>Material : <\/strong> A\u00e7o inoxid\u00e1vel, a\u00e7o inoxid\u00e1vel<\/li>\n<li><strong>Forma : <\/strong> Personalizado<\/li>\n<li><strong>Revestimento : <\/strong> Personalizado<\/li>\n<li><strong>Impress\u00e3o : <\/strong> Personalizado<\/li>\n<li><strong>Tipo de produto : <\/strong> ESCULTURA<\/li>\n<li><strong>T\u00e9cnica : <\/strong> Polido, forjado<\/li>\n<li><strong>Estilo : <\/strong> Escultura de arte, Animal, Abstrato<\/li>\n<li><strong>Aplica\u00e7\u00e3o : <\/strong> Arte e colecion\u00e1veis, lembran\u00e7as, publicidade, outros<\/li>\n<li><strong>N\u00famero do modelo : <\/strong> SPFD-Horse-06<\/li>\n<li><strong>Tratamento de superf\u00edcie : <\/strong> Polido<\/li>\n<li><strong>MOQ : <\/strong> 1 Conjunto<\/li>\n<li><strong>Uso : <\/strong> Interno\/ Externo\/ Decora\u00e7\u00e3o de casa\/ Escrit\u00f3rio\/ Jardim\/ P\u00fablico<\/li>\n<li><strong>Embalagem : <\/strong> Caixa de madeira\/ Estrutura de madeira\/ Rack de tubo de a\u00e7o galvanizado<\/li>\n<li><strong>Envio : <\/strong> Mar<\/li>\n<li><strong>Tipo de esmalte : <\/strong> Personalizado<\/li>\n<\/ul>","protected":false},"excerpt":{"rendered":"<p>Material : Stainless Steel, Stainless Steel Shape : Customized Plating : Customized Printing : Customized Product Type : SCULPTURE Technique : Polished, Forging Style : Art sculpture, Animal, Abstract Application : Art &amp; Collectible, Souvenir, Advertising, Other Model Number : SPFD-Horse-06 Surface Treatment : Polished MOQ : 1 Set Usage : Indoor\/ Outdoor\/ Home D\u00e9cor\/ [&hellip;]<\/p>\n","protected":false},"featured_media":1853,"comment_status":"open","ping_status":"closed","template":"","meta":[],"product_brand":[],"product_cat":[25,49],"product_tag":[],"class_list":{"0":"post-1754","1":"product","2":"type-product","3":"status-publish","4":"has-post-thumbnail","6":"product_cat-decorative-sculpture","7":"product_cat-custom-stainless-steel-sculpture-factory","9":"first","10":"outofstock","11":"shipping-taxable","12":"product-type-simple"},"_links":{"self":[{"href":"https:\/\/sculptureshome.com\/pt\/wp-json\/wp\/v2\/product\/1754","targetHints":{"allow":["GET"]}}],"collection":[{"href":"https:\/\/sculptureshome.com\/pt\/wp-json\/wp\/v2\/product"}],"about":[{"href":"https:\/\/sculptureshome.com\/pt\/wp-json\/wp\/v2\/types\/product"}],"replies":[{"embeddable":true,"href":"https:\/\/sculptureshome.com\/pt\/wp-json\/wp\/v2\/comments?post=1754"}],"version-history":[{"count":0,"href":"https:\/\/sculptureshome.com\/pt\/wp-json\/wp\/v2\/product\/1754\/revisions"}],"wp:featuredmedia":[{"embeddable":true,"href":"https:\/\/sculptureshome.com\/pt\/wp-json\/wp\/v2\/media\/1853"}],"wp:attachment":[{"href":"https:\/\/sculptureshome.com\/pt\/wp-json\/wp\/v2\/media?parent=1754"}],"wp:term":[{"taxonomy":"product_brand","embeddable":true,"href":"https:\/\/sculptureshome.com\/pt\/wp-json\/wp\/v2\/product_brand?post=1754"},{"taxonomy":"product_cat","embeddable":true,"href":"https:\/\/sculptureshome.com\/pt\/wp-json\/wp\/v2\/product_cat?post=1754"},{"taxonomy":"product_tag","embeddable":true,"href":"https:\/\/sculptureshome.com\/pt\/wp-json\/wp\/v2\/product_tag?post=1754"}],"curies":[{"name":"wp","href":"https:\/\/api.w.org\/{rel}","templated":true}]}}