{"id":1751,"date":"2025-05-03T05:54:23","date_gmt":"2025-05-03T05:54:23","guid":{"rendered":"https:\/\/sculptureshome.com\/product\/custom-backlit-signs-stainless-steel-business-shop-3d-letter-signage-led-sign-board-logo-outdoor-store-front-led-channel-sign\/"},"modified":"2025-05-03T07:44:03","modified_gmt":"2025-05-03T07:44:03","slug":"letreiros-retroiluminados-personalizados-letreiros-em-aco-inoxidavel-para-lojas-comerciais-letreiros-em-3d","status":"publish","type":"product","link":"https:\/\/sculptureshome.com\/pt\/product\/custom-backlit-signs-stainless-steel-business-shop-3d-letter-signage\/","title":{"rendered":"Sinais retroiluminados personalizados em a\u00e7o inoxid\u00e1vel para lojas comerciais Sinaliza\u00e7\u00e3o com letras em 3D Placa de sinaliza\u00e7\u00e3o com led Logotipo"},"content":{"rendered":"<ul>\n<li><strong>tipo : <\/strong> letreiros luminosos de led<\/li>\n<li><strong>N\u00famero do modelo : <\/strong> Sinal eletr\u00f4nico de metal<\/li>\n<li><strong>Fonte de luz : <\/strong> Fitas de LED, m\u00f3dulos de LED, l\u00e2mpadas de LED, neon de LED, tubo de LED, l\u00e2mpada, luz de neon<\/li>\n<li><strong>Fonte de alimenta\u00e7\u00e3o : <\/strong> Plugue, adaptador, CC, CA, transformador<\/li>\n<li><strong>Tens\u00e3o de entrada : <\/strong> 110<\/li>\n<li><strong>Temperatura de trabalho : <\/strong> 20<\/li>\n<li><strong>Vida \u00fatil : <\/strong> 50000<\/li>\n<li><strong>Garantia : <\/strong> 2 anos<\/li>\n<li><strong>Forma de instala\u00e7\u00e3o : <\/strong> Montagem na parede<\/li>\n<li><strong>uso : <\/strong> Externo, decora\u00e7\u00e3o, publicidade, dire\u00e7\u00e3o, interno, aviso e lembrete, ilumina\u00e7\u00e3o<\/li>\n<li><strong>Locais de aplica\u00e7\u00e3o : <\/strong> Pr\u00e9dios, lojas, casamentos, escolas, bares, esta\u00e7\u00f5es de \u00f4nibus, hospitais, shopping centers, empresas, parques, resid\u00eancias, escrit\u00f3rios, hot\u00e9is, eventos e festas<\/li>\n<li><strong>Fun\u00e7\u00e3o de exibi\u00e7\u00e3o : <\/strong> retroiluminado, personalizado<\/li>\n<li><strong>Forma : <\/strong> 3D, Personalizado, Ret\u00e2ngulo, REDONDO, N\u00daMERO, cortado em forma, 26 Letras, cortado em letra, s\u00edmbolo, cortado em quadrado, Forma personalizada<\/li>\n<li><strong>Nome do produto : <\/strong> Letras retroiluminadas por canal<\/li>\n<li><strong>Material : <\/strong> A\u00e7o inoxid\u00e1vel<\/li>\n<li><strong>Instala\u00e7\u00e3o : <\/strong> Parafusos de fixa\u00e7\u00e3o<\/li>\n<li><strong>Design : <\/strong> Projetos personalizados<\/li>\n<li><strong>Tamanho : <\/strong> Tamanho personalizado<\/li>\n<li><strong>Certificado : <\/strong> CE RoHs<\/li>\n<li><strong>Cor clara: <\/strong> Cor personalizada<\/li>\n<li><strong>Embalagem : <\/strong> Pacote personalizado<\/li>\n<\/ul>","protected":false},"excerpt":{"rendered":"<p>type : led Illuminated signs model number : Metal electronic sign light source : LED Strips, LED Modules, LED Bulbs, LED Neon, LED Tube, Lamp, Neon Light power source : Plug, Adaptor, DC, AC, Transformer input voltage : 110 working temperature : 20 working lifetime : 50000 Warranty : 2 Years Installation Way : Wall-mounted [&hellip;]<\/p>\n","protected":false},"featured_media":1750,"comment_status":"open","ping_status":"closed","template":"","meta":[],"product_brand":[],"product_cat":[25,49],"product_tag":[],"class_list":{"0":"post-1751","1":"product","2":"type-product","3":"status-publish","4":"has-post-thumbnail","6":"product_cat-decorative-sculpture","7":"product_cat-custom-stainless-steel-sculpture-factory","9":"first","10":"instock","11":"shipping-taxable","12":"product-type-simple"},"_links":{"self":[{"href":"https:\/\/sculptureshome.com\/pt\/wp-json\/wp\/v2\/product\/1751","targetHints":{"allow":["GET"]}}],"collection":[{"href":"https:\/\/sculptureshome.com\/pt\/wp-json\/wp\/v2\/product"}],"about":[{"href":"https:\/\/sculptureshome.com\/pt\/wp-json\/wp\/v2\/types\/product"}],"replies":[{"embeddable":true,"href":"https:\/\/sculptureshome.com\/pt\/wp-json\/wp\/v2\/comments?post=1751"}],"version-history":[{"count":0,"href":"https:\/\/sculptureshome.com\/pt\/wp-json\/wp\/v2\/product\/1751\/revisions"}],"wp:featuredmedia":[{"embeddable":true,"href":"https:\/\/sculptureshome.com\/pt\/wp-json\/wp\/v2\/media\/1750"}],"wp:attachment":[{"href":"https:\/\/sculptureshome.com\/pt\/wp-json\/wp\/v2\/media?parent=1751"}],"wp:term":[{"taxonomy":"product_brand","embeddable":true,"href":"https:\/\/sculptureshome.com\/pt\/wp-json\/wp\/v2\/product_brand?post=1751"},{"taxonomy":"product_cat","embeddable":true,"href":"https:\/\/sculptureshome.com\/pt\/wp-json\/wp\/v2\/product_cat?post=1751"},{"taxonomy":"product_tag","embeddable":true,"href":"https:\/\/sculptureshome.com\/pt\/wp-json\/wp\/v2\/product_tag?post=1751"}],"curies":[{"name":"wp","href":"https:\/\/api.w.org\/{rel}","templated":true}]}}