{"id":1747,"date":"2025-05-03T05:53:53","date_gmt":"2025-05-03T05:53:53","guid":{"rendered":"https:\/\/sculptureshome.com\/product\/modern-abstract-figure-metal-sculpture-ornament-for-home-decor-black-and-gold-living-room-study-decorations\/"},"modified":"2025-05-03T07:49:26","modified_gmt":"2025-05-03T07:49:26","slug":"escultura-de-metal-de-figura-abstrata-moderna","status":"publish","type":"product","link":"https:\/\/sculptureshome.com\/pt\/product\/modern-abstract-figure-metal-sculpture\/","title":{"rendered":"Escultura de metal com figura abstrata moderna Ornamento para decora\u00e7\u00e3o de casa"},"content":{"rendered":"<ul>\n<li><strong>Local de origem : <\/strong> Guangdong, China<\/li>\n<li><strong>N\u00famero do modelo : <\/strong> M1003611\/M1003612<\/li>\n<li><strong>material : <\/strong> A\u00e7o inoxid\u00e1vel<\/li>\n<li><strong>forma : <\/strong> Humanos<\/li>\n<li><strong>padr\u00e3o : <\/strong> Retrato<\/li>\n<li><strong>ocasi\u00e3o : <\/strong> universal<\/li>\n<li><strong>t\u00e9cnicas : <\/strong> Artesanato em metal<\/li>\n<li><strong>estilo de design : <\/strong> Moderno<\/li>\n<li><strong>Cor : <\/strong> Preto, dourado<\/li>\n<li><strong>Material : <\/strong> A\u00e7o inoxid\u00e1vel<\/li>\n<li><strong>Design : <\/strong> Moderno e elegante<\/li>\n<li><strong>OEM E ODM : <\/strong> Servi\u00e7o de personaliza\u00e7\u00e3o fornecido<\/li>\n<li><strong>Tipo : <\/strong> Decora\u00e7\u00e3o Beautify<\/li>\n<li><strong>Recurso : <\/strong> Decora\u00e7\u00f5es de interiores modernas<\/li>\n<li><strong>Fun\u00e7\u00e3o : <\/strong> Decore sua casa<\/li>\n<li><strong>Estilo : <\/strong> Arte moderna<\/li>\n<li><strong>Aplica\u00e7\u00e3o : <\/strong> Home Decora\u00e7\u00e3o de hot\u00e9is<\/li>\n<\/ul>","protected":false},"excerpt":{"rendered":"<p>place of origin : Guangdong, China model number : M1003611\/M1003612 material : Stainless steel shape : Human pattern : Portrait occasion : universal technics : Metal Handicraft design style : Modern Color : Black, Gold Material : Stainless steel Design : Modern Stylish OEM &amp; ODM : Customization Service Provided Type : Decoration Beautify Feature [&hellip;]<\/p>\n","protected":false},"featured_media":1860,"comment_status":"open","ping_status":"closed","template":"","meta":[],"product_brand":[],"product_cat":[25,49],"product_tag":[],"class_list":{"0":"post-1747","1":"product","2":"type-product","3":"status-publish","4":"has-post-thumbnail","6":"product_cat-decorative-sculpture","7":"product_cat-custom-stainless-steel-sculpture-factory","9":"first","10":"instock","11":"shipping-taxable","12":"product-type-simple"},"_links":{"self":[{"href":"https:\/\/sculptureshome.com\/pt\/wp-json\/wp\/v2\/product\/1747","targetHints":{"allow":["GET"]}}],"collection":[{"href":"https:\/\/sculptureshome.com\/pt\/wp-json\/wp\/v2\/product"}],"about":[{"href":"https:\/\/sculptureshome.com\/pt\/wp-json\/wp\/v2\/types\/product"}],"replies":[{"embeddable":true,"href":"https:\/\/sculptureshome.com\/pt\/wp-json\/wp\/v2\/comments?post=1747"}],"version-history":[{"count":0,"href":"https:\/\/sculptureshome.com\/pt\/wp-json\/wp\/v2\/product\/1747\/revisions"}],"wp:featuredmedia":[{"embeddable":true,"href":"https:\/\/sculptureshome.com\/pt\/wp-json\/wp\/v2\/media\/1860"}],"wp:attachment":[{"href":"https:\/\/sculptureshome.com\/pt\/wp-json\/wp\/v2\/media?parent=1747"}],"wp:term":[{"taxonomy":"product_brand","embeddable":true,"href":"https:\/\/sculptureshome.com\/pt\/wp-json\/wp\/v2\/product_brand?post=1747"},{"taxonomy":"product_cat","embeddable":true,"href":"https:\/\/sculptureshome.com\/pt\/wp-json\/wp\/v2\/product_cat?post=1747"},{"taxonomy":"product_tag","embeddable":true,"href":"https:\/\/sculptureshome.com\/pt\/wp-json\/wp\/v2\/product_tag?post=1747"}],"curies":[{"name":"wp","href":"https:\/\/api.w.org\/{rel}","templated":true}]}}