{"id":1738,"date":"2025-05-03T05:52:56","date_gmt":"2025-05-03T05:52:56","guid":{"rendered":"https:\/\/sculptureshome.com\/product\/abstract-metal-garden-park-outdoor-stainless-steel-water-drop-art-sculpture\/"},"modified":"2025-05-03T07:51:54","modified_gmt":"2025-05-03T07:51:54","slug":"escultura-de-arte-abstrata-de-gota-dagua-em-metal-para-jardim-parque-ao-ar-livre-em-aco-inoxidavel","status":"publish","type":"product","link":"https:\/\/sculptureshome.com\/pt\/product\/abstract-metal-garden-park-outdoor-stainless-steel-water-drop-art-sculpture\/","title":{"rendered":"Escultura de arte abstrata de gota d'\u00e1gua em metal para jardins e parques ao ar livre em a\u00e7o inoxid\u00e1vel"},"content":{"rendered":"<ul>\n<li><strong>Temperatura de corCCT : <\/strong> Branco neutro de 4100K<\/li>\n<li><strong>Efici\u00eancia luminosa da l\u00e2mpada\/w : <\/strong> 80<\/li>\n<li><strong>Renderiza\u00e7\u00e3o de cores IndexRa : <\/strong> 80<\/li>\n<li><strong>Suporte a Dimmer : <\/strong> N\u00c3O<\/li>\n<li><strong>Horas de vida \u00fatil : <\/strong> 20000<\/li>\n<li><strong>Local de origem : <\/strong> China<\/li>\n<li><strong>Temperatura de trabalho\u2103 : <\/strong> 25<\/li>\n<li><strong>Tens\u00e3o de entradaV : <\/strong> AC 220V \u00b1 10%<\/li>\n<li><strong>Classifica\u00e7\u00e3o IP : <\/strong> IP65<\/li>\n<li><strong>Material : <\/strong> Outros<\/li>\n<li><strong>Nome do feriado : <\/strong> Outros<\/li>\n<li><strong>Cor : <\/strong> Outros<\/li>\n<li><strong>Servi\u00e7o de solu\u00e7\u00f5es de ilumina\u00e7\u00e3o : <\/strong> Instala\u00e7\u00e3o do projeto, layout de CAD autom\u00e1tico, projeto de ilumina\u00e7\u00e3o e de circuitos<\/li>\n<li><strong>GarantiaAno : <\/strong> 2 anos<\/li>\n<\/ul>","protected":false},"excerpt":{"rendered":"<p>Color TemperatureCCT : 4100K Neutral White Lamp Luminous Efficiencylm\/w : 80 Color Rendering IndexRa : 80 Support Dimmer : NO Lifespan hours : 20000 Place of Origin : China Working Temperature\u2103 : 25 Input VoltageV : AC 220V \u00b1 10% IP Rating : IP65 Material : Other Holiday Name : Other Color : Other Lighting [&hellip;]<\/p>\n","protected":false},"featured_media":1737,"comment_status":"open","ping_status":"closed","template":"","meta":[],"product_brand":[],"product_cat":[25],"product_tag":[],"class_list":{"0":"post-1738","1":"product","2":"type-product","3":"status-publish","4":"has-post-thumbnail","6":"product_cat-decorative-sculpture","8":"first","9":"instock","10":"shipping-taxable","11":"product-type-simple"},"_links":{"self":[{"href":"https:\/\/sculptureshome.com\/pt\/wp-json\/wp\/v2\/product\/1738","targetHints":{"allow":["GET"]}}],"collection":[{"href":"https:\/\/sculptureshome.com\/pt\/wp-json\/wp\/v2\/product"}],"about":[{"href":"https:\/\/sculptureshome.com\/pt\/wp-json\/wp\/v2\/types\/product"}],"replies":[{"embeddable":true,"href":"https:\/\/sculptureshome.com\/pt\/wp-json\/wp\/v2\/comments?post=1738"}],"version-history":[{"count":0,"href":"https:\/\/sculptureshome.com\/pt\/wp-json\/wp\/v2\/product\/1738\/revisions"}],"wp:featuredmedia":[{"embeddable":true,"href":"https:\/\/sculptureshome.com\/pt\/wp-json\/wp\/v2\/media\/1737"}],"wp:attachment":[{"href":"https:\/\/sculptureshome.com\/pt\/wp-json\/wp\/v2\/media?parent=1738"}],"wp:term":[{"taxonomy":"product_brand","embeddable":true,"href":"https:\/\/sculptureshome.com\/pt\/wp-json\/wp\/v2\/product_brand?post=1738"},{"taxonomy":"product_cat","embeddable":true,"href":"https:\/\/sculptureshome.com\/pt\/wp-json\/wp\/v2\/product_cat?post=1738"},{"taxonomy":"product_tag","embeddable":true,"href":"https:\/\/sculptureshome.com\/pt\/wp-json\/wp\/v2\/product_tag?post=1738"}],"curies":[{"name":"wp","href":"https:\/\/api.w.org\/{rel}","templated":true}]}}