{"id":173,"date":"2024-01-15T08:46:25","date_gmt":"2024-01-15T08:46:25","guid":{"rendered":"https:\/\/sculptureshome.com\/?post_type=product&#038;p=173"},"modified":"2024-01-15T08:46:25","modified_gmt":"2024-01-15T08:46:25","slug":"escultura-de-decoracao-de-parede-de-escalada-em-fibra-de-vidro","status":"publish","type":"product","link":"https:\/\/sculptureshome.com\/pt\/product\/fiberglass-climbing-wall-decoration-sculpture\/","title":{"rendered":"Escultura de decora\u00e7\u00e3o de parede de escalada em fibra de vidro"},"content":{"rendered":"<h4>Local de origem:<\/h4>\n<div class=\"attribute-list\">\n<div class=\"attribute-item\">\n<div class=\"right\">Guangdong, China<\/div>\n<\/div>\n<div class=\"attribute-item\">\n<div><\/div>\n<div class=\"left\">Material: Resina<\/div>\n<div class=\"left\">Estilo: Imita\u00e7\u00e3o antiga<\/div>\n<\/div>\n<div class=\"attribute-item\">\n<div class=\"right\">Uso: Arte e colecion\u00e1veis<\/div>\n<\/div>\n<div class=\"attribute-item\">\n<div class=\"left\">Nome do produto: Arte de parede do homem escalador<\/div>\n<div class=\"right\">Material: Fibra de vidro<br \/>\n&nbsp;<\/p>\n<\/div>\n<\/div>\n<\/div>","protected":false},"excerpt":{"rendered":"<p>Local de origem: Guangdong, China Material: Resina Estilo: Imita\u00e7\u00e3o antiga Uso: Arte e colecion\u00e1veis Nome do produto: Climbing Man Wall Art Material: Fibra de vidro &nbsp;<\/p>","protected":false},"featured_media":174,"comment_status":"open","ping_status":"closed","template":"","meta":[],"product_brand":[],"product_cat":[20],"product_tag":[],"class_list":{"0":"post-173","1":"product","2":"type-product","3":"status-publish","4":"has-post-thumbnail","6":"product_cat-art-sculpture","8":"first","9":"instock","10":"shipping-taxable","11":"product-type-simple"},"_links":{"self":[{"href":"https:\/\/sculptureshome.com\/pt\/wp-json\/wp\/v2\/product\/173","targetHints":{"allow":["GET"]}}],"collection":[{"href":"https:\/\/sculptureshome.com\/pt\/wp-json\/wp\/v2\/product"}],"about":[{"href":"https:\/\/sculptureshome.com\/pt\/wp-json\/wp\/v2\/types\/product"}],"replies":[{"embeddable":true,"href":"https:\/\/sculptureshome.com\/pt\/wp-json\/wp\/v2\/comments?post=173"}],"version-history":[{"count":0,"href":"https:\/\/sculptureshome.com\/pt\/wp-json\/wp\/v2\/product\/173\/revisions"}],"wp:featuredmedia":[{"embeddable":true,"href":"https:\/\/sculptureshome.com\/pt\/wp-json\/wp\/v2\/media\/174"}],"wp:attachment":[{"href":"https:\/\/sculptureshome.com\/pt\/wp-json\/wp\/v2\/media?parent=173"}],"wp:term":[{"taxonomy":"product_brand","embeddable":true,"href":"https:\/\/sculptureshome.com\/pt\/wp-json\/wp\/v2\/product_brand?post=173"},{"taxonomy":"product_cat","embeddable":true,"href":"https:\/\/sculptureshome.com\/pt\/wp-json\/wp\/v2\/product_cat?post=173"},{"taxonomy":"product_tag","embeddable":true,"href":"https:\/\/sculptureshome.com\/pt\/wp-json\/wp\/v2\/product_tag?post=173"}],"curies":[{"name":"wp","href":"https:\/\/api.w.org\/{rel}","templated":true}]}}