{"id":1723,"date":"2025-05-03T05:46:52","date_gmt":"2025-05-03T05:46:52","guid":{"rendered":"https:\/\/sculptureshome.com\/product\/custom-outdoor-large-metal-abstract-hollow-art-led-stainless-steel-statue-sculpture-for-sale\/"},"modified":"2025-05-03T07:52:45","modified_gmt":"2025-05-03T07:52:45","slug":"estatua-de-aco-inoxidavel-de-metal-abstrato-grande-personalizada-para-o-exterior","status":"publish","type":"product","link":"https:\/\/sculptureshome.com\/pt\/product\/custom-outdoor-large-metal-abstract-hollow-art-led-stainless-steel-statue\/","title":{"rendered":"Est\u00e1tua de a\u00e7o inoxid\u00e1vel com LED de arte abstrata oca de metal personalizada para exteriores"},"content":{"rendered":"<ul>\n<li><strong>Material : <\/strong> A\u00e7o inoxid\u00e1vel, a\u00e7o inoxid\u00e1vel<\/li>\n<li><strong>Forma : <\/strong> Personalizado<\/li>\n<li><strong>Revestimento : <\/strong> outros<\/li>\n<li><strong>Impress\u00e3o : <\/strong> Outros<\/li>\n<li><strong>Tipo de produto : <\/strong> ESCULTURA<\/li>\n<li><strong>T\u00e9cnica : <\/strong> Fundi\u00e7\u00e3o<\/li>\n<li><strong>Estilo : <\/strong> Outro, americano<\/li>\n<li><strong>Aplica\u00e7\u00e3o : <\/strong> Decora\u00e7\u00e3o e presente para feriados, ORA\u00c7\u00c3O, lembran\u00e7a, publicidade, arte e colecion\u00e1veis, decora\u00e7\u00e3o e presente de casamento, presente comercial, decora\u00e7\u00e3o de casa, outros<\/li>\n<li><strong>Local de origem : <\/strong> Hebei<\/li>\n<li><strong>Nome da marca : <\/strong> BF<\/li>\n<li><strong>N\u00famero do modelo : <\/strong> BF25021201<\/li>\n<li><strong>Tamanho : <\/strong> Tamanho personalizado<\/li>\n<li><strong>Cor : <\/strong> Cor personalizada<\/li>\n<li><strong>Uso : <\/strong> Decora\u00e7\u00e3o externa<\/li>\n<li><strong>Embalagem : <\/strong> Prateleiras de madeira e espuma<\/li>\n<li><strong>MOQ : <\/strong> 1 pe\u00e7a<\/li>\n<li><strong>Qualidade : <\/strong> Alto n\u00edvel<\/li>\n<li><strong>Servi\u00e7o : <\/strong> Resposta em 24 horas<\/li>\n<li><strong>Logotipo : <\/strong> Logotipo personalizado<\/li>\n<\/ul>","protected":false},"excerpt":{"rendered":"<p>Material : Stainless Steel, Stainless Steel Shape : Customized Plating : other Printing : Other Product Type : SCULPTURE Technique : Casting Style : Other, American Application : Holiday Decoration &amp; Gift, PRAYER, Souvenir, Advertising, Art &amp; Collectible, Wedding Decoration &amp; Gift, Business Gift, home decoration, Other Place of Origin : Hebei Brand Name : [&hellip;]<\/p>\n","protected":false},"featured_media":1722,"comment_status":"open","ping_status":"closed","template":"","meta":[],"product_brand":[],"product_cat":[25],"product_tag":[],"class_list":{"0":"post-1723","1":"product","2":"type-product","3":"status-publish","4":"has-post-thumbnail","6":"product_cat-decorative-sculpture","8":"first","9":"instock","10":"shipping-taxable","11":"product-type-simple"},"_links":{"self":[{"href":"https:\/\/sculptureshome.com\/pt\/wp-json\/wp\/v2\/product\/1723","targetHints":{"allow":["GET"]}}],"collection":[{"href":"https:\/\/sculptureshome.com\/pt\/wp-json\/wp\/v2\/product"}],"about":[{"href":"https:\/\/sculptureshome.com\/pt\/wp-json\/wp\/v2\/types\/product"}],"replies":[{"embeddable":true,"href":"https:\/\/sculptureshome.com\/pt\/wp-json\/wp\/v2\/comments?post=1723"}],"version-history":[{"count":0,"href":"https:\/\/sculptureshome.com\/pt\/wp-json\/wp\/v2\/product\/1723\/revisions"}],"wp:featuredmedia":[{"embeddable":true,"href":"https:\/\/sculptureshome.com\/pt\/wp-json\/wp\/v2\/media\/1722"}],"wp:attachment":[{"href":"https:\/\/sculptureshome.com\/pt\/wp-json\/wp\/v2\/media?parent=1723"}],"wp:term":[{"taxonomy":"product_brand","embeddable":true,"href":"https:\/\/sculptureshome.com\/pt\/wp-json\/wp\/v2\/product_brand?post=1723"},{"taxonomy":"product_cat","embeddable":true,"href":"https:\/\/sculptureshome.com\/pt\/wp-json\/wp\/v2\/product_cat?post=1723"},{"taxonomy":"product_tag","embeddable":true,"href":"https:\/\/sculptureshome.com\/pt\/wp-json\/wp\/v2\/product_tag?post=1723"}],"curies":[{"name":"wp","href":"https:\/\/api.w.org\/{rel}","templated":true}]}}