{"id":167,"date":"2024-01-15T08:40:05","date_gmt":"2024-01-15T08:40:05","guid":{"rendered":"https:\/\/sculptureshome.com\/?post_type=product&#038;p=167"},"modified":"2024-02-10T06:27:53","modified_gmt":"2024-02-10T06:27:53","slug":"escultura-personalizada-de-asas-de-bronze-dourado-em-estilo-externo","status":"publish","type":"product","link":"https:\/\/sculptureshome.com\/pt\/product\/customized-outdoor-style-gold-bronze-wings-sculpture\/","title":{"rendered":"Escultura de asas de bronze dourado em estilo externo personalizado"},"content":{"rendered":"<div class=\"attribute-list\">\n<div class=\"attribute-item\">\n<div class=\"left\">Tipo: Bronze<\/div>\n<\/div>\n<div class=\"attribute-item\">\n<div class=\"right\"><\/div>\n<\/div>\n<\/div>\n<h4>Outros atributos<\/h4>\n<div class=\"attribute-list\">\n<div class=\"attribute-item\">\n<div class=\"left\">Local de origem: Guangdong, China<\/div>\n<\/div>\n<div class=\"attribute-item\">\n<div class=\"left\">Material: Metal<\/div>\n<div>Impress\u00e3o: outros<\/div>\n<div class=\"right\">M\u00e9todo de impress\u00e3o: outro<\/div>\n<div>T\u00e9cnica: Fundi\u00e7\u00e3o<\/div>\n<\/div>\n<div class=\"attribute-item\">\n<div class=\"left\">Estilo: Natural<\/div>\n<div class=\"right\">Uso: Decora\u00e7\u00e3o de casa<\/div>\n<div>Tema: Arte<\/div>\n<\/div>\n<div class=\"attribute-item\">\n<div class=\"left\">Recurso regional: Europa<\/div>\n<\/div>\n<div class=\"attribute-item\">\n<div class=\"left\">Material: Bronze<\/div>\n<div class=\"right\">Tamanho: A 120 cm ou personalizado<\/div>\n<div>Embalagem: Caixa de madeira com espuma macia em seu interior<\/div>\n<div>Design: Por nossa equipe (o design do cliente \u00e9 bem-vindo)<\/div>\n<\/div>\n<div class=\"attribute-item\"><\/div>\n<div class=\"attribute-item\">\n<div class=\"right\" data-spm-anchor-id=\"a2700.details.0.i88.4f5b2b1eujXQ0g\"><\/div>\n<\/div>\n<\/div>","protected":false},"excerpt":{"rendered":"<p>Tipo: Bronze Outros atributos Local de origem: Guangdong, China Material: Metal Impress\u00e3o: outro M\u00e9todo de impress\u00e3o: outro T\u00e9cnica: Estilo de fundi\u00e7\u00e3o: Natural Uso: Decora\u00e7\u00e3o de casa Tema: Arte Caracter\u00edstica regional: Europa Material: Bronze Tamanho: H 120cm ou personalizado Embalagem: Caixa de madeira com espuma macia no interior Design: Por nossa equipe (o design do cliente \u00e9 bem-vindo)<\/p>","protected":false},"featured_media":168,"comment_status":"open","ping_status":"closed","template":"","meta":[],"product_brand":[],"product_cat":[20,26],"product_tag":[],"class_list":{"0":"post-167","1":"product","2":"type-product","3":"status-publish","4":"has-post-thumbnail","6":"product_cat-art-sculpture","7":"product_cat-landscape-sculpture","9":"first","10":"instock","11":"shipping-taxable","12":"product-type-simple"},"_links":{"self":[{"href":"https:\/\/sculptureshome.com\/pt\/wp-json\/wp\/v2\/product\/167","targetHints":{"allow":["GET"]}}],"collection":[{"href":"https:\/\/sculptureshome.com\/pt\/wp-json\/wp\/v2\/product"}],"about":[{"href":"https:\/\/sculptureshome.com\/pt\/wp-json\/wp\/v2\/types\/product"}],"replies":[{"embeddable":true,"href":"https:\/\/sculptureshome.com\/pt\/wp-json\/wp\/v2\/comments?post=167"}],"version-history":[{"count":0,"href":"https:\/\/sculptureshome.com\/pt\/wp-json\/wp\/v2\/product\/167\/revisions"}],"wp:featuredmedia":[{"embeddable":true,"href":"https:\/\/sculptureshome.com\/pt\/wp-json\/wp\/v2\/media\/168"}],"wp:attachment":[{"href":"https:\/\/sculptureshome.com\/pt\/wp-json\/wp\/v2\/media?parent=167"}],"wp:term":[{"taxonomy":"product_brand","embeddable":true,"href":"https:\/\/sculptureshome.com\/pt\/wp-json\/wp\/v2\/product_brand?post=167"},{"taxonomy":"product_cat","embeddable":true,"href":"https:\/\/sculptureshome.com\/pt\/wp-json\/wp\/v2\/product_cat?post=167"},{"taxonomy":"product_tag","embeddable":true,"href":"https:\/\/sculptureshome.com\/pt\/wp-json\/wp\/v2\/product_tag?post=167"}],"curies":[{"name":"wp","href":"https:\/\/api.w.org\/{rel}","templated":true}]}}