{"id":157,"date":"2024-01-15T07:23:00","date_gmt":"2024-01-15T07:23:00","guid":{"rendered":"https:\/\/sculptureshome.com\/?post_type=product&#038;p=157"},"modified":"2024-02-10T06:28:33","modified_gmt":"2024-02-10T06:28:33","slug":"arte-abstrata-colorida-escultura-artesanal","status":"publish","type":"product","link":"https:\/\/sculptureshome.com\/pt\/product\/colorful-abstract-art-craft-sculpture\/","title":{"rendered":"Escultura artesanal de arte abstrata colorida"},"content":{"rendered":"<h4>Atributos espec\u00edficos do setor<\/h4>\n<div class=\"attribute-list\">\n<div class=\"attribute-item\">\n<div class=\"left\">Tipo de produto: ESCULTURA<\/div>\n<div class=\"right\">Tema: Anjo<\/div>\n<\/div>\n<\/div>\n<h4>Outros atributos<\/h4>\n<div class=\"attribute-list\">\n<div class=\"attribute-item\">\n<div class=\"left\">Local de origem<\/div>\n<div class=\"right\">Guangdong, China<\/div>\n<\/div>\n<div class=\"attribute-item\">\n<div class=\"right\"><\/div>\n<\/div>\n<div class=\"attribute-item\">\n<div class=\"left\">Nome: Arte Abstrata Artesanato V\u00eanus Estatueta de Resina Est\u00e1tua da Deusa Grega Escultura<\/div>\n<div class=\"left\">Material: Resina e ferro<\/div>\n<\/div>\n<\/div>\n<div class=\"attribute-list\">\n<div class=\"attribute-item\">\n<div class=\"left\">Cor: cinza\/azul de fuga\/azul<\/div>\n<\/div>\n<div class=\"attribute-item\">\n<div class=\"left\">Tamanho: L250*W170*H490mm<\/div>\n<\/div>\n<div class=\"attribute-item\">\n<div class=\"left\">Uso: Decora\u00e7\u00e3o, arte e colecion\u00e1veis<\/div>\n<div class=\"right\">Estilo: Moderno<br \/>\n&nbsp;<\/p>\n<\/div>\n<\/div>\n<div class=\"attribute-item\">\n<div class=\"left\"><\/div>\n<div class=\"right\"><\/div>\n<\/div>\n<div class=\"attribute-item\">\n<div class=\"right\" data-spm-anchor-id=\"a2700.details.0.i83.32662bc1G40fVh\"><\/div>\n<\/div>\n<\/div>","protected":false},"excerpt":{"rendered":"<p>Atributos espec\u00edficos do setor Tipo de produto: ESCULTURA Tema: Anjo Outros atributos Local de origem: Guangdong, China Nome: Arte abstrata artesanal V\u00eanus Estatueta de resina Est\u00e1tua da deusa grega Escultura Material: Resina e ferro Cor: cinza\/azul escuro\/azul Tamanho: L250*W170*H490mm Uso: Decora\u00e7\u00e3o, arte e estilo colecion\u00e1vel: Moderno &nbsp;<\/p>","protected":false},"featured_media":158,"comment_status":"open","ping_status":"closed","template":"","meta":[],"product_brand":[],"product_cat":[20,25],"product_tag":[],"class_list":{"0":"post-157","1":"product","2":"type-product","3":"status-publish","4":"has-post-thumbnail","6":"product_cat-art-sculpture","7":"product_cat-decorative-sculpture","9":"first","10":"instock","11":"shipping-taxable","12":"product-type-simple"},"_links":{"self":[{"href":"https:\/\/sculptureshome.com\/pt\/wp-json\/wp\/v2\/product\/157","targetHints":{"allow":["GET"]}}],"collection":[{"href":"https:\/\/sculptureshome.com\/pt\/wp-json\/wp\/v2\/product"}],"about":[{"href":"https:\/\/sculptureshome.com\/pt\/wp-json\/wp\/v2\/types\/product"}],"replies":[{"embeddable":true,"href":"https:\/\/sculptureshome.com\/pt\/wp-json\/wp\/v2\/comments?post=157"}],"version-history":[{"count":0,"href":"https:\/\/sculptureshome.com\/pt\/wp-json\/wp\/v2\/product\/157\/revisions"}],"wp:featuredmedia":[{"embeddable":true,"href":"https:\/\/sculptureshome.com\/pt\/wp-json\/wp\/v2\/media\/158"}],"wp:attachment":[{"href":"https:\/\/sculptureshome.com\/pt\/wp-json\/wp\/v2\/media?parent=157"}],"wp:term":[{"taxonomy":"product_brand","embeddable":true,"href":"https:\/\/sculptureshome.com\/pt\/wp-json\/wp\/v2\/product_brand?post=157"},{"taxonomy":"product_cat","embeddable":true,"href":"https:\/\/sculptureshome.com\/pt\/wp-json\/wp\/v2\/product_cat?post=157"},{"taxonomy":"product_tag","embeddable":true,"href":"https:\/\/sculptureshome.com\/pt\/wp-json\/wp\/v2\/product_tag?post=157"}],"curies":[{"name":"wp","href":"https:\/\/api.w.org\/{rel}","templated":true}]}}