{"id":149,"date":"2024-01-15T07:11:31","date_gmt":"2024-01-15T07:11:31","guid":{"rendered":"https:\/\/sculptureshome.com\/?post_type=product&#038;p=149"},"modified":"2024-01-15T07:12:33","modified_gmt":"2024-01-15T07:12:33","slug":"escultura-artesanal-de-metal-com-cavalo-galopante","status":"publish","type":"product","link":"https:\/\/sculptureshome.com\/pt\/product\/metal-craft-sculpture-galloping-horse\/","title":{"rendered":"Escultura artesanal de metal com cavalo galopante"},"content":{"rendered":"<h4>Atributos espec\u00edficos do setor<\/h4>\n<div class=\"attribute-list\">\n<div class=\"attribute-item\">\n<div class=\"left\">Tipo: Lat\u00e3o<\/div>\n<\/div>\n<div class=\"attribute-item\">\n<div class=\"left\">Tipo de produto: modelo<\/div>\n<\/div>\n<\/div>\n<h4>Outros atributos<\/h4>\n<div class=\"attribute-list\">\n<div class=\"attribute-item\">\n<div class=\"left\">Local de origem: Guangdong, China<\/div>\n<\/div>\n<div class=\"attribute-item\">\n<div class=\"left\">Material: Metal<\/div>\n<div class=\"right\">Impress\u00e3o: impress\u00e3o em relevo<\/div>\n<div>M\u00e9todo de impress\u00e3o: 1 cor<\/div>\n<\/div>\n<div class=\"attribute-item\">\n<div class=\"left\">T\u00e9cnica: Pintada<\/div>\n<div class=\"left\">Estilo: Feng Shui<\/div>\n<\/div>\n<div class=\"attribute-item\">\n<div class=\"right\">Uso: Arte e colecion\u00e1veis<\/div>\n<div>Tema: Animal<\/div>\n<\/div>\n<div class=\"attribute-item\">\n<div class=\"left\">Nome da marca: sculptureshome<\/div>\n<\/div>\n<div class=\"attribute-item\">\n<div class=\"left\">Nome do produto: Creative Ornament Metal Art Craft<\/div>\n<div class=\"right\">Cor: cor personalizada<br \/>\nLogotipo: Logotipo do cliente<\/div>\n<\/div>\n<div class=\"attribute-item\">\n<div class=\"left\">Material: Lat\u00e3o<\/div>\n<div class=\"right\">Utiliza\u00e7\u00e3o: Decora\u00e7\u00e3o de casa\n<\/div>\n<\/div>\n<div class=\"attribute-item\">\n<div class=\"right\"><\/div>\n<\/div>\n<\/div>","protected":false},"excerpt":{"rendered":"<p>Atributos espec\u00edficos do setor Tipo: Lat\u00e3o Tipo de produto: modelo Outros atributos Local de origem: Guangdong, China Material: Metal Impress\u00e3o: Impress\u00e3o em relevo M\u00e9todo de impress\u00e3o: 1 cor T\u00e9cnica: Pintado Estilo: Feng Shui Uso: Arte e colecion\u00e1veis Tema: Animal Nome da marca: sculptureshome Nome do produto: Creative Ornament Metal Art Craft Cor: Custom Color Logo: Logotipo do cliente Material: Lat\u00e3o Uso: Decora\u00e7\u00e3o de casa<\/p>","protected":false},"featured_media":151,"comment_status":"open","ping_status":"closed","template":"","meta":[],"product_brand":[],"product_cat":[22,20],"product_tag":[],"class_list":{"0":"post-149","1":"product","2":"type-product","3":"status-publish","4":"has-post-thumbnail","6":"product_cat-animal-sculpture","7":"product_cat-art-sculpture","9":"first","10":"instock","11":"shipping-taxable","12":"product-type-simple"},"_links":{"self":[{"href":"https:\/\/sculptureshome.com\/pt\/wp-json\/wp\/v2\/product\/149","targetHints":{"allow":["GET"]}}],"collection":[{"href":"https:\/\/sculptureshome.com\/pt\/wp-json\/wp\/v2\/product"}],"about":[{"href":"https:\/\/sculptureshome.com\/pt\/wp-json\/wp\/v2\/types\/product"}],"replies":[{"embeddable":true,"href":"https:\/\/sculptureshome.com\/pt\/wp-json\/wp\/v2\/comments?post=149"}],"version-history":[{"count":0,"href":"https:\/\/sculptureshome.com\/pt\/wp-json\/wp\/v2\/product\/149\/revisions"}],"wp:featuredmedia":[{"embeddable":true,"href":"https:\/\/sculptureshome.com\/pt\/wp-json\/wp\/v2\/media\/151"}],"wp:attachment":[{"href":"https:\/\/sculptureshome.com\/pt\/wp-json\/wp\/v2\/media?parent=149"}],"wp:term":[{"taxonomy":"product_brand","embeddable":true,"href":"https:\/\/sculptureshome.com\/pt\/wp-json\/wp\/v2\/product_brand?post=149"},{"taxonomy":"product_cat","embeddable":true,"href":"https:\/\/sculptureshome.com\/pt\/wp-json\/wp\/v2\/product_cat?post=149"},{"taxonomy":"product_tag","embeddable":true,"href":"https:\/\/sculptureshome.com\/pt\/wp-json\/wp\/v2\/product_tag?post=149"}],"curies":[{"name":"wp","href":"https:\/\/api.w.org\/{rel}","templated":true}]}}