{"id":146,"date":"2024-01-15T07:04:17","date_gmt":"2024-01-15T07:04:17","guid":{"rendered":"https:\/\/sculptureshome.com\/?post_type=product&#038;p=146"},"modified":"2024-01-15T07:04:17","modified_gmt":"2024-01-15T07:04:17","slug":"figura-de-amantes-da-arte-escultura-de-resina-preta-minimalista-artesanato-decoracao-para-casa","status":"publish","type":"product","link":"https:\/\/sculptureshome.com\/pt\/product\/art-lovers-figure-sculpture-black-minimalist-resin-craft-home-decor\/","title":{"rendered":"Escultura de figura de amantes da arte Escultura de resina minimalista preta para decora\u00e7\u00e3o de casa"},"content":{"rendered":"<h4>Atributos espec\u00edficos do setor<\/h4>\n<div class=\"attribute-list\">\n<div class=\"attribute-item\">\n<div class=\"left\">Estilo de design<\/div>\n<div class=\"right\">Moderno<\/div>\n<\/div>\n<\/div>\n<h4>Outros atributos<\/h4>\n<div class=\"attribute-list\">\n<div class=\"attribute-item\">\n<div class=\"left\">Local de origem: Guangdong, China<\/div>\n<\/div>\n<div class=\"attribute-item\">\n<div class=\"left\">Tipo: Outra decora\u00e7\u00e3o para casa<\/div>\n<\/div>\n<div class=\"attribute-item\">\n<div class=\"left\">Nome da marca\uff1asculptureshome<\/div>\n<div class=\"right\">Material: Poliresina, Resina<\/div>\n<\/div>\n<div class=\"attribute-item\">\n<div class=\"left\">Tipo:Home decor, Decoration sculpture<\/div>\n<div>Aplica\u00e7\u00f5es: Casa, hotel, escrit\u00f3rio<\/div>\n<\/div>\n<div class=\"attribute-item\">\n<div class=\"right\">\n&nbsp;<\/p>\n<\/div>\n<\/div>\n<div class=\"attribute-item\">\n<div class=\"left\"><\/div>\n<div class=\"right\"><\/div>\n<\/div>\n<\/div>","protected":false},"excerpt":{"rendered":"<p>Atributos espec\u00edficos do setor Estilo de design Moderno Outros atributos Local de origem: Guangdong, China Tipo: Outra decora\u00e7\u00e3o para casa Nome da marca: sculptureshome Material: Poliresina, Resina Tipo: Decora\u00e7\u00e3o de casa, Escultura de decora\u00e7\u00e3o Aplica\u00e7\u00e3o: Casa, hotel, escrit\u00f3rio &nbsp;<\/p>","protected":false},"featured_media":147,"comment_status":"open","ping_status":"closed","template":"","meta":[],"product_brand":[],"product_cat":[20],"product_tag":[],"class_list":{"0":"post-146","1":"product","2":"type-product","3":"status-publish","4":"has-post-thumbnail","6":"product_cat-art-sculpture","8":"first","9":"instock","10":"shipping-taxable","11":"product-type-simple"},"_links":{"self":[{"href":"https:\/\/sculptureshome.com\/pt\/wp-json\/wp\/v2\/product\/146","targetHints":{"allow":["GET"]}}],"collection":[{"href":"https:\/\/sculptureshome.com\/pt\/wp-json\/wp\/v2\/product"}],"about":[{"href":"https:\/\/sculptureshome.com\/pt\/wp-json\/wp\/v2\/types\/product"}],"replies":[{"embeddable":true,"href":"https:\/\/sculptureshome.com\/pt\/wp-json\/wp\/v2\/comments?post=146"}],"version-history":[{"count":0,"href":"https:\/\/sculptureshome.com\/pt\/wp-json\/wp\/v2\/product\/146\/revisions"}],"wp:featuredmedia":[{"embeddable":true,"href":"https:\/\/sculptureshome.com\/pt\/wp-json\/wp\/v2\/media\/147"}],"wp:attachment":[{"href":"https:\/\/sculptureshome.com\/pt\/wp-json\/wp\/v2\/media?parent=146"}],"wp:term":[{"taxonomy":"product_brand","embeddable":true,"href":"https:\/\/sculptureshome.com\/pt\/wp-json\/wp\/v2\/product_brand?post=146"},{"taxonomy":"product_cat","embeddable":true,"href":"https:\/\/sculptureshome.com\/pt\/wp-json\/wp\/v2\/product_cat?post=146"},{"taxonomy":"product_tag","embeddable":true,"href":"https:\/\/sculptureshome.com\/pt\/wp-json\/wp\/v2\/product_tag?post=146"}],"curies":[{"name":"wp","href":"https:\/\/api.w.org\/{rel}","templated":true}]}}