{"id":1418,"date":"2024-05-10T01:12:18","date_gmt":"2024-05-10T01:12:18","guid":{"rendered":"https:\/\/sculptureshome.com\/product\/garden-patio-decoration-emmet-stone-ghost-protector-stone-ghost-gothic-sculpture-resin-crafts\/"},"modified":"2024-05-10T01:17:34","modified_gmt":"2024-05-10T01:17:34","slug":"decoracao-de-patio-de-jardim-pedra-emmet-protetor-de-fantasma-pedra-fantasma-escultura-gotica-artesanato-em-resina","status":"publish","type":"product","link":"https:\/\/sculptureshome.com\/pt\/product\/garden-patio-decoration-emmet-stone-ghost-protector-stone-ghost-gothic-sculpture-resin-crafts\/","title":{"rendered":"Decora\u00e7\u00e3o de p\u00e1tios e jardins Emmet Stone Ghost Protector"},"content":{"rendered":"<ul>\n<li><strong>Material : <\/strong> Resina, RESINA<\/li>\n<li><strong>Tipo de produto : <\/strong> Jardim<\/li>\n<li><strong>Estilo : <\/strong> Artificial<\/li>\n<li><strong>Use : <\/strong> Arte e colecion\u00e1veis<\/li>\n<li><strong>Tema : <\/strong> Arte<\/li>\n<li><strong>Recurso regional : <\/strong> em todo o mundo<\/li>\n<li><strong>Nome da marca : <\/strong>Casa de esculturas<\/li>\n<li><strong>Uso : <\/strong> Decora\u00e7\u00e3o de interiores<\/li>\n<li><strong>Cor : <\/strong> Cor personalizada<\/li>\n<li><strong>Tipo : <\/strong> Escultura de decora\u00e7\u00e3o para casa<\/li>\n<li><strong>MOQ : <\/strong> 8 PE\u00c7AS<\/li>\n<li><strong>Fun\u00e7\u00e3o : <\/strong> Escultura de mesa para decora\u00e7\u00e3o de casa<\/li>\n<li><strong>Forma : <\/strong> Forma personalizada<\/li>\n<li><strong>Design : <\/strong> Projetos personalizados<\/li>\n<li><strong>Vantagem : <\/strong> Alta qualidade<\/li>\n<\/ul>","protected":false},"excerpt":{"rendered":"<p>Material : Resin, RESIN Product Type : Garden Style : Artificial Use : Art &amp; Collectible Theme : Art Regional Feature : worldwide Brand Name : Sculptureshome Usage : Indoor Decoration Color : Customized Color Type : Home Decor Sculpture MOQ : 8PCS Function : Home Decor Table Sculpture Shape : Customized Shape Design : [&hellip;]<\/p>\n","protected":false},"featured_media":1417,"comment_status":"open","ping_status":"closed","template":"","meta":[],"product_brand":[],"product_cat":[43],"product_tag":[40,42],"class_list":{"0":"post-1418","1":"product","2":"type-product","3":"status-publish","4":"has-post-thumbnail","6":"product_cat-custom-stone-sculpture-maker","7":"product_tag-crafts","8":"product_tag-resin-crafts","10":"first","11":"instock","12":"shipping-taxable","13":"product-type-simple"},"_links":{"self":[{"href":"https:\/\/sculptureshome.com\/pt\/wp-json\/wp\/v2\/product\/1418","targetHints":{"allow":["GET"]}}],"collection":[{"href":"https:\/\/sculptureshome.com\/pt\/wp-json\/wp\/v2\/product"}],"about":[{"href":"https:\/\/sculptureshome.com\/pt\/wp-json\/wp\/v2\/types\/product"}],"replies":[{"embeddable":true,"href":"https:\/\/sculptureshome.com\/pt\/wp-json\/wp\/v2\/comments?post=1418"}],"version-history":[{"count":0,"href":"https:\/\/sculptureshome.com\/pt\/wp-json\/wp\/v2\/product\/1418\/revisions"}],"wp:featuredmedia":[{"embeddable":true,"href":"https:\/\/sculptureshome.com\/pt\/wp-json\/wp\/v2\/media\/1417"}],"wp:attachment":[{"href":"https:\/\/sculptureshome.com\/pt\/wp-json\/wp\/v2\/media?parent=1418"}],"wp:term":[{"taxonomy":"product_brand","embeddable":true,"href":"https:\/\/sculptureshome.com\/pt\/wp-json\/wp\/v2\/product_brand?post=1418"},{"taxonomy":"product_cat","embeddable":true,"href":"https:\/\/sculptureshome.com\/pt\/wp-json\/wp\/v2\/product_cat?post=1418"},{"taxonomy":"product_tag","embeddable":true,"href":"https:\/\/sculptureshome.com\/pt\/wp-json\/wp\/v2\/product_tag?post=1418"}],"curies":[{"name":"wp","href":"https:\/\/api.w.org\/{rel}","templated":true}]}}