{"id":1404,"date":"2024-05-10T01:10:58","date_gmt":"2024-05-10T01:10:58","guid":{"rendered":"https:\/\/sculptureshome.com\/product\/outdoor-stone-head-marble-busts-statue-life-size-head-sculpture\/"},"modified":"2024-05-10T01:46:11","modified_gmt":"2024-05-10T01:46:11","slug":"bustos-de-marmore-de-cabeca-de-pedra-ao-ar-livre-estatua-de-cabeca-em-tamanho-natural","status":"publish","type":"product","link":"https:\/\/sculptureshome.com\/pt\/product\/outdoor-stone-head-marble-busts-statue-life-size-head-sculpture\/","title":{"rendered":"Bustos de m\u00e1rmore de cabe\u00e7a de pedra ao ar livre, est\u00e1tua de cabe\u00e7a em tamanho natural"},"content":{"rendered":"<ul>\n<li><strong>Garantia : <\/strong> 3 anos<\/li>\n<li><strong>Servi\u00e7o p\u00f3s-venda : <\/strong> Instala\u00e7\u00e3o no local<\/li>\n<li><strong>Capacidade de solu\u00e7\u00e3o de projetos : <\/strong> design gr\u00e1fico<\/li>\n<li><strong>Aplica\u00e7\u00e3o : <\/strong> Ao ar livre<\/li>\n<li><strong>Estilo de design : <\/strong> EUROPEIA<\/li>\n<li><strong>Nome da marca : sculptureshome<\/strong><\/li>\n<li><strong>Estilo : <\/strong> Ocidental<\/li>\n<li><strong>Tipo : <\/strong> Marble Four Season<\/li>\n<li><strong>Cor : <\/strong> Branco puro ou personalizado<\/li>\n<li><strong>Material : <\/strong> 100% m\u00e1rmore natural<\/li>\n<li><strong>Tamanho : <\/strong> Personalizado<\/li>\n<li><strong>MOQ : <\/strong> 1 unidade<\/li>\n<li><strong>T\u00e9cnicas : <\/strong> Esculpido e polido \u00e0 m\u00e3o<\/li>\n<li><strong>Especial : <\/strong> Escultura muito detalhada<\/li>\n<li><strong>Design : <\/strong> Por nossa equipe (o design do cliente \u00e9 bem-vindo)<\/li>\n<li><strong>Embalagem : <\/strong> Caixa de madeira com forma de armazenamento em seu interior<\/li>\n<li><strong>Seguros : <\/strong> Cobrir todos os riscos<\/li>\n<\/ul>","protected":false},"excerpt":{"rendered":"<p>Warranty : 3 years After-sale Service : Onsite Installation Project Solution Capability : graphic design Application : Outdoor Design Style : EUROPEAN Brand Name : sculptureshome Style : Western Type : Marble Four Season Colour : Pure white or Customized Material : 100% natural marble Size : Customized MOQ : 1pc Technics : Hand carved [&hellip;]<\/p>\n","protected":false},"featured_media":1403,"comment_status":"open","ping_status":"closed","template":"","meta":[],"product_brand":[],"product_cat":[43],"product_tag":[46,44,45],"class_list":{"0":"post-1404","1":"product","2":"type-product","3":"status-publish","4":"has-post-thumbnail","6":"product_cat-custom-stone-sculpture-maker","7":"product_tag-statues","8":"product_tag-stone","9":"product_tag-stone-carvings-and-sculptures","11":"first","12":"instock","13":"shipping-taxable","14":"product-type-simple"},"_links":{"self":[{"href":"https:\/\/sculptureshome.com\/pt\/wp-json\/wp\/v2\/product\/1404","targetHints":{"allow":["GET"]}}],"collection":[{"href":"https:\/\/sculptureshome.com\/pt\/wp-json\/wp\/v2\/product"}],"about":[{"href":"https:\/\/sculptureshome.com\/pt\/wp-json\/wp\/v2\/types\/product"}],"replies":[{"embeddable":true,"href":"https:\/\/sculptureshome.com\/pt\/wp-json\/wp\/v2\/comments?post=1404"}],"version-history":[{"count":0,"href":"https:\/\/sculptureshome.com\/pt\/wp-json\/wp\/v2\/product\/1404\/revisions"}],"wp:featuredmedia":[{"embeddable":true,"href":"https:\/\/sculptureshome.com\/pt\/wp-json\/wp\/v2\/media\/1403"}],"wp:attachment":[{"href":"https:\/\/sculptureshome.com\/pt\/wp-json\/wp\/v2\/media?parent=1404"}],"wp:term":[{"taxonomy":"product_brand","embeddable":true,"href":"https:\/\/sculptureshome.com\/pt\/wp-json\/wp\/v2\/product_brand?post=1404"},{"taxonomy":"product_cat","embeddable":true,"href":"https:\/\/sculptureshome.com\/pt\/wp-json\/wp\/v2\/product_cat?post=1404"},{"taxonomy":"product_tag","embeddable":true,"href":"https:\/\/sculptureshome.com\/pt\/wp-json\/wp\/v2\/product_tag?post=1404"}],"curies":[{"name":"wp","href":"https:\/\/api.w.org\/{rel}","templated":true}]}}