{"id":1395,"date":"2024-05-10T01:06:50","date_gmt":"2024-05-10T01:06:50","guid":{"rendered":"https:\/\/sculptureshome.com\/product\/modern-interior-living-room-wall-decoration-stone-relief-angel-statues-hand-carved-marble-angel-wall-sculpture\/"},"modified":"2024-05-10T01:36:31","modified_gmt":"2024-05-10T01:36:31","slug":"decoracao-moderna-da-parede-da-sala-de-estar-decoracao-de-parede-de-pedra-estatuas-de-anjo-em-relevo-esculpidas-a-mao-em-marmore-escultura-de-parede-de-anjo","status":"publish","type":"product","link":"https:\/\/sculptureshome.com\/pt\/product\/modern-interior-living-room-wall-decoration-stone-relief-angel-statues-hand-carved-marble-angel-wall-sculpture\/","title":{"rendered":"Decora\u00e7\u00e3o moderna de paredes internas de salas de estar com relevo de pedra"},"content":{"rendered":"<ul>\n<li><strong>Garantia : <\/strong> Mais de 5 anos<\/li>\n<li><strong>Servi\u00e7o p\u00f3s-venda : <\/strong> Suporte t\u00e9cnico on-line, pe\u00e7as de reposi\u00e7\u00e3o gratuitas<\/li>\n<li><strong>Capacidade de solu\u00e7\u00e3o de projetos : <\/strong> design gr\u00e1fico, design de modelos 3D, solu\u00e7\u00e3o total para projetos<\/li>\n<li><strong>Aplica\u00e7\u00e3o : <\/strong> Hotel, Casa Restaurante Hotel Bar Villa<\/li>\n<li><strong>Estilo de design : <\/strong> Moderno<\/li>\n<li><strong>Nome da marca : Sculptureshome<\/strong><\/li>\n<li><strong>N\u00famero do modelo : <\/strong> CN20-81204<\/li>\n<li><strong>Nome do produto : <\/strong> Escultura de m\u00e1rmore em relevo na parede<\/li>\n<li><strong>Material : <\/strong> Granito\/m\u00e1rmore\/pedra<\/li>\n<li><strong>Cor : <\/strong> branco\/bege\/preto<\/li>\n<li><strong>Uso : <\/strong> Externo\/fam\u00edlia\/jardim\/parque...<\/li>\n<li><strong>Tamanho : <\/strong> Tamanho personalizado<\/li>\n<li><strong>Estilo : <\/strong> Europeu<\/li>\n<li><strong>Embalagem : <\/strong> Caixa de madeira resistente<\/li>\n<li><strong>t\u00e9cnica : <\/strong> esculpido \u00e0 m\u00e3o<\/li>\n<li><strong>MOQ : <\/strong> 1 pe\u00e7a<\/li>\n<\/ul>","protected":false},"excerpt":{"rendered":"<p>Warranty : More than 5 years After-sale Service : Online technical support, Free spare parts Project Solution Capability : graphic design, 3D model design, total solution for projects Application : Hotel, Home Resturant Hotel Bar Villa Design Style : Modern Brand Name : Sculptureshome Model Number : CN20-81204 Product Name : marble wall relief sculpture [&hellip;]<\/p>\n","protected":false},"featured_media":1394,"comment_status":"open","ping_status":"closed","template":"","meta":[],"product_brand":[],"product_cat":[43],"product_tag":[44,45,47],"class_list":{"0":"post-1395","1":"product","2":"type-product","3":"status-publish","4":"has-post-thumbnail","6":"product_cat-custom-stone-sculpture-maker","7":"product_tag-stone","8":"product_tag-stone-carvings-and-sculptures","9":"product_tag-stone-reliefs","11":"first","12":"instock","13":"shipping-taxable","14":"product-type-simple"},"_links":{"self":[{"href":"https:\/\/sculptureshome.com\/pt\/wp-json\/wp\/v2\/product\/1395","targetHints":{"allow":["GET"]}}],"collection":[{"href":"https:\/\/sculptureshome.com\/pt\/wp-json\/wp\/v2\/product"}],"about":[{"href":"https:\/\/sculptureshome.com\/pt\/wp-json\/wp\/v2\/types\/product"}],"replies":[{"embeddable":true,"href":"https:\/\/sculptureshome.com\/pt\/wp-json\/wp\/v2\/comments?post=1395"}],"version-history":[{"count":0,"href":"https:\/\/sculptureshome.com\/pt\/wp-json\/wp\/v2\/product\/1395\/revisions"}],"wp:featuredmedia":[{"embeddable":true,"href":"https:\/\/sculptureshome.com\/pt\/wp-json\/wp\/v2\/media\/1394"}],"wp:attachment":[{"href":"https:\/\/sculptureshome.com\/pt\/wp-json\/wp\/v2\/media?parent=1395"}],"wp:term":[{"taxonomy":"product_brand","embeddable":true,"href":"https:\/\/sculptureshome.com\/pt\/wp-json\/wp\/v2\/product_brand?post=1395"},{"taxonomy":"product_cat","embeddable":true,"href":"https:\/\/sculptureshome.com\/pt\/wp-json\/wp\/v2\/product_cat?post=1395"},{"taxonomy":"product_tag","embeddable":true,"href":"https:\/\/sculptureshome.com\/pt\/wp-json\/wp\/v2\/product_tag?post=1395"}],"curies":[{"name":"wp","href":"https:\/\/api.w.org\/{rel}","templated":true}]}}