{"id":1389,"date":"2024-05-10T01:06:16","date_gmt":"2024-05-10T01:06:16","guid":{"rendered":"https:\/\/sculptureshome.com\/product\/european-western-indoor-outdoor-hotel-gardens-life-size-sexy-women-statues-stone-marble-naked-woman-statue\/"},"modified":"2024-05-10T01:38:49","modified_gmt":"2024-05-10T01:38:49","slug":"estatuas-de-mulheres-sensuais-em-tamanho-natural-estatuas-de-mulheres-nuas-em-marmore-e-pedra","status":"publish","type":"product","link":"https:\/\/sculptureshome.com\/pt\/product\/european-western-indoor-outdoor-hotel-gardens-life-size-sexy-women-statues-stone-marble-naked-woman-statue\/","title":{"rendered":"European WesternHotel Gardens Est\u00e1tuas de pedra de mulheres sensuais em tamanho natural"},"content":{"rendered":"<ul>\n<li><strong>Garantia : <\/strong> 1 ano<\/li>\n<li><strong>Servi\u00e7o p\u00f3s-venda : <\/strong> Suporte t\u00e9cnico on-line, instala\u00e7\u00e3o no local, treinamento no local, inspe\u00e7\u00e3o no local<\/li>\n<li><strong>Capacidade de solu\u00e7\u00e3o de projetos : <\/strong> Projeto de modelo 3D<\/li>\n<li><strong>Aplica\u00e7\u00e3o : <\/strong> Jardim externo<\/li>\n<li><strong>Estilo de design : <\/strong> Moderno<\/li>\n<li><strong>Local de origem : <\/strong> China<\/li>\n<li><strong>Nome da marca : Sculptureshome<\/strong><\/li>\n<li><strong>Material : <\/strong> M\u00e1rmore natural<\/li>\n<li><strong>Uso : <\/strong> Ditadura de jardim<\/li>\n<li><strong>Tamanho : <\/strong> Tamanho personalizado<\/li>\n<li><strong>Cor : <\/strong> Cor personalizada<\/li>\n<li><strong>T\u00e9cnica : <\/strong> 100% Esculpido \u00e0 m\u00e3o<\/li>\n<li><strong>Tipo : <\/strong> Escultura para decora\u00e7\u00e3o de interiores<\/li>\n<li><strong>Nome do produto : <\/strong> Est\u00e1tua de m\u00e1rmore<\/li>\n<li><strong>Estilo : <\/strong> Natural Moderno<\/li>\n<\/ul>","protected":false},"excerpt":{"rendered":"<p>Warranty : 1 Year After-sale Service : Online technical support, Onsite Installation, Onsite Training, Onsite Inspection Project Solution Capability : 3D model design Application : Outdoor Garden Design Style : Modern Place of Origin : China Brand Name : Sculptureshome Material : Natural Marble Usage : Garden Dctoration Size : Customized Size Color : Customized [&hellip;]<\/p>\n","protected":false},"featured_media":1388,"comment_status":"open","ping_status":"closed","template":"","meta":[],"product_brand":[],"product_cat":[43],"product_tag":[46,44,45],"class_list":{"0":"post-1389","1":"product","2":"type-product","3":"status-publish","4":"has-post-thumbnail","6":"product_cat-custom-stone-sculpture-maker","7":"product_tag-statues","8":"product_tag-stone","9":"product_tag-stone-carvings-and-sculptures","11":"first","12":"instock","13":"shipping-taxable","14":"product-type-simple"},"_links":{"self":[{"href":"https:\/\/sculptureshome.com\/pt\/wp-json\/wp\/v2\/product\/1389","targetHints":{"allow":["GET"]}}],"collection":[{"href":"https:\/\/sculptureshome.com\/pt\/wp-json\/wp\/v2\/product"}],"about":[{"href":"https:\/\/sculptureshome.com\/pt\/wp-json\/wp\/v2\/types\/product"}],"replies":[{"embeddable":true,"href":"https:\/\/sculptureshome.com\/pt\/wp-json\/wp\/v2\/comments?post=1389"}],"version-history":[{"count":0,"href":"https:\/\/sculptureshome.com\/pt\/wp-json\/wp\/v2\/product\/1389\/revisions"}],"wp:featuredmedia":[{"embeddable":true,"href":"https:\/\/sculptureshome.com\/pt\/wp-json\/wp\/v2\/media\/1388"}],"wp:attachment":[{"href":"https:\/\/sculptureshome.com\/pt\/wp-json\/wp\/v2\/media?parent=1389"}],"wp:term":[{"taxonomy":"product_brand","embeddable":true,"href":"https:\/\/sculptureshome.com\/pt\/wp-json\/wp\/v2\/product_brand?post=1389"},{"taxonomy":"product_cat","embeddable":true,"href":"https:\/\/sculptureshome.com\/pt\/wp-json\/wp\/v2\/product_cat?post=1389"},{"taxonomy":"product_tag","embeddable":true,"href":"https:\/\/sculptureshome.com\/pt\/wp-json\/wp\/v2\/product_tag?post=1389"}],"curies":[{"name":"wp","href":"https:\/\/api.w.org\/{rel}","templated":true}]}}