{"id":1372,"date":"2024-05-10T01:02:58","date_gmt":"2024-05-10T01:02:58","guid":{"rendered":"https:\/\/sculptureshome.com\/product\/wholesale-custom-hand-carved-modern-art-natural-stone-headstone-life-size-white-marble-female-angel-tombstone\/"},"modified":"2024-05-10T01:44:00","modified_gmt":"2024-05-10T01:44:00","slug":"lapide-de-pedra-natural-de-marmore-branco-em-tamanho-natural-esculpida-a-mao-e-personalizada-no-atacado","status":"publish","type":"product","link":"https:\/\/sculptureshome.com\/pt\/product\/wholesale-custom-hand-carved-modern-art-natural-stone-headstone-life-size-white-marble-female-angel-tombstone\/","title":{"rendered":"Pedra natural de arte moderna esculpida \u00e0 m\u00e3o e personalizada no atacado"},"content":{"rendered":"<ul>\n<li><strong>Garantia : <\/strong> Mais de 5 anos<\/li>\n<li><strong>Servi\u00e7o p\u00f3s-venda : <\/strong> Suporte t\u00e9cnico on-line, Outro<\/li>\n<li><strong>Capacidade de solu\u00e7\u00e3o de projetos : <\/strong> design gr\u00e1fico, design de modelos 3D, solu\u00e7\u00e3o total para projetos, Outros<\/li>\n<li><strong>Aplica\u00e7\u00e3o : <\/strong> Ao ar livre<\/li>\n<li><strong>Estilo de design : <\/strong> EUROPEIA<\/li>\n<li><strong>Local de origem : <\/strong> Hebei, China<\/li>\n<li><strong>Nome da marca : Sculptureshome<\/strong><\/li>\n<li><strong>N\u00famero do modelo : <\/strong> MS-017<\/li>\n<li><strong>Estilo : <\/strong> Ocidental, projetado<\/li>\n<li><strong>Nome do produto : <\/strong> Cemit\u00e9rio de Marble<\/li>\n<li><strong>Material : <\/strong> M\u00e1rmore<\/li>\n<li><strong>Recurso : <\/strong> Modelo<\/li>\n<li><strong>Uso : <\/strong> Decora\u00e7\u00e3o<\/li>\n<li><strong>Cor : <\/strong> Como imagem<\/li>\n<li><strong>Tamanho : <\/strong> Personalizado<\/li>\n<li><strong>Design : <\/strong> Conforme sua necessidade<\/li>\n<li><strong>MOQ : <\/strong> 1 pe\u00e7a<\/li>\n<li><strong>T\u00e9cnica : <\/strong> Pintura<\/li>\n<\/ul>","protected":false},"excerpt":{"rendered":"<p>Warranty : More than 5 years After-sale Service : Online technical support, Other Project Solution Capability : graphic design, 3D model design, total solution for projects, Others Application : Outdoor Design Style : EUROPEAN Place of Origin : Hebei, China Brand Name : Sculptureshome Model Number : MS-017 Style : Western, Designed Product name : [&hellip;]<\/p>\n","protected":false},"featured_media":1371,"comment_status":"open","ping_status":"closed","template":"","meta":[],"product_brand":[],"product_cat":[43],"product_tag":[46,44,45],"class_list":{"0":"post-1372","1":"product","2":"type-product","3":"status-publish","4":"has-post-thumbnail","6":"product_cat-custom-stone-sculpture-maker","7":"product_tag-statues","8":"product_tag-stone","9":"product_tag-stone-carvings-and-sculptures","11":"first","12":"instock","13":"shipping-taxable","14":"product-type-simple"},"_links":{"self":[{"href":"https:\/\/sculptureshome.com\/pt\/wp-json\/wp\/v2\/product\/1372","targetHints":{"allow":["GET"]}}],"collection":[{"href":"https:\/\/sculptureshome.com\/pt\/wp-json\/wp\/v2\/product"}],"about":[{"href":"https:\/\/sculptureshome.com\/pt\/wp-json\/wp\/v2\/types\/product"}],"replies":[{"embeddable":true,"href":"https:\/\/sculptureshome.com\/pt\/wp-json\/wp\/v2\/comments?post=1372"}],"version-history":[{"count":0,"href":"https:\/\/sculptureshome.com\/pt\/wp-json\/wp\/v2\/product\/1372\/revisions"}],"wp:featuredmedia":[{"embeddable":true,"href":"https:\/\/sculptureshome.com\/pt\/wp-json\/wp\/v2\/media\/1371"}],"wp:attachment":[{"href":"https:\/\/sculptureshome.com\/pt\/wp-json\/wp\/v2\/media?parent=1372"}],"wp:term":[{"taxonomy":"product_brand","embeddable":true,"href":"https:\/\/sculptureshome.com\/pt\/wp-json\/wp\/v2\/product_brand?post=1372"},{"taxonomy":"product_cat","embeddable":true,"href":"https:\/\/sculptureshome.com\/pt\/wp-json\/wp\/v2\/product_cat?post=1372"},{"taxonomy":"product_tag","embeddable":true,"href":"https:\/\/sculptureshome.com\/pt\/wp-json\/wp\/v2\/product_tag?post=1372"}],"curies":[{"name":"wp","href":"https:\/\/api.w.org\/{rel}","templated":true}]}}