{"id":1364,"date":"2024-05-10T01:01:29","date_gmt":"2024-05-10T01:01:29","guid":{"rendered":"https:\/\/sculptureshome.com\/product\/outdoor-life-size-natural-stone-white-marble-naked-thinking-man-statue-sculpture\/"},"modified":"2024-05-10T01:48:20","modified_gmt":"2024-05-10T01:48:20","slug":"estatua-de-homem-pensante-nu-em-marmore-branco-de-pedra-natural-em-tamanho-natural-para-ambientes-externos","status":"publish","type":"product","link":"https:\/\/sculptureshome.com\/pt\/product\/outdoor-life-size-natural-stone-white-marble-naked-thinking-man-statue-sculpture\/","title":{"rendered":"Est\u00e1tua de m\u00e1rmore branco de pedra natural em tamanho natural ao ar livre do homem pensante nu"},"content":{"rendered":"<ul>\n<li><strong>Garantia : <\/strong> 1 ano<\/li>\n<li><strong>Servi\u00e7o p\u00f3s-venda : <\/strong> Devolu\u00e7\u00e3o e substitui\u00e7\u00e3o<\/li>\n<li><strong>Capacidade de solu\u00e7\u00e3o de projetos : <\/strong> design gr\u00e1fico<\/li>\n<li><strong>Aplica\u00e7\u00e3o : <\/strong> Parque<\/li>\n<li><strong>Estilo de design : <\/strong> Moderno<\/li>\n<li><strong>Nome da marca : Sculptureshome<\/strong><\/li>\n<li><strong>N\u00famero do modelo : <\/strong> MS5115 Esculturas grandes<\/li>\n<li><strong>Estilo : <\/strong> Natural<\/li>\n<li><strong>Tipo : <\/strong> Est\u00e1tuas<\/li>\n<li><strong>Material : <\/strong> M\u00e1rmore branco<\/li>\n<li><strong>Superf\u00edcie : <\/strong> Escultura manual<\/li>\n<li><strong>Estilos : <\/strong> Ocidental<\/li>\n<li><strong>Servi\u00e7o : <\/strong> Pode fornecer um projeto individualizado<\/li>\n<li><strong>Cor : <\/strong> branco<\/li>\n<li><strong>Transporte : <\/strong> Por mar<\/li>\n<li><strong>Prazo de entrega : <\/strong> 15 dias<\/li>\n<li><strong>MOQ : <\/strong> 1 conjunto<\/li>\n<li><strong>Modelo de argila : <\/strong> Dispon\u00edvel se necess\u00e1rio<\/li>\n<\/ul>","protected":false},"excerpt":{"rendered":"<p>Warranty : 1 Year After-sale Service : Return and Replacement Project Solution Capability : graphic design Application : Park Design Style : Modern Brand Name : Sculptureshome Model Number : MS5115 Large sculptures Style : Natural Type : Statues Material : White Marble Surface : Hand-carving Styles : Western Service : Can provide individualized design [&hellip;]<\/p>\n","protected":false},"featured_media":1363,"comment_status":"open","ping_status":"closed","template":"","meta":[],"product_brand":[],"product_cat":[24,43],"product_tag":[46,44,45],"class_list":{"0":"post-1364","1":"product","2":"type-product","3":"status-publish","4":"has-post-thumbnail","6":"product_cat-human-statue","7":"product_cat-custom-stone-sculpture-maker","8":"product_tag-statues","9":"product_tag-stone","10":"product_tag-stone-carvings-and-sculptures","12":"first","13":"instock","14":"shipping-taxable","15":"product-type-simple"},"_links":{"self":[{"href":"https:\/\/sculptureshome.com\/pt\/wp-json\/wp\/v2\/product\/1364","targetHints":{"allow":["GET"]}}],"collection":[{"href":"https:\/\/sculptureshome.com\/pt\/wp-json\/wp\/v2\/product"}],"about":[{"href":"https:\/\/sculptureshome.com\/pt\/wp-json\/wp\/v2\/types\/product"}],"replies":[{"embeddable":true,"href":"https:\/\/sculptureshome.com\/pt\/wp-json\/wp\/v2\/comments?post=1364"}],"version-history":[{"count":0,"href":"https:\/\/sculptureshome.com\/pt\/wp-json\/wp\/v2\/product\/1364\/revisions"}],"wp:featuredmedia":[{"embeddable":true,"href":"https:\/\/sculptureshome.com\/pt\/wp-json\/wp\/v2\/media\/1363"}],"wp:attachment":[{"href":"https:\/\/sculptureshome.com\/pt\/wp-json\/wp\/v2\/media?parent=1364"}],"wp:term":[{"taxonomy":"product_brand","embeddable":true,"href":"https:\/\/sculptureshome.com\/pt\/wp-json\/wp\/v2\/product_brand?post=1364"},{"taxonomy":"product_cat","embeddable":true,"href":"https:\/\/sculptureshome.com\/pt\/wp-json\/wp\/v2\/product_cat?post=1364"},{"taxonomy":"product_tag","embeddable":true,"href":"https:\/\/sculptureshome.com\/pt\/wp-json\/wp\/v2\/product_tag?post=1364"}],"curies":[{"name":"wp","href":"https:\/\/api.w.org\/{rel}","templated":true}]}}