{"id":134,"date":"2024-01-15T06:53:08","date_gmt":"2024-01-15T06:53:08","guid":{"rendered":"https:\/\/sculptureshome.com\/?post_type=product&#038;p=134"},"modified":"2024-02-10T06:29:07","modified_gmt":"2024-02-10T06:29:07","slug":"cao-de-resina-pop-art-3d-brilhante-e-colorido-personalizado","status":"publish","type":"product","link":"https:\/\/sculptureshome.com\/pt\/product\/custom-color-shinny-glossy-3d-pop-art-resin-dog\/","title":{"rendered":"Cachorro de resina pop art 3D brilhante e colorido personalizado"},"content":{"rendered":"<h4>Atributos espec\u00edficos do setor<\/h4>\n<div class=\"attribute-list\">\n<div class=\"attribute-item\">\n<div class=\"left\">Tipo de produto: ESCULTURA<\/div>\n<\/div>\n<div class=\"attribute-item\">\n<div class=\"left\">Tema: Outros<\/div>\n<div class=\"right\">\n<h4>Outros atributos<\/h4>\n<\/div>\n<\/div>\n<\/div>\n<div class=\"attribute-list\">\n<div class=\"attribute-item\">\n<div class=\"left\">Local de origem: Shenzhen, China<\/div>\n<\/div>\n<div class=\"attribute-item\">\n<div class=\"left\">Material: Resina<\/div>\n<div class=\"right\">Estilo: Arte popular<\/div>\n<div>Uso: Decora\u00e7\u00e3o de casa<\/div>\n<\/div>\n<div class=\"attribute-item\">\n<div class=\"left\">Nome da marca: sculptureshome<\/div>\n<\/div>\n<div class=\"attribute-item\">\n<div class=\"left\">Item: Cachorro POP art Escultura em resina<\/div>\n<div>Tamanho: 23\u00d79,5x22cm<\/div>\n<\/div>\n<div class=\"attribute-item\">\n<div class=\"left\">Artesanato\uff1aAlto brilho<\/div>\n<\/div>\n<div class=\"attribute-item\">\n<div class=\"left\">Material: Resina<\/div>\n<div class=\"right\" data-spm-anchor-id=\"a2700.details.0.i84.793419fcsQLuKQ\"><\/div>\n<\/div>\n<\/div>","protected":false},"excerpt":{"rendered":"<p>Atributos espec\u00edficos do setor Tipo de produto: ESCULTURA Tema: Outros Outros atributos Local de origem: Shenzhen, China Material: Resina Estilo: Arte popular Uso: Decora\u00e7\u00e3o de casa Nome da marca: sculptureshome Item: Escultura de resina de cachorro de arte POP Tamanho: 23 \u00d7 9,5x22cm Artesanato: Material de alto brilho: Resina<\/p>","protected":false},"featured_media":141,"comment_status":"open","ping_status":"closed","template":"","meta":[],"product_brand":[],"product_cat":[20,28],"product_tag":[],"class_list":{"0":"post-134","1":"product","2":"type-product","3":"status-publish","4":"has-post-thumbnail","6":"product_cat-art-sculpture","7":"product_cat-resin-sculpture","9":"first","10":"instock","11":"shipping-taxable","12":"product-type-simple"},"_links":{"self":[{"href":"https:\/\/sculptureshome.com\/pt\/wp-json\/wp\/v2\/product\/134","targetHints":{"allow":["GET"]}}],"collection":[{"href":"https:\/\/sculptureshome.com\/pt\/wp-json\/wp\/v2\/product"}],"about":[{"href":"https:\/\/sculptureshome.com\/pt\/wp-json\/wp\/v2\/types\/product"}],"replies":[{"embeddable":true,"href":"https:\/\/sculptureshome.com\/pt\/wp-json\/wp\/v2\/comments?post=134"}],"version-history":[{"count":0,"href":"https:\/\/sculptureshome.com\/pt\/wp-json\/wp\/v2\/product\/134\/revisions"}],"wp:featuredmedia":[{"embeddable":true,"href":"https:\/\/sculptureshome.com\/pt\/wp-json\/wp\/v2\/media\/141"}],"wp:attachment":[{"href":"https:\/\/sculptureshome.com\/pt\/wp-json\/wp\/v2\/media?parent=134"}],"wp:term":[{"taxonomy":"product_brand","embeddable":true,"href":"https:\/\/sculptureshome.com\/pt\/wp-json\/wp\/v2\/product_brand?post=134"},{"taxonomy":"product_cat","embeddable":true,"href":"https:\/\/sculptureshome.com\/pt\/wp-json\/wp\/v2\/product_cat?post=134"},{"taxonomy":"product_tag","embeddable":true,"href":"https:\/\/sculptureshome.com\/pt\/wp-json\/wp\/v2\/product_tag?post=134"}],"curies":[{"name":"wp","href":"https:\/\/api.w.org\/{rel}","templated":true}]}}