{"id":1306,"date":"2024-05-09T07:14:15","date_gmt":"2024-05-09T07:14:15","guid":{"rendered":"https:\/\/sculptureshome.com\/product\/famous-outdoor-decoration-bronze-wall-street-bull-sculpture-bronze-bull-statue\/"},"modified":"2025-05-25T02:44:30","modified_gmt":"2025-05-25T02:44:30","slug":"famosa-decoracao-externa-parede-de-bronze-escultura-de-touro-de-rua-estatua-de-touro-de-bronze","status":"publish","type":"product","link":"https:\/\/sculptureshome.com\/pt\/product\/famous-outdoor-decoration-bronze-wall-street-bull-sculpture-bronze-bull-statue\/","title":{"rendered":"Famosa decora\u00e7\u00e3o externa Bronze Wall Street Bull Sculpture Bronze Bull Statue"},"content":{"rendered":"<ul>\n<li><strong>Material: Bronze<\/strong><\/li>\n<li><strong>Tipo de produto : <\/strong> ESCULTURA<\/li>\n<li><strong>Estilo : <\/strong> Artificial, Luxo<\/li>\n<li><strong>Use : <\/strong> Arte e colecion\u00e1veis<\/li>\n<li><strong>Tema : <\/strong> Animal<\/li>\n<li><strong>Recurso regional : <\/strong> Europa<\/li>\n<li><strong>Local de origem : <\/strong> Hebei, China<\/li>\n<li><strong>Nome da marca : <\/strong>esculturascasa<\/li>\n<li><strong>N\u00famero do modelo : <\/strong> Escultura de touro de Wall Street<\/li>\n<\/ul>","protected":false},"excerpt":{"rendered":"<p>Material : Bronze Tipo de produto : ESCULTURA Estilo : Artificial, Luxo Uso : Arte e colecion\u00e1veis Tema : Animal Caracter\u00edstica regional : Europa Local de origem : Hebei, China Nome da marca : sculptureshome N\u00famero do modelo : Wall Street Bull Sculpture<\/p>","protected":false},"featured_media":1305,"comment_status":"open","ping_status":"closed","template":"","meta":[],"product_brand":[],"product_cat":[28],"product_tag":[40,42],"class_list":{"0":"post-1306","1":"product","2":"type-product","3":"status-publish","4":"has-post-thumbnail","6":"product_cat-resin-sculpture","7":"product_tag-crafts","8":"product_tag-resin-crafts","10":"first","11":"instock","12":"shipping-taxable","13":"product-type-simple"},"_links":{"self":[{"href":"https:\/\/sculptureshome.com\/pt\/wp-json\/wp\/v2\/product\/1306","targetHints":{"allow":["GET"]}}],"collection":[{"href":"https:\/\/sculptureshome.com\/pt\/wp-json\/wp\/v2\/product"}],"about":[{"href":"https:\/\/sculptureshome.com\/pt\/wp-json\/wp\/v2\/types\/product"}],"replies":[{"embeddable":true,"href":"https:\/\/sculptureshome.com\/pt\/wp-json\/wp\/v2\/comments?post=1306"}],"version-history":[{"count":0,"href":"https:\/\/sculptureshome.com\/pt\/wp-json\/wp\/v2\/product\/1306\/revisions"}],"wp:featuredmedia":[{"embeddable":true,"href":"https:\/\/sculptureshome.com\/pt\/wp-json\/wp\/v2\/media\/1305"}],"wp:attachment":[{"href":"https:\/\/sculptureshome.com\/pt\/wp-json\/wp\/v2\/media?parent=1306"}],"wp:term":[{"taxonomy":"product_brand","embeddable":true,"href":"https:\/\/sculptureshome.com\/pt\/wp-json\/wp\/v2\/product_brand?post=1306"},{"taxonomy":"product_cat","embeddable":true,"href":"https:\/\/sculptureshome.com\/pt\/wp-json\/wp\/v2\/product_cat?post=1306"},{"taxonomy":"product_tag","embeddable":true,"href":"https:\/\/sculptureshome.com\/pt\/wp-json\/wp\/v2\/product_tag?post=1306"}],"curies":[{"name":"wp","href":"https:\/\/api.w.org\/{rel}","templated":true}]}}