{"id":1297,"date":"2024-05-09T07:12:44","date_gmt":"2024-05-09T07:12:44","guid":{"rendered":"https:\/\/sculptureshome.com\/product\/customizable-copper-sculptures-of-strong-girls-in-the-wind-human-body-art-indoor-and-outdoor-display-creative-ornaments\/"},"modified":"2024-05-09T08:07:51","modified_gmt":"2024-05-09T08:07:51","slug":"esculturas-de-cobre-personalizaveis-de-meninas-fortes-ao-vento-arte-corporal-humana-ornamentos-criativos-para-exibicao-em-ambientes-internos-e-externos","status":"publish","type":"product","link":"https:\/\/sculptureshome.com\/pt\/product\/customizable-copper-sculptures-of-strong-girls-in-the-wind-human-body-art-indoor-and-outdoor-display-creative-ornaments\/","title":{"rendered":"Esculturas de cobre personaliz\u00e1veis de meninas fortes ao vento"},"content":{"rendered":"<ul>\n<li><strong>Material : <\/strong> Metal<\/li>\n<li><strong>Impress\u00e3o : <\/strong> Impress\u00e3o em tipografia, impress\u00e3o em rotogravura, impress\u00e3o em tela de seda, impress\u00e3o digital, impress\u00e3o em offset, impress\u00e3o em relevo<\/li>\n<li><strong>M\u00e9todo de impress\u00e3o : <\/strong> 1 cor, 2 cores, 4 cores, 5 cores, 6 cores<\/li>\n<li><strong>Tipo : <\/strong> Bronze<\/li>\n<li><strong>Tipo de produto : <\/strong> M\u00fasico<\/li>\n<li><strong>T\u00e9cnica : <\/strong> Fundi\u00e7\u00e3o<\/li>\n<li><strong>Estilo : <\/strong> Estilo moderno, luxo<\/li>\n<li><strong>Use : <\/strong> Arte e colecion\u00e1veis<\/li>\n<li><strong>Tema : <\/strong> Escultura de figuras art\u00edsticas<\/li>\n<li><strong>Recurso regional : <\/strong> Europa<\/li>\n<li><strong>N\u00famero do modelo : <\/strong> Escultura de cobre arte corporal humana<\/li>\n<\/ul>","protected":false},"excerpt":{"rendered":"<p>Material : Metal Printing : Letterpress printing, Gravure printing, Silk screen printing, Digital printing, Offset printing, Embossing printing Print Method : 1 color, 2 color, 4 color, 5 color, 6 color Type : Bronze Product Type : Musician Technique : Casting Style : Modern style, Luxury Use : Art &amp; Collectible Theme : Sculpture of [&hellip;]<\/p>\n","protected":false},"featured_media":1296,"comment_status":"open","ping_status":"closed","template":"","meta":[],"product_brand":[],"product_cat":[39],"product_tag":[40,41],"class_list":{"0":"post-1297","1":"product","2":"type-product","3":"status-publish","4":"has-post-thumbnail","6":"product_cat-custom-bronze-sculpture-maker","7":"product_tag-crafts","8":"product_tag-metal-crafts","10":"first","11":"instock","12":"shipping-taxable","13":"product-type-simple"},"_links":{"self":[{"href":"https:\/\/sculptureshome.com\/pt\/wp-json\/wp\/v2\/product\/1297","targetHints":{"allow":["GET"]}}],"collection":[{"href":"https:\/\/sculptureshome.com\/pt\/wp-json\/wp\/v2\/product"}],"about":[{"href":"https:\/\/sculptureshome.com\/pt\/wp-json\/wp\/v2\/types\/product"}],"replies":[{"embeddable":true,"href":"https:\/\/sculptureshome.com\/pt\/wp-json\/wp\/v2\/comments?post=1297"}],"version-history":[{"count":0,"href":"https:\/\/sculptureshome.com\/pt\/wp-json\/wp\/v2\/product\/1297\/revisions"}],"wp:featuredmedia":[{"embeddable":true,"href":"https:\/\/sculptureshome.com\/pt\/wp-json\/wp\/v2\/media\/1296"}],"wp:attachment":[{"href":"https:\/\/sculptureshome.com\/pt\/wp-json\/wp\/v2\/media?parent=1297"}],"wp:term":[{"taxonomy":"product_brand","embeddable":true,"href":"https:\/\/sculptureshome.com\/pt\/wp-json\/wp\/v2\/product_brand?post=1297"},{"taxonomy":"product_cat","embeddable":true,"href":"https:\/\/sculptureshome.com\/pt\/wp-json\/wp\/v2\/product_cat?post=1297"},{"taxonomy":"product_tag","embeddable":true,"href":"https:\/\/sculptureshome.com\/pt\/wp-json\/wp\/v2\/product_tag?post=1297"}],"curies":[{"name":"wp","href":"https:\/\/api.w.org\/{rel}","templated":true}]}}