{"id":1279,"date":"2024-05-09T07:05:06","date_gmt":"2024-05-09T07:05:06","guid":{"rendered":"https:\/\/sculptureshome.com\/product\/customized-bronze-figure-statue-decoration-justice-goddess-statue-outdoor-landscape-decoration\/"},"modified":"2024-05-09T08:16:44","modified_gmt":"2024-05-09T08:16:44","slug":"decoracao-de-estatua-de-bronze-personalizada-estatua-da-deusa-da-justica-decoracao-de-paisagem-externa","status":"publish","type":"product","link":"https:\/\/sculptureshome.com\/pt\/product\/customized-bronze-figure-statue-decoration-justice-goddess-statue-outdoor-landscape-decoration\/","title":{"rendered":"Decora\u00e7\u00e3o personalizada de est\u00e1tua de figura de bronze, est\u00e1tua da Deusa da Justi\u00e7a, decora\u00e7\u00e3o de paisagem externa"},"content":{"rendered":"<ul>\n<li><strong>Material : <\/strong> Metal<\/li>\n<li><strong>Impress\u00e3o : <\/strong> Impress\u00e3o em tipografia, impress\u00e3o em rotogravura, impress\u00e3o em tela de seda, impress\u00e3o digital, impress\u00e3o em offset, impress\u00e3o em relevo<\/li>\n<li><strong>M\u00e9todo de impress\u00e3o : <\/strong> 1 cor, 2 cores, 4 cores, 5 cores, 6 cores<\/li>\n<li><strong>Tipo : <\/strong> Bronze<\/li>\n<li><strong>Tipo de produto : <\/strong> ESCULTURA<\/li>\n<li><strong>T\u00e9cnica : <\/strong> Fundi\u00e7\u00e3o<\/li>\n<li><strong>Estilo : <\/strong> Estilo retr\u00f4, luxo<\/li>\n<li><strong>Use : <\/strong> Arte e colecion\u00e1veis<\/li>\n<li><strong>Tema : <\/strong> Escultura de figuras art\u00edsticas<\/li>\n<li><strong>Recurso regional : <\/strong> Europa<\/li>\n<li><strong>N\u00famero do modelo : <\/strong> Est\u00e1tua de bronze da Deusa da Justi\u00e7a<\/li>\n<\/ul>","protected":false},"excerpt":{"rendered":"<p>Material : Metal Printing : Letterpress printing, Gravure printing, Silk screen printing, Digital printing, Offset printing, Embossing printing Print Method : 1 color, 2 color, 4 color, 5 color, 6 color Type : Bronze Product Type : SCULPTURE Technique : Casting Style : Retro style, Luxury Use : Art &amp; Collectible Theme : Sculpture of [&hellip;]<\/p>\n","protected":false},"featured_media":1278,"comment_status":"open","ping_status":"closed","template":"","meta":[],"product_brand":[],"product_cat":[39],"product_tag":[40,41],"class_list":{"0":"post-1279","1":"product","2":"type-product","3":"status-publish","4":"has-post-thumbnail","6":"product_cat-custom-bronze-sculpture-maker","7":"product_tag-crafts","8":"product_tag-metal-crafts","10":"first","11":"instock","12":"shipping-taxable","13":"product-type-simple"},"_links":{"self":[{"href":"https:\/\/sculptureshome.com\/pt\/wp-json\/wp\/v2\/product\/1279","targetHints":{"allow":["GET"]}}],"collection":[{"href":"https:\/\/sculptureshome.com\/pt\/wp-json\/wp\/v2\/product"}],"about":[{"href":"https:\/\/sculptureshome.com\/pt\/wp-json\/wp\/v2\/types\/product"}],"replies":[{"embeddable":true,"href":"https:\/\/sculptureshome.com\/pt\/wp-json\/wp\/v2\/comments?post=1279"}],"version-history":[{"count":0,"href":"https:\/\/sculptureshome.com\/pt\/wp-json\/wp\/v2\/product\/1279\/revisions"}],"wp:featuredmedia":[{"embeddable":true,"href":"https:\/\/sculptureshome.com\/pt\/wp-json\/wp\/v2\/media\/1278"}],"wp:attachment":[{"href":"https:\/\/sculptureshome.com\/pt\/wp-json\/wp\/v2\/media?parent=1279"}],"wp:term":[{"taxonomy":"product_brand","embeddable":true,"href":"https:\/\/sculptureshome.com\/pt\/wp-json\/wp\/v2\/product_brand?post=1279"},{"taxonomy":"product_cat","embeddable":true,"href":"https:\/\/sculptureshome.com\/pt\/wp-json\/wp\/v2\/product_cat?post=1279"},{"taxonomy":"product_tag","embeddable":true,"href":"https:\/\/sculptureshome.com\/pt\/wp-json\/wp\/v2\/product_tag?post=1279"}],"curies":[{"name":"wp","href":"https:\/\/api.w.org\/{rel}","templated":true}]}}