{"id":1271,"date":"2024-05-09T07:02:10","date_gmt":"2024-05-09T07:02:10","guid":{"rendered":"https:\/\/sculptureshome.com\/product\/the-famous-catholic-religious-sculpture-in-the-church-is-a-life-size-bronze-statue-of-the-homeless-jesus-christ\/"},"modified":"2024-05-09T08:17:18","modified_gmt":"2024-05-09T08:17:18","slug":"a-famosa-escultura-religiosa-catolica-na-igreja-e-uma-estatua-de-bronze-em-tamanho-natural-de-jesus-cristo-sem-teto","status":"publish","type":"product","link":"https:\/\/sculptureshome.com\/pt\/product\/the-famous-catholic-religious-sculpture-in-the-church-is-a-life-size-bronze-statue-of-the-homeless-jesus-christ\/","title":{"rendered":"A famosa escultura religiosa cat\u00f3lica na igreja \u00e9 uma est\u00e1tua de bronze em tamanho real de Jesus Cristo sem-teto"},"content":{"rendered":"<ul>\n<li><strong>Material : <\/strong> Metal<\/li>\n<li><strong>Impress\u00e3o : <\/strong> Impress\u00e3o em tipografia, impress\u00e3o em rotogravura, impress\u00e3o em tela de seda, impress\u00e3o digital, impress\u00e3o em offset, impress\u00e3o em relevo<\/li>\n<li><strong>M\u00e9todo de impress\u00e3o : <\/strong> 1 cor, 2 cores, 4 cores, 5 cores, 6 cores<\/li>\n<li><strong>Tipo : <\/strong> Bronze<\/li>\n<li><strong>Tipo de produto : <\/strong> Animal<\/li>\n<li><strong>T\u00e9cnica : <\/strong> Fundi\u00e7\u00e3o<\/li>\n<li><strong>Estilo : <\/strong> Simula\u00e7\u00e3o, luxo<\/li>\n<li><strong>Use : <\/strong> Arte e colecion\u00e1veis<\/li>\n<li><strong>Tema : <\/strong> Arte Escultura de animais<\/li>\n<li><strong>Recurso regional : <\/strong> Europa<\/li>\n<li><strong>N\u00famero do modelo : <\/strong> Est\u00e1tua de bronze de Jesus<\/li>\n<\/ul>","protected":false},"excerpt":{"rendered":"<p>Material : Metal Printing : Letterpress printing, Gravure printing, Silk screen printing, Digital printing, Offset printing, Embossing printing Print Method : 1 color, 2 color, 4 color, 5 color, 6 color Type : Bronze Product Type : Animal Technique : Casting Style : Simulation, Luxury Use : Art &amp; Collectible Theme : Art Animal Sculpture [&hellip;]<\/p>\n","protected":false},"featured_media":1270,"comment_status":"open","ping_status":"closed","template":"","meta":[],"product_brand":[],"product_cat":[39],"product_tag":[40,41],"class_list":{"0":"post-1271","1":"product","2":"type-product","3":"status-publish","4":"has-post-thumbnail","6":"product_cat-custom-bronze-sculpture-maker","7":"product_tag-crafts","8":"product_tag-metal-crafts","10":"first","11":"instock","12":"shipping-taxable","13":"product-type-simple"},"_links":{"self":[{"href":"https:\/\/sculptureshome.com\/pt\/wp-json\/wp\/v2\/product\/1271","targetHints":{"allow":["GET"]}}],"collection":[{"href":"https:\/\/sculptureshome.com\/pt\/wp-json\/wp\/v2\/product"}],"about":[{"href":"https:\/\/sculptureshome.com\/pt\/wp-json\/wp\/v2\/types\/product"}],"replies":[{"embeddable":true,"href":"https:\/\/sculptureshome.com\/pt\/wp-json\/wp\/v2\/comments?post=1271"}],"version-history":[{"count":0,"href":"https:\/\/sculptureshome.com\/pt\/wp-json\/wp\/v2\/product\/1271\/revisions"}],"wp:featuredmedia":[{"embeddable":true,"href":"https:\/\/sculptureshome.com\/pt\/wp-json\/wp\/v2\/media\/1270"}],"wp:attachment":[{"href":"https:\/\/sculptureshome.com\/pt\/wp-json\/wp\/v2\/media?parent=1271"}],"wp:term":[{"taxonomy":"product_brand","embeddable":true,"href":"https:\/\/sculptureshome.com\/pt\/wp-json\/wp\/v2\/product_brand?post=1271"},{"taxonomy":"product_cat","embeddable":true,"href":"https:\/\/sculptureshome.com\/pt\/wp-json\/wp\/v2\/product_cat?post=1271"},{"taxonomy":"product_tag","embeddable":true,"href":"https:\/\/sculptureshome.com\/pt\/wp-json\/wp\/v2\/product_tag?post=1271"}],"curies":[{"name":"wp","href":"https:\/\/api.w.org\/{rel}","templated":true}]}}