{"id":125,"date":"2024-01-15T06:30:34","date_gmt":"2024-01-15T06:30:34","guid":{"rendered":"https:\/\/sculptureshome.com\/?post_type=product&#038;p=125"},"modified":"2024-01-15T06:30:34","modified_gmt":"2024-01-15T06:30:34","slug":"escultura-de-arte-abstrata-decoracao-em-ouro-estatua-do-pensador-para-decoracoes-internas","status":"publish","type":"product","link":"https:\/\/sculptureshome.com\/pt\/product\/abstract-art-sculpture-gold-decor-thinker-statue-for-indoor-decorations\/","title":{"rendered":"Escultura de arte abstrata Est\u00e1tua de pensador em ouro para decora\u00e7\u00e3o de interiores"},"content":{"rendered":"<h3 id=\"key-attributes\" class=\"att-title\"><span style=\"font-size: 16px;\">Espec\u00edfico do setor<\/span><span style=\"font-size: 16px;\"> atributos<\/span><\/h3>\n<div class=\"attribute-info\" data-spm-anchor-id=\"a2700.details.0.i85.682d65adK3ZKgH\">\n<div class=\"attribute-list\">\n<div class=\"attribute-item\">\n<div class=\"left\">Tipo de produto: Estatueta<\/div>\n<\/div>\n<div class=\"attribute-item\">\n<div class=\"left\">Tema: Amor<\/div>\n<\/div>\n<\/div>\n<h4>Outros atributos<\/h4>\n<div class=\"attribute-list\">\n<div class=\"attribute-item\">\n<div class=\"left\">Local de origem: Shenzhen, China<\/div>\n<\/div>\n<div class=\"attribute-item\">\n<div class=\"left\">Material: Resina<\/div>\n<\/div>\n<div class=\"attribute-item\">\n<div class=\"left\">Estilo: <span data-spm-anchor-id=\"a2700.details.0.i86.682d65adK3ZKgH\">Artificial<\/span><\/div>\n<\/div>\n<div class=\"attribute-item\">\n<div class=\"left\">Use: <span data-spm-anchor-id=\"a2700.details.0.i88.682d65adK3ZKgH\">Decora\u00e7\u00e3o da casa<\/span><\/div>\n<\/div>\n<div class=\"attribute-item\">\n<div class=\"right\">Nome da marca: sculptureshome<\/div>\n<\/div>\n<div class=\"attribute-item\">\n<div class=\"left\">Peso do produto: 0,2 KG<\/div>\n<\/div>\n<div class=\"attribute-item\">\n<div class=\"left\">Processo: Feito \u00e0 m\u00e3o<\/div>\n<\/div>\n<div class=\"attribute-item\">\n<div class=\"left\">Utiliza\u00e7\u00e3o: Decora\u00e7\u00e3o de casa, presentes, vasos, etc.<\/div>\n<\/div>\n<div class=\"attribute-item\">\n<div class=\"left\">Certifica\u00e7\u00e3o: CA65, ISO9001, Sedex<\/div>\n<\/div>\n<div class=\"attribute-item\">\n<div class=\"left\">OEM e ODM: aceitos<\/div>\n<\/div>\n<div class=\"attribute-item\">\n<div class=\"left\">Tempo da amostra: 7 a 15 dias<\/div>\n<\/div>\n<div class=\"attribute-item\"><\/div>\n<div class=\"attribute-item\">\n<div class=\"right\" data-spm-anchor-id=\"a2700.details.0.i93.682d65adK3ZKgH\"><\/div>\n<\/div>\n<\/div>\n<\/div>","protected":false},"excerpt":{"rendered":"<p>Atributos espec\u00edficos do setor Tipo de produto: Estatueta Tema: Amor Outros atributos Local de origem: Shenzhen, China Material: Resina Estilo: Artificial Uso: Decora\u00e7\u00e3o de casa Nome da marca: sculptureshome Peso do produto: 0,2 KG Processo: Feito \u00e0 m\u00e3o Uso: Decora\u00e7\u00e3o de casa, presentes, vasos, etc. Certifica\u00e7\u00e3o: CA65, ISO9001, Sedex OEM e ODM: Aceita amostra Tempo: 7-15 dias<\/p>","protected":false},"featured_media":127,"comment_status":"open","ping_status":"closed","template":"","meta":[],"product_brand":[],"product_cat":[20],"product_tag":[],"class_list":{"0":"post-125","1":"product","2":"type-product","3":"status-publish","4":"has-post-thumbnail","6":"product_cat-art-sculpture","8":"first","9":"instock","10":"shipping-taxable","11":"product-type-simple"},"_links":{"self":[{"href":"https:\/\/sculptureshome.com\/pt\/wp-json\/wp\/v2\/product\/125","targetHints":{"allow":["GET"]}}],"collection":[{"href":"https:\/\/sculptureshome.com\/pt\/wp-json\/wp\/v2\/product"}],"about":[{"href":"https:\/\/sculptureshome.com\/pt\/wp-json\/wp\/v2\/types\/product"}],"replies":[{"embeddable":true,"href":"https:\/\/sculptureshome.com\/pt\/wp-json\/wp\/v2\/comments?post=125"}],"version-history":[{"count":0,"href":"https:\/\/sculptureshome.com\/pt\/wp-json\/wp\/v2\/product\/125\/revisions"}],"wp:featuredmedia":[{"embeddable":true,"href":"https:\/\/sculptureshome.com\/pt\/wp-json\/wp\/v2\/media\/127"}],"wp:attachment":[{"href":"https:\/\/sculptureshome.com\/pt\/wp-json\/wp\/v2\/media?parent=125"}],"wp:term":[{"taxonomy":"product_brand","embeddable":true,"href":"https:\/\/sculptureshome.com\/pt\/wp-json\/wp\/v2\/product_brand?post=125"},{"taxonomy":"product_cat","embeddable":true,"href":"https:\/\/sculptureshome.com\/pt\/wp-json\/wp\/v2\/product_cat?post=125"},{"taxonomy":"product_tag","embeddable":true,"href":"https:\/\/sculptureshome.com\/pt\/wp-json\/wp\/v2\/product_tag?post=125"}],"curies":[{"name":"wp","href":"https:\/\/api.w.org\/{rel}","templated":true}]}}