{"id":864,"date":"2024-01-30T12:53:04","date_gmt":"2024-01-30T12:53:04","guid":{"rendered":"https:\/\/sculptureshome.com\/?page_id=864"},"modified":"2024-06-25T10:03:51","modified_gmt":"2024-06-25T10:03:51","slug":"nossa-historia","status":"publish","type":"page","link":"https:\/\/sculptureshome.com\/pt\/our-story\/","title":{"rendered":"Nossa hist\u00f3ria"},"content":{"rendered":"<div data-elementor-type=\"wp-page\" data-elementor-id=\"864\" class=\"elementor elementor-864\" data-elementor-post-type=\"page\">\n\t\t\t\t<div class=\"elementor-element elementor-element-cbbe34e e-flex e-con-boxed e-con e-parent\" data-id=\"cbbe34e\" data-element_type=\"container\" data-e-type=\"container\">\n\t\t\t\t\t<div class=\"e-con-inner\">\n\t\t\t\t<div class=\"elementor-element elementor-element-4804c53 elementor-widget elementor-widget-heading\" data-id=\"4804c53\" data-element_type=\"widget\" data-e-type=\"widget\" data-widget_type=\"heading.default\">\n\t\t\t\t\t<h2 class=\"elementor-heading-title elementor-size-default\">Nossa hist\u00f3ria<\/h2>\t\t\t\t<\/div>\n\t\t\t\t\t<\/div>\n\t\t\t\t<\/div>\n\t\t<div class=\"elementor-element elementor-element-38d67a5 e-flex e-con-boxed e-con e-parent\" data-id=\"38d67a5\" data-element_type=\"container\" data-e-type=\"container\">\n\t\t\t\t\t<div class=\"e-con-inner\">\n\t\t<div class=\"elementor-element elementor-element-a52ffaa e-con-full e-flex e-con e-child\" data-id=\"a52ffaa\" data-element_type=\"container\" data-e-type=\"container\">\n\t\t\t\t<div class=\"elementor-element elementor-element-eda4c95 elementor-widget elementor-widget-text-editor\" data-id=\"eda4c95\" data-element_type=\"widget\" data-e-type=\"widget\" data-widget_type=\"text-editor.default\">\n\t\t\t\t\t\t\t\t\t<p>Em uma cidade cheia de criatividade e vitalidade, h\u00e1 uma f\u00e1brica especializada em esculturas e, no centro desse lugar, est\u00e1 Leo, um escultor formado pela Academia de Belas Artes que n\u00e3o s\u00f3 tem um conhecimento profundo das t\u00e9cnicas tradicionais de escultura, mas tamb\u00e9m tem uma paix\u00e3o por incorporar tecnologia avan\u00e7ada na cria\u00e7\u00e3o de esculturas. Esta \u00e9 uma hist\u00f3ria sobre a combina\u00e7\u00e3o de arte e tecnologia e a simbiose entre crescimento pessoal e desenvolvimento de neg\u00f3cios.<\/p><p>A educa\u00e7\u00e3o de Leo na Academy of Fine Arts lhe proporcionou uma base s\u00f3lida para sua carreira art\u00edstica. Seu trabalho demonstra um senso apurado de forma e textura, o que o levou a chamar a aten\u00e7\u00e3o de alunos e professores ainda na escola.<br \/>Sucesso precoce no local de trabalho<\/p>\t\t\t\t\t\t\t\t<\/div>\n\t\t\t\t<\/div>\n\t\t<div class=\"elementor-element elementor-element-1d57cf0 e-con-full e-flex e-con e-child\" data-id=\"1d57cf0\" data-element_type=\"container\" data-e-type=\"container\">\n\t\t\t\t<div class=\"elementor-element elementor-element-1fd8176 elementor-widget elementor-widget-image\" data-id=\"1fd8176\" data-element_type=\"widget\" data-e-type=\"widget\" data-widget_type=\"image.default\">\n\t\t\t\t\t\t\t\t\t\t\t\t\t\t\t<img fetchpriority=\"high\" decoding=\"async\" width=\"800\" height=\"776\" src=\"https:\/\/sculptureshome.com\/wp-content\/uploads\/2024\/02\/our-story.png\" class=\"attachment-large size-large wp-image-1053\" alt=\"\" srcset=\"https:\/\/sculptureshome.com\/wp-content\/uploads\/2024\/02\/our-story.png 1003w, https:\/\/sculptureshome.com\/wp-content\/uploads\/2024\/02\/our-story-300x291.png 300w, https:\/\/sculptureshome.com\/wp-content\/uploads\/2024\/02\/our-story-768x745.png 768w, https:\/\/sculptureshome.com\/wp-content\/uploads\/2024\/02\/our-story-600x582.png 600w\" sizes=\"(max-width: 800px) 100vw, 800px\" title=\"\">\t\t\t\t\t\t\t\t\t\t\t\t\t\t\t<\/div>\n\t\t\t\t<\/div>\n\t\t\t\t\t<\/div>\n\t\t\t\t<\/div>\n\t\t<div class=\"elementor-element elementor-element-4ad764d e-flex e-con-boxed e-con e-parent\" data-id=\"4ad764d\" data-element_type=\"container\" data-e-type=\"container\">\n\t\t\t\t\t<div class=\"e-con-inner\">\n\t\t\t\t<div class=\"elementor-element elementor-element-a9145e8 elementor-widget elementor-widget-heading\" data-id=\"a9145e8\" data-element_type=\"widget\" data-e-type=\"widget\" data-widget_type=\"heading.default\">\n\t\t\t\t\t<h2 class=\"elementor-heading-title elementor-size-default\">Sucesso precoce no local de trabalho<\/h2>\t\t\t\t<\/div>\n\t\t\t\t\t<\/div>\n\t\t\t\t<\/div>\n\t\t<div class=\"elementor-element elementor-element-b11fb31 e-flex e-con-boxed e-con e-parent\" data-id=\"b11fb31\" data-element_type=\"container\" data-e-type=\"container\">\n\t\t\t\t\t<div class=\"e-con-inner\">\n\t\t\t\t<div class=\"elementor-element elementor-element-5de6c21 elementor-widget elementor-widget-text-editor\" data-id=\"5de6c21\" data-element_type=\"widget\" data-e-type=\"widget\" data-widget_type=\"text-editor.default\">\n\t\t\t\t\t\t\t\t\t<p>Ap\u00f3s a formatura, Leo entrou para a fam\u00edlia sculptureshome. Com suas habilidades aperfei\u00e7oadas na academia e sua compreens\u00e3o \u00fanica dos materiais, suas esculturas foram rapidamente bem recebidas pelo mercado. Suas esculturas n\u00e3o apenas demonstram excelente t\u00e9cnica, mas tamb\u00e9m revelam conceitos de design inovadores. Como resultado, ele logo conquistou uma certa posi\u00e7\u00e3o no mercado dom\u00e9stico. Mas n\u00e3o parou por a\u00ed.<\/p>\t\t\t\t\t\t\t\t<\/div>\n\t\t\t\t\t<\/div>\n\t\t\t\t<\/div>\n\t\t<div class=\"elementor-element elementor-element-28da600 e-flex e-con-boxed e-con e-parent\" data-id=\"28da600\" data-element_type=\"container\" data-e-type=\"container\">\n\t\t\t\t\t<div class=\"e-con-inner\">\n\t\t\t\t<div class=\"elementor-element elementor-element-cd4a7c4 elementor-widget elementor-widget-heading\" data-id=\"cd4a7c4\" data-element_type=\"widget\" data-e-type=\"widget\" data-widget_type=\"heading.default\">\n\t\t\t\t\t<h2 class=\"elementor-heading-title elementor-size-default\">O momento decisivo de se tornar um parceiro<\/h2>\t\t\t\t<\/div>\n\t\t\t\t\t<\/div>\n\t\t\t\t<\/div>\n\t\t<div class=\"elementor-element elementor-element-dd438f0 e-flex e-con-boxed e-con e-parent\" data-id=\"dd438f0\" data-element_type=\"container\" data-e-type=\"container\">\n\t\t\t\t\t<div class=\"e-con-inner\">\n\t\t\t\t<div class=\"elementor-element elementor-element-90012a9 elementor-widget elementor-widget-text-editor\" data-id=\"90012a9\" data-element_type=\"widget\" data-e-type=\"widget\" data-widget_type=\"text-editor.default\">\n\t\t\t\t\t\t\t\t\t<p style=\"text-align: left;\">Como o trabalho de Leo ajudou a f\u00e1brica a atrair um grande n\u00famero de clientes e a gerar uma receita consider\u00e1vel para a empresa, ele logo se tornou s\u00f3cio. Essa mudan\u00e7a de status n\u00e3o apenas reconheceu sua capacidade pessoal, mas tamb\u00e9m sua contribui\u00e7\u00e3o para a f\u00e1brica.<\/p>\t\t\t\t\t\t\t\t<\/div>\n\t\t\t\t\t<\/div>\n\t\t\t\t<\/div>\n\t\t<div class=\"elementor-element elementor-element-9bde3d2 e-flex e-con-boxed e-con e-parent\" data-id=\"9bde3d2\" data-element_type=\"container\" data-e-type=\"container\">\n\t\t\t\t\t<div class=\"e-con-inner\">\n\t\t\t\t<div class=\"elementor-element elementor-element-30b6d90 elementor-widget elementor-widget-heading\" data-id=\"30b6d90\" data-element_type=\"widget\" data-e-type=\"widget\" data-widget_type=\"heading.default\">\n\t\t\t\t\t<h2 class=\"elementor-heading-title elementor-size-default\">Impulsionador da inova\u00e7\u00e3o tecnol\u00f3gica<\/h2>\t\t\t\t<\/div>\n\t\t\t\t\t<\/div>\n\t\t\t\t<\/div>\n\t\t<div class=\"elementor-element elementor-element-47d73ab e-flex e-con-boxed e-con e-parent\" data-id=\"47d73ab\" data-element_type=\"container\" data-e-type=\"container\">\n\t\t\t\t\t<div class=\"e-con-inner\">\n\t\t\t\t<div class=\"elementor-element elementor-element-36f1152 elementor-widget elementor-widget-text-editor\" data-id=\"36f1152\" data-element_type=\"widget\" data-e-type=\"widget\" data-widget_type=\"text-editor.default\">\n\t\t\t\t\t\t\t\t\t<p>Como s\u00f3cio, Leo come\u00e7ou a explorar ativamente as possibilidades de aplicar a tecnologia moderna \u00e0 escultura tradicional. Ele introduziu a tecnologia de impress\u00e3o 3D, combinando esse meio inovador com t\u00e9cnicas tradicionais de escultura, dando nova vida \u00e0 linha de produtos da f\u00e1brica.<\/p><p>Sob o impulso de Leo, as esculturas da f\u00e1brica come\u00e7aram a assumir um estilo \u00fanico - a delicadeza e a profundidade da escultura tradicional, mas tamb\u00e9m a novidade e a efici\u00eancia trazidas pela tecnologia moderna. Essa fus\u00e3o de estilos tornou as obras da f\u00e1brica mais populares no mercado.<\/p>\t\t\t\t\t\t\t\t<\/div>\n\t\t\t\t\t<\/div>\n\t\t\t\t<\/div>\n\t\t<div class=\"elementor-element elementor-element-7a40235 e-flex e-con-boxed e-con e-parent\" data-id=\"7a40235\" data-element_type=\"container\" data-e-type=\"container\">\n\t\t\t\t\t<div class=\"e-con-inner\">\n\t\t<div class=\"elementor-element elementor-element-64cefa5 e-con-full e-flex e-con e-child\" data-id=\"64cefa5\" data-element_type=\"container\" data-e-type=\"container\">\n\t\t\t\t<div class=\"elementor-element elementor-element-fdf2688 elementor-widget elementor-widget-image\" data-id=\"fdf2688\" data-element_type=\"widget\" data-e-type=\"widget\" data-widget_type=\"image.default\">\n\t\t\t\t\t\t\t\t\t\t\t\t\t\t\t<img decoding=\"async\" width=\"800\" height=\"600\" src=\"https:\/\/sculptureshome.com\/wp-content\/uploads\/2024\/01\/mmexport1682444858808-1024x768.jpg\" class=\"attachment-large size-large wp-image-872\" alt=\"\" srcset=\"https:\/\/sculptureshome.com\/wp-content\/uploads\/2024\/01\/mmexport1682444858808-1024x768.jpg 1024w, https:\/\/sculptureshome.com\/wp-content\/uploads\/2024\/01\/mmexport1682444858808-300x225.jpg 300w, https:\/\/sculptureshome.com\/wp-content\/uploads\/2024\/01\/mmexport1682444858808-768x576.jpg 768w, https:\/\/sculptureshome.com\/wp-content\/uploads\/2024\/01\/mmexport1682444858808-600x450.jpg 600w, https:\/\/sculptureshome.com\/wp-content\/uploads\/2024\/01\/mmexport1682444858808.jpg 1440w\" sizes=\"(max-width: 800px) 100vw, 800px\" title=\"\">\t\t\t\t\t\t\t\t\t\t\t\t\t\t\t<\/div>\n\t\t\t\t<\/div>\n\t\t<div class=\"elementor-element elementor-element-4e4fc0a e-con-full e-flex e-con e-child\" data-id=\"4e4fc0a\" data-element_type=\"container\" data-e-type=\"container\">\n\t\t\t\t<div class=\"elementor-element elementor-element-61cc006 elementor-widget elementor-widget-image\" data-id=\"61cc006\" data-element_type=\"widget\" data-e-type=\"widget\" data-widget_type=\"image.default\">\n\t\t\t\t\t\t\t\t\t\t\t\t\t\t\t<img decoding=\"async\" width=\"768\" height=\"1024\" src=\"https:\/\/sculptureshome.com\/wp-content\/uploads\/2024\/03\/about-us-768x1024.jpg\" class=\"attachment-large size-large wp-image-1092\" alt=\"\" srcset=\"https:\/\/sculptureshome.com\/wp-content\/uploads\/2024\/03\/about-us-768x1024.jpg 768w, https:\/\/sculptureshome.com\/wp-content\/uploads\/2024\/03\/about-us-225x300.jpg 225w, https:\/\/sculptureshome.com\/wp-content\/uploads\/2024\/03\/about-us-600x800.jpg 600w, https:\/\/sculptureshome.com\/wp-content\/uploads\/2024\/03\/about-us.jpg 960w\" sizes=\"(max-width: 768px) 100vw, 768px\" title=\"\">\t\t\t\t\t\t\t\t\t\t\t\t\t\t\t<\/div>\n\t\t\t\t<\/div>\n\t\t\t\t\t<\/div>\n\t\t\t\t<\/div>\n\t\t\t\t<\/div>","protected":false},"excerpt":{"rendered":"<p>Our Story In a city full of creativity and vitality, there is a factory specializing in sculpture, and at the heart of this place is Leo, a sculptor who graduated from the Academy of Fine Arts and who not only has an in-depth understanding of traditional sculpting techniques, but also has a passion for incorporating [&hellip;]<\/p>\n","protected":false},"author":1,"featured_media":0,"parent":0,"menu_order":0,"comment_status":"closed","ping_status":"closed","template":"elementor_header_footer","meta":{"footnotes":""},"class_list":["post-864","page","type-page","status-publish","hentry"],"_links":{"self":[{"href":"https:\/\/sculptureshome.com\/pt\/wp-json\/wp\/v2\/pages\/864","targetHints":{"allow":["GET"]}}],"collection":[{"href":"https:\/\/sculptureshome.com\/pt\/wp-json\/wp\/v2\/pages"}],"about":[{"href":"https:\/\/sculptureshome.com\/pt\/wp-json\/wp\/v2\/types\/page"}],"author":[{"embeddable":true,"href":"https:\/\/sculptureshome.com\/pt\/wp-json\/wp\/v2\/users\/1"}],"replies":[{"embeddable":true,"href":"https:\/\/sculptureshome.com\/pt\/wp-json\/wp\/v2\/comments?post=864"}],"version-history":[{"count":0,"href":"https:\/\/sculptureshome.com\/pt\/wp-json\/wp\/v2\/pages\/864\/revisions"}],"wp:attachment":[{"href":"https:\/\/sculptureshome.com\/pt\/wp-json\/wp\/v2\/media?parent=864"}],"curies":[{"name":"wp","href":"https:\/\/api.w.org\/{rel}","templated":true}]}}