{"id":3,"date":"2024-01-09T08:02:39","date_gmt":"2024-01-09T08:02:39","guid":{"rendered":"https:\/\/sculptureshome.com\/?page_id=3"},"modified":"2024-05-01T07:59:05","modified_gmt":"2024-05-01T07:59:05","slug":"politica-de-privacidade","status":"publish","type":"page","link":"https:\/\/sculptureshome.com\/pt\/privacy-policy\/","title":{"rendered":"Pol\u00edtica de privacidade"},"content":{"rendered":"<p>O sculptureshome.com est\u00e1 em conformidade com o Regulamento Geral de Prote\u00e7\u00e3o de Dados (GDPR) (UE) 2016\/679.<\/p>\n\n\n\n<p>Isso significa que somos abertos quanto aos nossos m\u00e9todos de rastreamento e uso dos dados pessoais dos visitantes, e voc\u00ea pode verificar livremente o que exatamente estamos fazendo com eles.<\/p>\n\n\n\n<p>Na sculptureshome, n\u00f3s coletamos:<\/p>\n\n\n\n<ul class=\"wp-block-list\">\n<li>Seu nome e sobrenome<\/li>\n\n\n\n<li>Seu endere\u00e7o de e-mail<\/li>\n\n\n\n<li>Seu endere\u00e7o f\u00edsico<\/li>\n\n\n\n<li>Seu n\u00famero de telefone<\/li>\n\n\n\n<li>Os dados sobre o navegador e o dispositivo que voc\u00ea usa para visualizar a loja<\/li>\n\n\n\n<li>A maneira como voc\u00ea navega na loja<\/li>\n<\/ul>\n\n\n\n<p>Coletamos seus dados de contato porque eles s\u00e3o necess\u00e1rios para aceitar e processar seus pedidos e para garantir que voc\u00ea receba seus pacotes.<\/p>\n\n\n\n<p>Coletamos os detalhes do seu equipamento t\u00e9cnico e do seu comportamento no site para tornar nossa loja mais f\u00e1cil de usar e para personalizar os servi\u00e7os de nossa loja para voc\u00ea (por exemplo, para mudar automaticamente a loja para a vers\u00e3o m\u00f3vel).<\/p>\n\n\n\n<p>Nossa loja trabalha com empresas externas que nos ajudam a fornecer o melhor servi\u00e7o para voc\u00ea, e esses terceiros tamb\u00e9m usam alguns dos dados pessoais que voc\u00ea deixa. Limitamos os dados que eles podem acessar apenas ao que \u00e9 necess\u00e1rio para que cumpram suas obriga\u00e7\u00f5es.<\/p>\n\n\n\n<ul class=\"wp-block-list\">\n<li>Os servi\u00e7os de pagamento usam o n\u00famero do seu cart\u00e3o de cr\u00e9dito, seu nome e sobrenome para verificar e processar seus pagamentos de nossos produtos<\/li>\n\n\n\n<li>Nossos fabricantes e armazenadores de estoque usam os dados do conte\u00fado do seu pedido para montar o pacote necess\u00e1rio para voc\u00ea<\/li>\n\n\n\n<li>Os servi\u00e7os postais usam seu nome, sobrenome e endere\u00e7o f\u00edsico para organizar a entrega do produto para voc\u00ea<\/li>\n\n\n\n<li>Os servi\u00e7os de mala direta usam seu endere\u00e7o de e-mail para enviar-lhe e-mails (se voc\u00ea tiver se inscrito para eles)<\/li>\n<\/ul>\n\n\n\n<p>Se continuar navegando em nossa loja on-line ap\u00f3s ler esta Pol\u00edtica de Privacidade, voc\u00ea nos d\u00e1 o consentimento para usar seus dados pessoais para os fins explicados acima.<\/p>\n\n\n\n<p>Se voc\u00ea n\u00e3o concordar com esses termos, saia do site.<\/p>\n\n\n\n<p>Voc\u00ea pode nos enviar um e-mail para manager@sculptureshome.com e perguntar:<\/p>\n\n\n\n<ul class=\"wp-block-list\">\n<li>Para receber a c\u00f3pia de seus dados pessoais que coletamos<\/li>\n\n\n\n<li>Para excluir seus dados pessoais do nosso sistema<\/li>\n\n\n\n<li>Para retirar seu consentimento (se voc\u00ea concordou anteriormente em nos fornecer os dados, mas depois mudou de ideia)<\/li>\n<\/ul>\n\n\n\n<p>Estamos fazendo o poss\u00edvel para garantir a seguran\u00e7a de seus dados pessoais enquanto os mantemos e usamos.<\/p>\n\n\n\n<p>Obrigado por sua coopera\u00e7\u00e3o!<\/p>","protected":false},"excerpt":{"rendered":"<p>sculptureshome.com is compliant with The General Data Protection Regulation (GDPR) (EU) 2016\/679. It means that we are open about our methods of tracking and use of the visitors\u2019 personal data, and you can freely check what exactly we\u2019re doing to it. At sculptureshome, we collect: We gather your contact details because they are necessary to [&hellip;]<\/p>\n","protected":false},"author":1,"featured_media":0,"parent":0,"menu_order":0,"comment_status":"closed","ping_status":"open","template":"","meta":{"footnotes":""},"class_list":["post-3","page","type-page","status-publish","hentry"],"_links":{"self":[{"href":"https:\/\/sculptureshome.com\/pt\/wp-json\/wp\/v2\/pages\/3","targetHints":{"allow":["GET"]}}],"collection":[{"href":"https:\/\/sculptureshome.com\/pt\/wp-json\/wp\/v2\/pages"}],"about":[{"href":"https:\/\/sculptureshome.com\/pt\/wp-json\/wp\/v2\/types\/page"}],"author":[{"embeddable":true,"href":"https:\/\/sculptureshome.com\/pt\/wp-json\/wp\/v2\/users\/1"}],"replies":[{"embeddable":true,"href":"https:\/\/sculptureshome.com\/pt\/wp-json\/wp\/v2\/comments?post=3"}],"version-history":[{"count":0,"href":"https:\/\/sculptureshome.com\/pt\/wp-json\/wp\/v2\/pages\/3\/revisions"}],"wp:attachment":[{"href":"https:\/\/sculptureshome.com\/pt\/wp-json\/wp\/v2\/media?parent=3"}],"curies":[{"name":"wp","href":"https:\/\/api.w.org\/{rel}","templated":true}]}}