{"id":2319,"date":"2025-07-24T14:17:35","date_gmt":"2025-07-24T14:17:35","guid":{"rendered":"https:\/\/sculptureshome.com\/?post_type=product&#038;p=2319"},"modified":"2025-08-31T05:57:21","modified_gmt":"2025-08-31T05:57:21","slug":"divano-creativo-di-forma-irregolare-mobili-personalizzati-stampati-in-3d","status":"publish","type":"product","link":"https:\/\/sculptureshome.com\/it\/product\/creative-irregular-shaped-sofa-custom-3d-printed-furniture\/","title":{"rendered":"Divano creativo a forma irregolare | Mobili personalizzati stampati in 3D"},"content":{"rendered":"<p data-start=\"55\" data-end=\"246\">I divani creativi di forma irregolare sono ideali per i negozi di tendenza e alla moda, per offrire ai clienti un'esperienza d'acquisto unica e mostrare la personalit\u00e0 e il senso dello stile del marchio.<\/p>\n<p data-start=\"248\" data-end=\"409\">Nelle aziende creative o nei centri di startup, questi divani possono essere utilizzati negli uffici per offrire ai dipendenti aree lounge non convenzionali che ispirano nuove idee.<\/p>\n<p data-start=\"411\" data-end=\"547\" data-is-last-node=\"\" data-is-only-node=\"\">Esposti negli showroom di design d'interni, fungono da espositori accattivanti che mettono in risalto l'innovazione e l'estro artistico del design.<\/p>","protected":false},"excerpt":{"rendered":"<p data-start=\"0\" data-end=\"271\">A <strong data-start=\"2\" data-end=\"36\">divano creativo di forma irregolare<\/strong> \u00e8 un pezzo d'arredamento dal design unico che si distingue per la forma, i materiali o lo stile non convenzionale, diverso dai divani tradizionali. Viene spesso utilizzato in ambienti speciali per ottenere uno specifico effetto visivo o funzionale.<\/p>\n<p data-start=\"273\" data-end=\"419\" data-is-last-node=\"\" data-is-only-node=\"\">Questi divani possono aggiungere personalit\u00e0 e unicit\u00e0 a luoghi come i caff\u00e8, attirando i clienti a soffermarsi e contribuendo a creare un'atmosfera accogliente e coinvolgente.<\/p>","protected":false},"featured_media":2320,"comment_status":"open","ping_status":"closed","template":"","meta":[],"product_brand":[],"product_cat":[29],"product_tag":[],"class_list":{"0":"post-2319","1":"product","2":"type-product","3":"status-publish","4":"has-post-thumbnail","6":"product_cat-3d-printing-furniture","8":"first","9":"instock","10":"shipping-taxable","11":"product-type-simple"},"_links":{"self":[{"href":"https:\/\/sculptureshome.com\/it\/wp-json\/wp\/v2\/product\/2319","targetHints":{"allow":["GET"]}}],"collection":[{"href":"https:\/\/sculptureshome.com\/it\/wp-json\/wp\/v2\/product"}],"about":[{"href":"https:\/\/sculptureshome.com\/it\/wp-json\/wp\/v2\/types\/product"}],"replies":[{"embeddable":true,"href":"https:\/\/sculptureshome.com\/it\/wp-json\/wp\/v2\/comments?post=2319"}],"version-history":[{"count":0,"href":"https:\/\/sculptureshome.com\/it\/wp-json\/wp\/v2\/product\/2319\/revisions"}],"wp:featuredmedia":[{"embeddable":true,"href":"https:\/\/sculptureshome.com\/it\/wp-json\/wp\/v2\/media\/2320"}],"wp:attachment":[{"href":"https:\/\/sculptureshome.com\/it\/wp-json\/wp\/v2\/media?parent=2319"}],"wp:term":[{"taxonomy":"product_brand","embeddable":true,"href":"https:\/\/sculptureshome.com\/it\/wp-json\/wp\/v2\/product_brand?post=2319"},{"taxonomy":"product_cat","embeddable":true,"href":"https:\/\/sculptureshome.com\/it\/wp-json\/wp\/v2\/product_cat?post=2319"},{"taxonomy":"product_tag","embeddable":true,"href":"https:\/\/sculptureshome.com\/it\/wp-json\/wp\/v2\/product_tag?post=2319"}],"curies":[{"name":"wp","href":"https:\/\/api.w.org\/{rel}","templated":true}]}}