{"id":864,"date":"2024-01-30T12:53:04","date_gmt":"2024-01-30T12:53:04","guid":{"rendered":"https:\/\/sculptureshome.com\/?page_id=864"},"modified":"2024-06-25T10:03:51","modified_gmt":"2024-06-25T10:03:51","slug":"la-nostra-storia","status":"publish","type":"page","link":"https:\/\/sculptureshome.com\/it\/our-story\/","title":{"rendered":"La nostra storia"},"content":{"rendered":"<div data-elementor-type=\"wp-page\" data-elementor-id=\"864\" class=\"elementor elementor-864\" data-elementor-post-type=\"page\">\n\t\t\t\t<div class=\"elementor-element elementor-element-cbbe34e e-flex e-con-boxed e-con e-parent\" data-id=\"cbbe34e\" data-element_type=\"container\" data-e-type=\"container\">\n\t\t\t\t\t<div class=\"e-con-inner\">\n\t\t\t\t<div class=\"elementor-element elementor-element-4804c53 elementor-widget elementor-widget-heading\" data-id=\"4804c53\" data-element_type=\"widget\" data-e-type=\"widget\" data-widget_type=\"heading.default\">\n\t\t\t\t\t<h2 class=\"elementor-heading-title elementor-size-default\">La nostra storia<\/h2>\t\t\t\t<\/div>\n\t\t\t\t\t<\/div>\n\t\t\t\t<\/div>\n\t\t<div class=\"elementor-element elementor-element-38d67a5 e-flex e-con-boxed e-con e-parent\" data-id=\"38d67a5\" data-element_type=\"container\" data-e-type=\"container\">\n\t\t\t\t\t<div class=\"e-con-inner\">\n\t\t<div class=\"elementor-element elementor-element-a52ffaa e-con-full e-flex e-con e-child\" data-id=\"a52ffaa\" data-element_type=\"container\" data-e-type=\"container\">\n\t\t\t\t<div class=\"elementor-element elementor-element-eda4c95 elementor-widget elementor-widget-text-editor\" data-id=\"eda4c95\" data-element_type=\"widget\" data-e-type=\"widget\" data-widget_type=\"text-editor.default\">\n\t\t\t\t\t\t\t\t\t<p>In una citt\u00e0 piena di creativit\u00e0 e vitalit\u00e0, c'\u00e8 una fabbrica specializzata in sculture, al cui centro c'\u00e8 Leo, uno scultore diplomato all'Accademia di Belle Arti che non solo conosce a fondo le tecniche di scultura tradizionali, ma ha anche la passione di incorporare tecnologie avanzate nella creazione di sculture. Questa \u00e8 una storia sulla combinazione di arte e tecnologia e sulla simbiosi tra crescita personale e sviluppo aziendale.<\/p><p>L'educazione di Leo all'Accademia di Belle Arti gli ha fornito una solida base per la sua carriera artistica. Il suo lavoro dimostra uno spiccato senso della forma e della texture, che lo ha portato all'attenzione di studenti e docenti mentre era ancora a scuola.<br \/>Successo precoce sul posto di lavoro<\/p>\t\t\t\t\t\t\t\t<\/div>\n\t\t\t\t<\/div>\n\t\t<div class=\"elementor-element elementor-element-1d57cf0 e-con-full e-flex e-con e-child\" data-id=\"1d57cf0\" data-element_type=\"container\" data-e-type=\"container\">\n\t\t\t\t<div class=\"elementor-element elementor-element-1fd8176 elementor-widget elementor-widget-image\" data-id=\"1fd8176\" data-element_type=\"widget\" data-e-type=\"widget\" data-widget_type=\"image.default\">\n\t\t\t\t\t\t\t\t\t\t\t\t\t\t\t<img fetchpriority=\"high\" decoding=\"async\" width=\"800\" height=\"776\" src=\"https:\/\/sculptureshome.com\/wp-content\/uploads\/2024\/02\/our-story.png\" class=\"attachment-large size-large wp-image-1053\" alt=\"\" srcset=\"https:\/\/sculptureshome.com\/wp-content\/uploads\/2024\/02\/our-story.png 1003w, https:\/\/sculptureshome.com\/wp-content\/uploads\/2024\/02\/our-story-300x291.png 300w, https:\/\/sculptureshome.com\/wp-content\/uploads\/2024\/02\/our-story-768x745.png 768w, https:\/\/sculptureshome.com\/wp-content\/uploads\/2024\/02\/our-story-600x582.png 600w\" sizes=\"(max-width: 800px) 100vw, 800px\" title=\"\">\t\t\t\t\t\t\t\t\t\t\t\t\t\t\t<\/div>\n\t\t\t\t<\/div>\n\t\t\t\t\t<\/div>\n\t\t\t\t<\/div>\n\t\t<div class=\"elementor-element elementor-element-4ad764d e-flex e-con-boxed e-con e-parent\" data-id=\"4ad764d\" data-element_type=\"container\" data-e-type=\"container\">\n\t\t\t\t\t<div class=\"e-con-inner\">\n\t\t\t\t<div class=\"elementor-element elementor-element-a9145e8 elementor-widget elementor-widget-heading\" data-id=\"a9145e8\" data-element_type=\"widget\" data-e-type=\"widget\" data-widget_type=\"heading.default\">\n\t\t\t\t\t<h2 class=\"elementor-heading-title elementor-size-default\">Successo precoce sul posto di lavoro<\/h2>\t\t\t\t<\/div>\n\t\t\t\t\t<\/div>\n\t\t\t\t<\/div>\n\t\t<div class=\"elementor-element elementor-element-b11fb31 e-flex e-con-boxed e-con e-parent\" data-id=\"b11fb31\" data-element_type=\"container\" data-e-type=\"container\">\n\t\t\t\t\t<div class=\"e-con-inner\">\n\t\t\t\t<div class=\"elementor-element elementor-element-5de6c21 elementor-widget elementor-widget-text-editor\" data-id=\"5de6c21\" data-element_type=\"widget\" data-e-type=\"widget\" data-widget_type=\"text-editor.default\">\n\t\t\t\t\t\t\t\t\t<p>Dopo la laurea, Leo si \u00e8 unito alla famiglia di sculptureshome. Grazie alle sue abilit\u00e0 affinate in accademia e alla sua comprensione unica dei materiali, le sue sculture sono state rapidamente accolte dal mercato. Le sue sculture non solo dimostrano una tecnica eccellente, ma rivelano anche concetti di design innovativi. Di conseguenza, si \u00e8 presto guadagnato una certa posizione nel mercato nazionale. Ma non si \u00e8 fermato l\u00ec.<\/p>\t\t\t\t\t\t\t\t<\/div>\n\t\t\t\t\t<\/div>\n\t\t\t\t<\/div>\n\t\t<div class=\"elementor-element elementor-element-28da600 e-flex e-con-boxed e-con e-parent\" data-id=\"28da600\" data-element_type=\"container\" data-e-type=\"container\">\n\t\t\t\t\t<div class=\"e-con-inner\">\n\t\t\t\t<div class=\"elementor-element elementor-element-cd4a7c4 elementor-widget elementor-widget-heading\" data-id=\"cd4a7c4\" data-element_type=\"widget\" data-e-type=\"widget\" data-widget_type=\"heading.default\">\n\t\t\t\t\t<h2 class=\"elementor-heading-title elementor-size-default\">La svolta di diventare partner<\/h2>\t\t\t\t<\/div>\n\t\t\t\t\t<\/div>\n\t\t\t\t<\/div>\n\t\t<div class=\"elementor-element elementor-element-dd438f0 e-flex e-con-boxed e-con e-parent\" data-id=\"dd438f0\" data-element_type=\"container\" data-e-type=\"container\">\n\t\t\t\t\t<div class=\"e-con-inner\">\n\t\t\t\t<div class=\"elementor-element elementor-element-90012a9 elementor-widget elementor-widget-text-editor\" data-id=\"90012a9\" data-element_type=\"widget\" data-e-type=\"widget\" data-widget_type=\"text-editor.default\">\n\t\t\t\t\t\t\t\t\t<p style=\"text-align: left;\">Poich\u00e9 il lavoro di Leo aiut\u00f2 la fabbrica ad attirare un gran numero di clienti e a generare notevoli entrate per l'azienda, divenne presto socio. Questo cambiamento di status non solo riconosceva le sue capacit\u00e0 personali, ma anche il suo contributo alla fabbrica.<\/p>\t\t\t\t\t\t\t\t<\/div>\n\t\t\t\t\t<\/div>\n\t\t\t\t<\/div>\n\t\t<div class=\"elementor-element elementor-element-9bde3d2 e-flex e-con-boxed e-con e-parent\" data-id=\"9bde3d2\" data-element_type=\"container\" data-e-type=\"container\">\n\t\t\t\t\t<div class=\"e-con-inner\">\n\t\t\t\t<div class=\"elementor-element elementor-element-30b6d90 elementor-widget elementor-widget-heading\" data-id=\"30b6d90\" data-element_type=\"widget\" data-e-type=\"widget\" data-widget_type=\"heading.default\">\n\t\t\t\t\t<h2 class=\"elementor-heading-title elementor-size-default\">Motore dell'innovazione tecnologica<\/h2>\t\t\t\t<\/div>\n\t\t\t\t\t<\/div>\n\t\t\t\t<\/div>\n\t\t<div class=\"elementor-element elementor-element-47d73ab e-flex e-con-boxed e-con e-parent\" data-id=\"47d73ab\" data-element_type=\"container\" data-e-type=\"container\">\n\t\t\t\t\t<div class=\"e-con-inner\">\n\t\t\t\t<div class=\"elementor-element elementor-element-36f1152 elementor-widget elementor-widget-text-editor\" data-id=\"36f1152\" data-element_type=\"widget\" data-e-type=\"widget\" data-widget_type=\"text-editor.default\">\n\t\t\t\t\t\t\t\t\t<p>Come partner, Leo ha iniziato a esplorare attivamente le possibilit\u00e0 di applicare la tecnologia moderna alla scultura tradizionale. Ha introdotto la tecnologia di stampa 3D, combinando questo mezzo innovativo con le tecniche di scultura tradizionali, dando nuova vita alla linea di prodotti della fabbrica.<\/p><p>Sotto l'impulso di Leo, le sculture della Fabbrica iniziarono ad assumere uno stile unico: la delicatezza e la profondit\u00e0 della scultura tradizionale, ma anche la novit\u00e0 e l'efficienza apportate dalla tecnologia moderna. Questa fusione di stili rese le opere della fabbrica pi\u00f9 popolari sul mercato.<\/p>\t\t\t\t\t\t\t\t<\/div>\n\t\t\t\t\t<\/div>\n\t\t\t\t<\/div>\n\t\t<div class=\"elementor-element elementor-element-7a40235 e-flex e-con-boxed e-con e-parent\" data-id=\"7a40235\" data-element_type=\"container\" data-e-type=\"container\">\n\t\t\t\t\t<div class=\"e-con-inner\">\n\t\t<div class=\"elementor-element elementor-element-64cefa5 e-con-full e-flex e-con e-child\" data-id=\"64cefa5\" data-element_type=\"container\" data-e-type=\"container\">\n\t\t\t\t<div class=\"elementor-element elementor-element-fdf2688 elementor-widget elementor-widget-image\" data-id=\"fdf2688\" data-element_type=\"widget\" data-e-type=\"widget\" data-widget_type=\"image.default\">\n\t\t\t\t\t\t\t\t\t\t\t\t\t\t\t<img decoding=\"async\" width=\"800\" height=\"600\" src=\"https:\/\/sculptureshome.com\/wp-content\/uploads\/2024\/01\/mmexport1682444858808-1024x768.jpg\" class=\"attachment-large size-large wp-image-872\" alt=\"\" srcset=\"https:\/\/sculptureshome.com\/wp-content\/uploads\/2024\/01\/mmexport1682444858808-1024x768.jpg 1024w, https:\/\/sculptureshome.com\/wp-content\/uploads\/2024\/01\/mmexport1682444858808-300x225.jpg 300w, https:\/\/sculptureshome.com\/wp-content\/uploads\/2024\/01\/mmexport1682444858808-768x576.jpg 768w, https:\/\/sculptureshome.com\/wp-content\/uploads\/2024\/01\/mmexport1682444858808-600x450.jpg 600w, https:\/\/sculptureshome.com\/wp-content\/uploads\/2024\/01\/mmexport1682444858808.jpg 1440w\" sizes=\"(max-width: 800px) 100vw, 800px\" title=\"\">\t\t\t\t\t\t\t\t\t\t\t\t\t\t\t<\/div>\n\t\t\t\t<\/div>\n\t\t<div class=\"elementor-element elementor-element-4e4fc0a e-con-full e-flex e-con e-child\" data-id=\"4e4fc0a\" data-element_type=\"container\" data-e-type=\"container\">\n\t\t\t\t<div class=\"elementor-element elementor-element-61cc006 elementor-widget elementor-widget-image\" data-id=\"61cc006\" data-element_type=\"widget\" data-e-type=\"widget\" data-widget_type=\"image.default\">\n\t\t\t\t\t\t\t\t\t\t\t\t\t\t\t<img decoding=\"async\" width=\"768\" height=\"1024\" src=\"https:\/\/sculptureshome.com\/wp-content\/uploads\/2024\/03\/about-us-768x1024.jpg\" class=\"attachment-large size-large wp-image-1092\" alt=\"\" srcset=\"https:\/\/sculptureshome.com\/wp-content\/uploads\/2024\/03\/about-us-768x1024.jpg 768w, https:\/\/sculptureshome.com\/wp-content\/uploads\/2024\/03\/about-us-225x300.jpg 225w, https:\/\/sculptureshome.com\/wp-content\/uploads\/2024\/03\/about-us-600x800.jpg 600w, https:\/\/sculptureshome.com\/wp-content\/uploads\/2024\/03\/about-us.jpg 960w\" sizes=\"(max-width: 768px) 100vw, 768px\" title=\"\">\t\t\t\t\t\t\t\t\t\t\t\t\t\t\t<\/div>\n\t\t\t\t<\/div>\n\t\t\t\t\t<\/div>\n\t\t\t\t<\/div>\n\t\t\t\t<\/div>","protected":false},"excerpt":{"rendered":"<p>Our Story In a city full of creativity and vitality, there is a factory specializing in sculpture, and at the heart of this place is Leo, a sculptor who graduated from the Academy of Fine Arts and who not only has an in-depth understanding of traditional sculpting techniques, but also has a passion for incorporating [&hellip;]<\/p>\n","protected":false},"author":1,"featured_media":0,"parent":0,"menu_order":0,"comment_status":"closed","ping_status":"closed","template":"elementor_header_footer","meta":{"footnotes":""},"class_list":["post-864","page","type-page","status-publish","hentry"],"_links":{"self":[{"href":"https:\/\/sculptureshome.com\/it\/wp-json\/wp\/v2\/pages\/864","targetHints":{"allow":["GET"]}}],"collection":[{"href":"https:\/\/sculptureshome.com\/it\/wp-json\/wp\/v2\/pages"}],"about":[{"href":"https:\/\/sculptureshome.com\/it\/wp-json\/wp\/v2\/types\/page"}],"author":[{"embeddable":true,"href":"https:\/\/sculptureshome.com\/it\/wp-json\/wp\/v2\/users\/1"}],"replies":[{"embeddable":true,"href":"https:\/\/sculptureshome.com\/it\/wp-json\/wp\/v2\/comments?post=864"}],"version-history":[{"count":0,"href":"https:\/\/sculptureshome.com\/it\/wp-json\/wp\/v2\/pages\/864\/revisions"}],"wp:attachment":[{"href":"https:\/\/sculptureshome.com\/it\/wp-json\/wp\/v2\/media?parent=864"}],"curies":[{"name":"wp","href":"https:\/\/api.w.org\/{rel}","templated":true}]}}