{"id":788,"date":"2024-01-29T16:15:11","date_gmt":"2024-01-29T16:15:11","guid":{"rendered":"https:\/\/sculptureshome.com\/?post_type=product&#038;p=788"},"modified":"2024-01-29T16:18:03","modified_gmt":"2024-01-29T16:18:03","slug":"788","status":"publish","type":"product","link":"https:\/\/sculptureshome.com\/fr\/product\/788\/","title":{"rendered":"Personnalisation de la silhouette humaine"},"content":{"rendered":"<div class=\"attribute-list\">\n<div class=\"attribute-item\">\n<div class=\"left\" data-spm-anchor-id=\"a2700.details.0.i93.7dc53e28OtBxaN\">Style : Jouet de dessin anim\u00e9, Jouet militaire, MOD\u00c8LE DE JOUET<\/div>\n<div class=\"right\">Mat\u00e9riau : PVC, Vinyle, ABS<\/div>\n<\/div>\n<\/div>\n<div class=\"attribute-list\">\n<div class=\"attribute-item\">\n<div class=\"left\">Personnages : jouets familiaux<\/div>\n<div class=\"right\">Par source d'animation : Western Animiation<\/div>\n<\/div>\n<div class=\"attribute-item\">\n<div class=\"left\">Th\u00e8me : Fantaisie et science-fiction<\/div>\n<\/div>\n<div class=\"attribute-item\">\n<div class=\"right\">Num\u00e9ro de mod\u00e8le : Figurine personnalis\u00e9e<\/div>\n<\/div>\n<div class=\"attribute-item\">\n<div class=\"left\">Utilisation : D\u00e9coration, jouets, ornements, collectionneurs de jouets<\/div>\n<\/div>\n<\/div>","protected":false},"excerpt":{"rendered":"<p>Style : Jouet de dessin anim\u00e9, jouet militaire, jouet mod\u00e8le Mat\u00e9riau : PVC, vinyle, ABS PVC, Vinyle, ABS Personnages : jouets familiaux Source d'animation : Western Animiation Th\u00e8me : Fantaisie et science-fiction Num\u00e9ro de mod\u00e8le : Figurine personnalis\u00e9e Utilisation : Jouet de d\u00e9coration, ornements, collectionneurs de jouets.<\/p>","protected":false},"featured_media":789,"comment_status":"open","ping_status":"closed","template":"","meta":[],"product_brand":[],"product_cat":[31],"product_tag":[],"class_list":{"0":"post-788","1":"product","2":"type-product","3":"status-publish","4":"has-post-thumbnail","6":"product_cat-crafts","8":"first","9":"instock","10":"shipping-taxable","11":"product-type-simple"},"_links":{"self":[{"href":"https:\/\/sculptureshome.com\/fr\/wp-json\/wp\/v2\/product\/788","targetHints":{"allow":["GET"]}}],"collection":[{"href":"https:\/\/sculptureshome.com\/fr\/wp-json\/wp\/v2\/product"}],"about":[{"href":"https:\/\/sculptureshome.com\/fr\/wp-json\/wp\/v2\/types\/product"}],"replies":[{"embeddable":true,"href":"https:\/\/sculptureshome.com\/fr\/wp-json\/wp\/v2\/comments?post=788"}],"version-history":[{"count":0,"href":"https:\/\/sculptureshome.com\/fr\/wp-json\/wp\/v2\/product\/788\/revisions"}],"wp:featuredmedia":[{"embeddable":true,"href":"https:\/\/sculptureshome.com\/fr\/wp-json\/wp\/v2\/media\/789"}],"wp:attachment":[{"href":"https:\/\/sculptureshome.com\/fr\/wp-json\/wp\/v2\/media?parent=788"}],"wp:term":[{"taxonomy":"product_brand","embeddable":true,"href":"https:\/\/sculptureshome.com\/fr\/wp-json\/wp\/v2\/product_brand?post=788"},{"taxonomy":"product_cat","embeddable":true,"href":"https:\/\/sculptureshome.com\/fr\/wp-json\/wp\/v2\/product_cat?post=788"},{"taxonomy":"product_tag","embeddable":true,"href":"https:\/\/sculptureshome.com\/fr\/wp-json\/wp\/v2\/product_tag?post=788"}],"curies":[{"name":"wp","href":"https:\/\/api.w.org\/{rel}","templated":true}]}}