{"id":783,"date":"2024-01-29T16:06:47","date_gmt":"2024-01-29T16:06:47","guid":{"rendered":"https:\/\/sculptureshome.com\/?post_type=product&#038;p=783"},"modified":"2024-01-29T16:11:26","modified_gmt":"2024-01-29T16:11:26","slug":"figure-daction-humaine-araignee-anime","status":"publish","type":"product","link":"https:\/\/sculptureshome.com\/fr\/product\/anime-spider-human-action-figure\/","title":{"rendered":"Anime Spider human Action Figure"},"content":{"rendered":"<div class=\"attribute-list\" data-spm-anchor-id=\"a2700.details.0.i91.47cf502bk88zz2\">\n<div class=\"attribute-item\">\n<div class=\"left\" data-spm-anchor-id=\"a2700.details.0.i92.47cf502bk88zz2\">Mat\u00e9riau : PVC<\/div>\n<div class=\"right\">Gamme d'\u00e2ge : 2 \u00e0 4 ans, 5 \u00e0 7 ans, 8 \u00e0 13 ans, 14 ans et plus<\/div>\n<\/div>\n<\/div>\n<div class=\"attribute-list\">\n<div class=\"attribute-item\">\n<div class=\"left\" data-spm-anchor-id=\"a2700.details.0.i89.47cf502bk88zz2\">Personnages : spider action man<\/div>\n<div class=\"right\">Par source d'animation : Western Animiation<\/div>\n<div>Attribut de la marchandise : Produits finis<\/div>\n<\/div>\n<div class=\"attribute-item\">\n<div class=\"left\">Th\u00e8me : Cin\u00e9ma et t\u00e9l\u00e9vision<\/div>\n<\/div>\n<div class=\"attribute-item\">\n<div class=\"left\">Genre : Unisexe<\/div>\n<\/div>\n<div class=\"attribute-item\">\n<div class=\"left\">Lieu d'origine : Guangdong, Chine<\/div>\n<\/div>\n<div class=\"attribute-item\">\n<div class=\"left\">Couleur : Couleur personnalis\u00e9e<\/div>\n<div class=\"right\">\n<p>Fonction : Cadeau<\/p>\n<div class=\"left\">Emballage : Emballage personnalis\u00e9<\/div>\n<div class=\"right\">\n<div class=\"left\">OEM\/ODM : Service de personnalisation offert<\/div>\n<div class=\"right\"><\/div>\n<\/div>\n<\/div>\n<\/div>\n<div class=\"attribute-item\">\n<div class=\"right\"><\/div>\n<\/div>\n<\/div>","protected":false},"excerpt":{"rendered":"<p>Material: PVC Age Range: 2 to 4 Years, 5 to 7 years, 8 to 13 Years, 14 Years &amp; up Characters: spider action man By Animation Source: Western Animiation Commodity Attribute: Finished Goods Theme: Movie &amp; TV Gender: Unisex Place of Origin: Guangdong, China Color: Customized Color Function: Gift Packing: Customized Packing OEM\/ODM: Customization Service [&hellip;]<\/p>\n","protected":false},"featured_media":784,"comment_status":"open","ping_status":"closed","template":"","meta":[],"product_brand":[],"product_cat":[31],"product_tag":[],"class_list":{"0":"post-783","1":"product","2":"type-product","3":"status-publish","4":"has-post-thumbnail","6":"product_cat-crafts","8":"first","9":"instock","10":"shipping-taxable","11":"product-type-simple"},"_links":{"self":[{"href":"https:\/\/sculptureshome.com\/fr\/wp-json\/wp\/v2\/product\/783","targetHints":{"allow":["GET"]}}],"collection":[{"href":"https:\/\/sculptureshome.com\/fr\/wp-json\/wp\/v2\/product"}],"about":[{"href":"https:\/\/sculptureshome.com\/fr\/wp-json\/wp\/v2\/types\/product"}],"replies":[{"embeddable":true,"href":"https:\/\/sculptureshome.com\/fr\/wp-json\/wp\/v2\/comments?post=783"}],"version-history":[{"count":0,"href":"https:\/\/sculptureshome.com\/fr\/wp-json\/wp\/v2\/product\/783\/revisions"}],"wp:featuredmedia":[{"embeddable":true,"href":"https:\/\/sculptureshome.com\/fr\/wp-json\/wp\/v2\/media\/784"}],"wp:attachment":[{"href":"https:\/\/sculptureshome.com\/fr\/wp-json\/wp\/v2\/media?parent=783"}],"wp:term":[{"taxonomy":"product_brand","embeddable":true,"href":"https:\/\/sculptureshome.com\/fr\/wp-json\/wp\/v2\/product_brand?post=783"},{"taxonomy":"product_cat","embeddable":true,"href":"https:\/\/sculptureshome.com\/fr\/wp-json\/wp\/v2\/product_cat?post=783"},{"taxonomy":"product_tag","embeddable":true,"href":"https:\/\/sculptureshome.com\/fr\/wp-json\/wp\/v2\/product_tag?post=783"}],"curies":[{"name":"wp","href":"https:\/\/api.w.org\/{rel}","templated":true}]}}