{"id":762,"date":"2024-01-29T15:16:35","date_gmt":"2024-01-29T15:16:35","guid":{"rendered":"https:\/\/sculptureshome.com\/?post_type=product&#038;p=762"},"modified":"2024-01-29T15:16:35","modified_gmt":"2024-01-29T15:16:35","slug":"chaise-de-cafe-personnalisee-sla-sls-resine-plastique-prototype","status":"publish","type":"product","link":"https:\/\/sculptureshome.com\/fr\/product\/custom-coffee-chair-sla-sls-resin-plastic-prototype\/","title":{"rendered":"Chaise \u00e0 caf\u00e9 personnalis\u00e9e Prototype en r\u00e9sine plastique SLA\/SLS"},"content":{"rendered":"<div class=\"attribute-item\">\n<div class=\"left\">Lieu d'origine : Guangdong, Chine<\/div>\n<div class=\"right\">Type : Brochage, fraisage, prototypage rapide<\/div>\n<div>Micro-usinage ou pas : Micro-usinage<\/div>\n<\/div>\n<div class=\"attribute-item\">\n<div class=\"left\">Mat\u00e9riau : Plastique<\/div>\n<div class=\"right\">Processus : Impression 3D<\/div>\n<div>Service : OEM sur mesure<\/div>\n<\/div>\n<div class=\"attribute-item\">\n<div class=\"left\">Application : Appareils m\u00e9nagers<\/div>\n<div class=\"right\">\n<div class=\"left\">Traitement de surface : Demande du client<\/div>\n<div class=\"right\" data-spm-anchor-id=\"a2700.details.0.i86.13267c08IC4GH5\"><\/div>\n<p>&nbsp;<\/p>\n<\/div>\n<\/div>\n<div class=\"attribute-item\">\n<div class=\"left\"><\/div>\n<div class=\"right\">\n&nbsp;<\/p>\n<\/div>\n<\/div>\n<div class=\"attribute-item\">\n<div class=\"left\"><\/div>\n<div class=\"right\">\n&nbsp;<\/p>\n<\/div>\n<\/div>\n<div class=\"attribute-item\">\n<div class=\"right\" data-spm-anchor-id=\"a2700.details.0.i86.13267c08IC4GH5\"><\/div>\n<\/div>","protected":false},"excerpt":{"rendered":"<p>Lieu d'origine : Guangdong, Chine Type : Brochage, fraisage, prototypage rapide Micro-usinage ou non : Micro-usinage Mat\u00e9riau : Plastique Plastique Proc\u00e9d\u00e9 : Impression 3D Service : OEM personnalis\u00e9 Application : Appareils m\u00e9nagers Traitement de surface : Demande du client &nbsp; &nbsp; &nbsp;<\/p>","protected":false},"featured_media":763,"comment_status":"open","ping_status":"closed","template":"","meta":[],"product_brand":[],"product_cat":[29],"product_tag":[],"class_list":{"0":"post-762","1":"product","2":"type-product","3":"status-publish","4":"has-post-thumbnail","6":"product_cat-3d-printing-furniture","8":"first","9":"instock","10":"shipping-taxable","11":"product-type-simple"},"_links":{"self":[{"href":"https:\/\/sculptureshome.com\/fr\/wp-json\/wp\/v2\/product\/762","targetHints":{"allow":["GET"]}}],"collection":[{"href":"https:\/\/sculptureshome.com\/fr\/wp-json\/wp\/v2\/product"}],"about":[{"href":"https:\/\/sculptureshome.com\/fr\/wp-json\/wp\/v2\/types\/product"}],"replies":[{"embeddable":true,"href":"https:\/\/sculptureshome.com\/fr\/wp-json\/wp\/v2\/comments?post=762"}],"version-history":[{"count":0,"href":"https:\/\/sculptureshome.com\/fr\/wp-json\/wp\/v2\/product\/762\/revisions"}],"wp:featuredmedia":[{"embeddable":true,"href":"https:\/\/sculptureshome.com\/fr\/wp-json\/wp\/v2\/media\/763"}],"wp:attachment":[{"href":"https:\/\/sculptureshome.com\/fr\/wp-json\/wp\/v2\/media?parent=762"}],"wp:term":[{"taxonomy":"product_brand","embeddable":true,"href":"https:\/\/sculptureshome.com\/fr\/wp-json\/wp\/v2\/product_brand?post=762"},{"taxonomy":"product_cat","embeddable":true,"href":"https:\/\/sculptureshome.com\/fr\/wp-json\/wp\/v2\/product_cat?post=762"},{"taxonomy":"product_tag","embeddable":true,"href":"https:\/\/sculptureshome.com\/fr\/wp-json\/wp\/v2\/product_tag?post=762"}],"curies":[{"name":"wp","href":"https:\/\/api.w.org\/{rel}","templated":true}]}}