{"id":757,"date":"2024-01-29T15:11:27","date_gmt":"2024-01-29T15:11:27","guid":{"rendered":"https:\/\/sculptureshome.com\/?post_type=product&#038;p=757"},"modified":"2024-01-29T15:11:27","modified_gmt":"2024-01-29T15:11:27","slug":"grand-modele-impression-3d-prototype","status":"publish","type":"product","link":"https:\/\/sculptureshome.com\/fr\/product\/big-model-3d-print-prototype\/","title":{"rendered":"Grand mod\u00e8le Prototype imprim\u00e9 en 3D"},"content":{"rendered":"<div class=\"left\" data-spm-anchor-id=\"a2700.details.0.i80.9d67109dkYOlMo\">Capacit\u00e9s en mati\u00e8re de mat\u00e9riaux : Cuivre, bronze, acier inoxydable, aluminium, laiton, m\u00e9taux tremp\u00e9s, m\u00e9taux pr\u00e9cieux, alliages d'acier, ABS, POM, PP, PC, PE, PA (nylon), caoutchouc, silicone, polyur\u00e9thane, etc.<\/div>\n<div data-spm-anchor-id=\"a2700.details.0.i80.9d67109dkYOlMo\">\n<div class=\"left\" data-spm-anchor-id=\"a2700.details.0.i82.9d67109dkYOlMo\">couleur : <span data-spm-anchor-id=\"a2700.details.0.i83.9d67109dkYOlMo\">Peut \u00eatre personnalis\u00e9<\/span><\/p>\n<div class=\"attribute-item\">\n<div class=\"right\">\n<div class=\"left\" data-spm-anchor-id=\"a2700.details.0.i84.9d67109dkYOlMo\">Format des fichiers : <span data-spm-anchor-id=\"a2700.details.0.i85.9d67109dkYOlMo\">cad igs stp stl x-t<\/span><\/div>\n<div data-spm-anchor-id=\"a2700.details.0.i84.9d67109dkYOlMo\">\n<div class=\"left\" data-spm-anchor-id=\"a2700.details.0.i86.9d67109dkYOlMo\">Traitement de surface : <span data-spm-anchor-id=\"a2700.details.0.i87.9d67109dkYOlMo\">polissage, peinture, impression sur soie, rev\u00eatement UV, galvanoplastie, etc.<\/span><\/p>\n<div class=\"attribute-item\">\n<div class=\"right\">\n<div class=\"left\" data-spm-anchor-id=\"a2700.details.0.i88.9d67109dkYOlMo\">Application : <span data-spm-anchor-id=\"a2700.details.0.i89.9d67109dkYOlMo\">Voitures, appareils m\u00e9nagers, meubles, produits de base, \u00e9lectronique, etc.<\/span><\/p>\n<div class=\"attribute-item\">\n<div class=\"right\">\n&nbsp;<\/p>\n<\/div>\n<\/div>\n<div class=\"attribute-item\"><\/div>\n<\/div>\n<p>&nbsp;<\/p>\n<\/div>\n<\/div>\n<div class=\"attribute-item\"><\/div>\n<\/div>\n<\/div>\n<p>&nbsp;<\/p>\n<\/div>\n<\/div>\n<div class=\"attribute-item\"><\/div>\n<\/div>\n<div data-spm-anchor-id=\"a2700.details.0.i82.9d67109dkYOlMo\"><\/div>\n<\/div>","protected":false},"excerpt":{"rendered":"<p>Capacit\u00e9s en mati\u00e8re de mat\u00e9riaux : Cuivre, bronze, acier inoxydable, aluminium, laiton, m\u00e9taux tremp\u00e9s, m\u00e9taux pr\u00e9cieux, alliages d'acier, ABS, POM, PP, PC, PE, PA(Nylon), caoutchouc, silicone, polyur\u00e9thane, etc. Couleur : peut \u00eatre personnalis\u00e9e Format des fichiers : cad igs stp stl x-t Traitement de surface : polissage, peinture, impression sur soie, rev\u00eatement UV, galvanoplastie, etc : Voiture, appareils m\u00e9nagers, meubles, produits de base, \u00e9lectronique, etc. &nbsp; &nbsp; &nbsp;<\/p>","protected":false},"featured_media":758,"comment_status":"open","ping_status":"closed","template":"","meta":[],"product_brand":[],"product_cat":[29],"product_tag":[],"class_list":{"0":"post-757","1":"product","2":"type-product","3":"status-publish","4":"has-post-thumbnail","6":"product_cat-3d-printing-furniture","8":"first","9":"instock","10":"shipping-taxable","11":"product-type-simple"},"_links":{"self":[{"href":"https:\/\/sculptureshome.com\/fr\/wp-json\/wp\/v2\/product\/757","targetHints":{"allow":["GET"]}}],"collection":[{"href":"https:\/\/sculptureshome.com\/fr\/wp-json\/wp\/v2\/product"}],"about":[{"href":"https:\/\/sculptureshome.com\/fr\/wp-json\/wp\/v2\/types\/product"}],"replies":[{"embeddable":true,"href":"https:\/\/sculptureshome.com\/fr\/wp-json\/wp\/v2\/comments?post=757"}],"version-history":[{"count":0,"href":"https:\/\/sculptureshome.com\/fr\/wp-json\/wp\/v2\/product\/757\/revisions"}],"wp:featuredmedia":[{"embeddable":true,"href":"https:\/\/sculptureshome.com\/fr\/wp-json\/wp\/v2\/media\/758"}],"wp:attachment":[{"href":"https:\/\/sculptureshome.com\/fr\/wp-json\/wp\/v2\/media?parent=757"}],"wp:term":[{"taxonomy":"product_brand","embeddable":true,"href":"https:\/\/sculptureshome.com\/fr\/wp-json\/wp\/v2\/product_brand?post=757"},{"taxonomy":"product_cat","embeddable":true,"href":"https:\/\/sculptureshome.com\/fr\/wp-json\/wp\/v2\/product_cat?post=757"},{"taxonomy":"product_tag","embeddable":true,"href":"https:\/\/sculptureshome.com\/fr\/wp-json\/wp\/v2\/product_tag?post=757"}],"curies":[{"name":"wp","href":"https:\/\/api.w.org\/{rel}","templated":true}]}}