{"id":734,"date":"2024-01-29T14:46:21","date_gmt":"2024-01-29T14:46:21","guid":{"rendered":"https:\/\/sculptureshome.com\/?post_type=product&#038;p=734"},"modified":"2024-01-29T14:46:22","modified_gmt":"2024-01-29T14:46:22","slug":"statue-de-hulk-en-fibre-de-verre-grandeur-nature","status":"publish","type":"product","link":"https:\/\/sculptureshome.com\/fr\/product\/fiberglass-life-size-hulk-statue\/","title":{"rendered":"Statue Hulk en fibre de verre grandeur nature"},"content":{"rendered":"<div class=\"attribute-item\">\n<div class=\"left\" data-spm-anchor-id=\"a2700.details.0.i90.13f149faq1xrT5\">Lieu d'origine\uff1aGuangdong, Chine<\/div>\n<div data-spm-anchor-id=\"a2700.details.0.i90.13f149faq1xrT5\">Style : Artificiel<\/div>\n<\/div>\n<div class=\"attribute-item\">\n<div class=\"right\">Utilisation : Art et collection<\/div>\n<\/div>\n<div class=\"attribute-item\">\n<div class=\"left\">Mat\u00e9riau : Fibre de verre<\/div>\n<div class=\"right\">Couleur : Couleur personnalis\u00e9e<\/div>\n<div>Taille : Taille r\u00e9elle ou personnalis\u00e9e<\/div>\n<\/div>\n<div class=\"attribute-item\">\n<div class=\"left\">Type : Sculpture en fibre de verre<\/div>\n<\/div>\n<div class=\"attribute-item\">\n<div class=\"left\">Application : <span data-spm-anchor-id=\"a2700.details.0.i87.13f149faq1xrT5\">Parc \u00e0 th\u00e8me, jardin, zoo, place, place de la ville.<\/span><\/div>\n<div class=\"right\" data-spm-anchor-id=\"a2700.details.0.i88.13f149faq1xrT5\"><\/div>\n<\/div>","protected":false},"excerpt":{"rendered":"<p>Lieu d'origine\uff1aGuangdong, Chine Style : Artificiel Utilisation : Art et objets de collection Mat\u00e9riau : Fibre de verre Couleur : Couleur personnalis\u00e9e Taille : Taille r\u00e9elle ou personnalis\u00e9e Type : Sculpture en fibre de verre Application : Parc \u00e0 th\u00e8me, jardin, zoo, place, place de la ville.<\/p>","protected":false},"featured_media":735,"comment_status":"open","ping_status":"closed","template":"","meta":[],"product_brand":[],"product_cat":[30],"product_tag":[],"class_list":{"0":"post-734","1":"product","2":"type-product","3":"status-publish","4":"has-post-thumbnail","6":"product_cat-fiberglass-sculpture","8":"first","9":"instock","10":"shipping-taxable","11":"product-type-simple"},"_links":{"self":[{"href":"https:\/\/sculptureshome.com\/fr\/wp-json\/wp\/v2\/product\/734","targetHints":{"allow":["GET"]}}],"collection":[{"href":"https:\/\/sculptureshome.com\/fr\/wp-json\/wp\/v2\/product"}],"about":[{"href":"https:\/\/sculptureshome.com\/fr\/wp-json\/wp\/v2\/types\/product"}],"replies":[{"embeddable":true,"href":"https:\/\/sculptureshome.com\/fr\/wp-json\/wp\/v2\/comments?post=734"}],"version-history":[{"count":0,"href":"https:\/\/sculptureshome.com\/fr\/wp-json\/wp\/v2\/product\/734\/revisions"}],"wp:featuredmedia":[{"embeddable":true,"href":"https:\/\/sculptureshome.com\/fr\/wp-json\/wp\/v2\/media\/735"}],"wp:attachment":[{"href":"https:\/\/sculptureshome.com\/fr\/wp-json\/wp\/v2\/media?parent=734"}],"wp:term":[{"taxonomy":"product_brand","embeddable":true,"href":"https:\/\/sculptureshome.com\/fr\/wp-json\/wp\/v2\/product_brand?post=734"},{"taxonomy":"product_cat","embeddable":true,"href":"https:\/\/sculptureshome.com\/fr\/wp-json\/wp\/v2\/product_cat?post=734"},{"taxonomy":"product_tag","embeddable":true,"href":"https:\/\/sculptureshome.com\/fr\/wp-json\/wp\/v2\/product_tag?post=734"}],"curies":[{"name":"wp","href":"https:\/\/api.w.org\/{rel}","templated":true}]}}