{"id":709,"date":"2024-01-29T14:27:43","date_gmt":"2024-01-29T14:27:43","guid":{"rendered":"https:\/\/sculptureshome.com\/?post_type=product&#038;p=709"},"modified":"2024-01-29T14:27:44","modified_gmt":"2024-01-29T14:27:44","slug":"sculpture-en-fibre-de-verre-dune-montgolfiere-en-resine-grandeur-nature","status":"publish","type":"product","link":"https:\/\/sculptureshome.com\/fr\/product\/life-size-resin-hot-air-balloon-fiberglass-sculpture\/","title":{"rendered":"Montgolfi\u00e8re en r\u00e9sine grandeur nature Sculpture en fibre de verre"},"content":{"rendered":"<div class=\"attribute-list\">\n<div class=\"attribute-item\">\n<div class=\"left\" data-spm-anchor-id=\"a2700.details.0.i92.dfb7758aV1x1EK\">Th\u00e8me\uff1aR\u00e9sine Sculpture Ballon<\/div>\n<\/div>\n<\/div>\n<div class=\"attribute-list\">\n<div class=\"attribute-item\">\n<div class=\"left\">Lieu d'origine\uff1aGuangdong, Chine<\/div>\n<\/div>\n<div class=\"attribute-item\">\n<div class=\"left\">Mat\u00e9riau : R\u00e9sine<\/div>\n<div class=\"right\">Style : rose b\u00e9b\u00e9<\/div>\n<\/div>\n<div class=\"attribute-item\">\n<div class=\"left\">Mat\u00e9riau : Accessoire pour montgolfi\u00e8re en r\u00e9sine<\/div>\n<div class=\"right\">Utilisation : D\u00e9coration int\u00e9rieure, accessoire pour montgolfi\u00e8re<\/div>\n<div>Taille : Taille personnalis\u00e9e<\/div>\n<\/div>\n<div class=\"attribute-item\">\n<div class=\"left\">Couleur : Couleur personnalis\u00e9e<\/div>\n<\/div>\n<div class=\"attribute-item\">\n<div class=\"left\">Type : Sculptures artificielles en fibre de verre<\/div>\n<div class=\"right\"><\/div>\n<\/div>\n<\/div>","protected":false},"excerpt":{"rendered":"<p>Th\u00e8me\uff1aResin Sculpture Balloon Place of Origin\uff1aGuangdong, China Material : R\u00e9sine Style : rose b\u00e9b\u00e9 Mat\u00e9riau : R\u00e9sine pour montgolfi\u00e8re Utilisation : D\u00e9coration int\u00e9rieure montgolfi\u00e8re Taille : Taille personnalis\u00e9e Couleur : Couleur personnalis\u00e9e Type : Sculptures artificielles en fibre de verre<\/p>","protected":false},"featured_media":710,"comment_status":"open","ping_status":"closed","template":"","meta":[],"product_brand":[],"product_cat":[28],"product_tag":[],"class_list":{"0":"post-709","1":"product","2":"type-product","3":"status-publish","4":"has-post-thumbnail","6":"product_cat-resin-sculpture","8":"first","9":"instock","10":"shipping-taxable","11":"product-type-simple"},"_links":{"self":[{"href":"https:\/\/sculptureshome.com\/fr\/wp-json\/wp\/v2\/product\/709","targetHints":{"allow":["GET"]}}],"collection":[{"href":"https:\/\/sculptureshome.com\/fr\/wp-json\/wp\/v2\/product"}],"about":[{"href":"https:\/\/sculptureshome.com\/fr\/wp-json\/wp\/v2\/types\/product"}],"replies":[{"embeddable":true,"href":"https:\/\/sculptureshome.com\/fr\/wp-json\/wp\/v2\/comments?post=709"}],"version-history":[{"count":0,"href":"https:\/\/sculptureshome.com\/fr\/wp-json\/wp\/v2\/product\/709\/revisions"}],"wp:featuredmedia":[{"embeddable":true,"href":"https:\/\/sculptureshome.com\/fr\/wp-json\/wp\/v2\/media\/710"}],"wp:attachment":[{"href":"https:\/\/sculptureshome.com\/fr\/wp-json\/wp\/v2\/media?parent=709"}],"wp:term":[{"taxonomy":"product_brand","embeddable":true,"href":"https:\/\/sculptureshome.com\/fr\/wp-json\/wp\/v2\/product_brand?post=709"},{"taxonomy":"product_cat","embeddable":true,"href":"https:\/\/sculptureshome.com\/fr\/wp-json\/wp\/v2\/product_cat?post=709"},{"taxonomy":"product_tag","embeddable":true,"href":"https:\/\/sculptureshome.com\/fr\/wp-json\/wp\/v2\/product_tag?post=709"}],"curies":[{"name":"wp","href":"https:\/\/api.w.org\/{rel}","templated":true}]}}