{"id":695,"date":"2024-01-28T14:36:52","date_gmt":"2024-01-28T14:36:52","guid":{"rendered":"https:\/\/sculptureshome.com\/?post_type=product&#038;p=695"},"modified":"2024-01-28T14:36:52","modified_gmt":"2024-01-28T14:36:52","slug":"resine-souvenir-art-decoration-sculpture-statue-de-la-liberte","status":"publish","type":"product","link":"https:\/\/sculptureshome.com\/fr\/product\/resin-souvenir-art-decoration-sculpture-statue-of-liberty\/","title":{"rendered":"R\u00e9sine Souvenir Art D\u00e9coration Sculpture Statue de la Libert\u00e9"},"content":{"rendered":"<div class=\"attribute-item\">\n<div class=\"left\">Lieu d'origine : Guangdong, Chine<\/div>\n<div class=\"right\">Mat\u00e9riau : R\u00e9sine<\/div>\n<div>Style\uff1aArtificiel<\/div>\n<\/div>\n<div class=\"attribute-item\">\n<div class=\"left\">Utilisation\uff1aD\u00e9coration int\u00e9rieure<\/div>\n<div class=\"right\">Caract\u00e9ristiques r\u00e9gionales\uff1aEurope<\/div>\n<\/div>\n<div class=\"attribute-item\">\n<div class=\"left\">Th\u00e8me\uff1aPatriotisme,D\u00e9coration int\u00e9rieure,D\u00e9coration de jardin,Art,Coutumes \u00e9trang\u00e8res<\/div>\n<\/div>\n<div class=\"attribute-item\">\n<div class=\"right\">Couleur : Couleur personnalis\u00e9e<\/div>\n<div>Style de design : Moderne, Art d\u00e9co, Classique, Europ\u00e9en, Luxe<\/div>\n<\/div>\n<div class=\"attribute-item\">\n<div class=\"left\">Fonction : D\u00e9corations<\/div>\n<div class=\"right\">Mat\u00e9riau : R\u00e9sine, fibre de verre, mat\u00e9riaux personnalisables<\/div>\n<\/div>\n<div class=\"attribute-item\">\n<div class=\"left\">Forme : Forme personnalis\u00e9e<\/div>\n<div class=\"right\"><\/div>\n<\/div>","protected":false},"excerpt":{"rendered":"<p>Lieu d'origine : Guangdong, Chine Mat\u00e9riau : R\u00e9sine Style\uff1aArtificiel Utilisation\uff1aD\u00e9coration int\u00e9rieure Caract\u00e9ristique r\u00e9gionale\uff1aEurope Th\u00e8me\uff1aPatriotisme,D\u00e9coration int\u00e9rieure,D\u00e9coration de jardin,Art,Coutumes \u00e9trang\u00e8res Couleur : Couleur personnalis\u00e9e Style de conception : Moderne,Art d\u00e9co,Classique,Europ\u00e9en,Luxe Fonction : D\u00e9corations Mat\u00e9riau : R\u00e9sine, fibre de verre, mat\u00e9riaux personnalisables Forme : Forme personnalis\u00e9e<\/p>","protected":false},"featured_media":696,"comment_status":"open","ping_status":"closed","template":"","meta":[],"product_brand":[],"product_cat":[28],"product_tag":[],"class_list":{"0":"post-695","1":"product","2":"type-product","3":"status-publish","4":"has-post-thumbnail","6":"product_cat-resin-sculpture","8":"first","9":"instock","10":"shipping-taxable","11":"product-type-simple"},"_links":{"self":[{"href":"https:\/\/sculptureshome.com\/fr\/wp-json\/wp\/v2\/product\/695","targetHints":{"allow":["GET"]}}],"collection":[{"href":"https:\/\/sculptureshome.com\/fr\/wp-json\/wp\/v2\/product"}],"about":[{"href":"https:\/\/sculptureshome.com\/fr\/wp-json\/wp\/v2\/types\/product"}],"replies":[{"embeddable":true,"href":"https:\/\/sculptureshome.com\/fr\/wp-json\/wp\/v2\/comments?post=695"}],"version-history":[{"count":0,"href":"https:\/\/sculptureshome.com\/fr\/wp-json\/wp\/v2\/product\/695\/revisions"}],"wp:featuredmedia":[{"embeddable":true,"href":"https:\/\/sculptureshome.com\/fr\/wp-json\/wp\/v2\/media\/696"}],"wp:attachment":[{"href":"https:\/\/sculptureshome.com\/fr\/wp-json\/wp\/v2\/media?parent=695"}],"wp:term":[{"taxonomy":"product_brand","embeddable":true,"href":"https:\/\/sculptureshome.com\/fr\/wp-json\/wp\/v2\/product_brand?post=695"},{"taxonomy":"product_cat","embeddable":true,"href":"https:\/\/sculptureshome.com\/fr\/wp-json\/wp\/v2\/product_cat?post=695"},{"taxonomy":"product_tag","embeddable":true,"href":"https:\/\/sculptureshome.com\/fr\/wp-json\/wp\/v2\/product_tag?post=695"}],"curies":[{"name":"wp","href":"https:\/\/api.w.org\/{rel}","templated":true}]}}