{"id":687,"date":"2024-01-28T14:31:52","date_gmt":"2024-01-28T14:31:52","guid":{"rendered":"https:\/\/sculptureshome.com\/?post_type=product&#038;p=687"},"modified":"2024-01-28T14:31:52","modified_gmt":"2024-01-28T14:31:52","slug":"figurine-en-resine-3d-personnalisee-petite-statue-en-polyresine","status":"publish","type":"product","link":"https:\/\/sculptureshome.com\/fr\/product\/custom-3d-resin-figurine-polyresin-small-statue\/","title":{"rendered":"figurine 3D personnalis\u00e9e en r\u00e9sine polyr\u00e9sine petite statue"},"content":{"rendered":"<div class=\"attribute-list\" data-spm-anchor-id=\"a2700.details.0.i54.6b622abb6bmvk3\">\n<div class=\"attribute-item\">\n<div class=\"left\">Th\u00e8me\uff1asouvenir<\/div>\n<\/div>\n<\/div>\n<div class=\"attribute-list\">\n<div class=\"attribute-item\">\n<div class=\"left\">Lieu d'origine\uff1a Guangdong, Chine<\/div>\n<div class=\"right\">Mat\u00e9riau : R\u00e9sine<\/div>\n<div>Style : Artificiel<\/div>\n<\/div>\n<div class=\"attribute-item\">\n<div class=\"left\">Utilisation : Souvenir<\/div>\n<div class=\"right\">Caract\u00e9ristiques r\u00e9gionales : Europe<\/div>\n<\/div>\n<div class=\"attribute-item\">\n<div class=\"left\">Num\u00e9ro de mod\u00e8le : Mod\u00e8le de b\u00e2timent en 3D<\/div>\n<div class=\"right\">\n<div class=\"left\">Mati\u00e8re\uff1aR\u00e9sine Polyr\u00e9sine R\u00e9sine polyester<\/div>\n<p>Taille de production : personnalis\u00e9e<\/p><\/div>\n<\/div>\n<\/div>","protected":false},"excerpt":{"rendered":"<p>Th\u00e8me\uff1asouvenir Lieu d'origine\uff1a Guangdong, Chine Mat\u00e9riau : R\u00e9sine Style : Artificiel Utilisation : Souvenir Caract\u00e9ristique r\u00e9gionale : Europe Num\u00e9ro de mod\u00e8le : Mod\u00e8le de b\u00e2timent 3D Mat\u00e9riau\uff1aR\u00e9sine Polyr\u00e9sine R\u00e9sine de polyester Taille de production : personnalis\u00e9e<\/p>","protected":false},"featured_media":688,"comment_status":"open","ping_status":"closed","template":"","meta":[],"product_brand":[],"product_cat":[28],"product_tag":[],"class_list":{"0":"post-687","1":"product","2":"type-product","3":"status-publish","4":"has-post-thumbnail","6":"product_cat-resin-sculpture","8":"first","9":"instock","10":"shipping-taxable","11":"product-type-simple"},"_links":{"self":[{"href":"https:\/\/sculptureshome.com\/fr\/wp-json\/wp\/v2\/product\/687","targetHints":{"allow":["GET"]}}],"collection":[{"href":"https:\/\/sculptureshome.com\/fr\/wp-json\/wp\/v2\/product"}],"about":[{"href":"https:\/\/sculptureshome.com\/fr\/wp-json\/wp\/v2\/types\/product"}],"replies":[{"embeddable":true,"href":"https:\/\/sculptureshome.com\/fr\/wp-json\/wp\/v2\/comments?post=687"}],"version-history":[{"count":0,"href":"https:\/\/sculptureshome.com\/fr\/wp-json\/wp\/v2\/product\/687\/revisions"}],"wp:featuredmedia":[{"embeddable":true,"href":"https:\/\/sculptureshome.com\/fr\/wp-json\/wp\/v2\/media\/688"}],"wp:attachment":[{"href":"https:\/\/sculptureshome.com\/fr\/wp-json\/wp\/v2\/media?parent=687"}],"wp:term":[{"taxonomy":"product_brand","embeddable":true,"href":"https:\/\/sculptureshome.com\/fr\/wp-json\/wp\/v2\/product_brand?post=687"},{"taxonomy":"product_cat","embeddable":true,"href":"https:\/\/sculptureshome.com\/fr\/wp-json\/wp\/v2\/product_cat?post=687"},{"taxonomy":"product_tag","embeddable":true,"href":"https:\/\/sculptureshome.com\/fr\/wp-json\/wp\/v2\/product_tag?post=687"}],"curies":[{"name":"wp","href":"https:\/\/api.w.org\/{rel}","templated":true}]}}