{"id":684,"date":"2024-01-28T13:42:03","date_gmt":"2024-01-28T13:42:03","guid":{"rendered":"https:\/\/sculptureshome.com\/?post_type=product&#038;p=684"},"modified":"2024-01-28T13:42:04","modified_gmt":"2024-01-28T13:42:04","slug":"sculpture-murale-vintage-replique-madone-modesta-relief-italien","status":"publish","type":"product","link":"https:\/\/sculptureshome.com\/fr\/product\/vintage-wall-sculpture-replica-madonna-modesta-italian-relief\/","title":{"rendered":"Vintage Wall Sculpture Replica Madonna Modesta Italian Relief"},"content":{"rendered":"<div class=\"attribute-item\">\n<div class=\"left\" data-spm-anchor-id=\"a2700.details.0.i85.43a96a70FIDoMe\">Lieu d'origine : Guangdong, Chine<\/div>\n<\/div>\n<div class=\"attribute-item\">\n<div class=\"left\">Utilisation : D\u00e9coration int\u00e9rieure<\/div>\n<div class=\"right\" data-spm-anchor-id=\"a2700.details.0.i84.43a96a70FIDoMe\">Caract\u00e9ristiques r\u00e9gionales : Europe<\/div>\n<\/div>\n<div class=\"attribute-item\">\n<div class=\"left\">Usage\uff1aMadonna Wall Sculpture<\/div>\n<div class=\"right\">Taille\uff1a8.25\u2033 de diam\u00e8tre \/ sur mesure<\/div>\n<div>Couleur\uff1aSimilaire \u00e0 la photo (peut \u00eatre personnalis\u00e9e)<\/div>\n<\/div>\n<div class=\"attribute-item\">\n<div class=\"left\">Mati\u00e8re\uff1aR\u00e9sine Polyr\u00e9sine<\/div>\n<div class=\"right\">Technique\uff1aSculpture,Moule,Moulage,Peinture<br \/>\n&nbsp;<\/p>\n<\/div>\n<\/div>\n<div class=\"attribute-item\">\n<div class=\"left\"><\/div>\n<div class=\"right\">\n&nbsp;<\/p>\n<\/div>\n<\/div>\n<div class=\"attribute-item\">\n<div class=\"left\"><\/div>\n<div class=\"right\">\n&nbsp;<\/p>\n<\/div>\n<\/div>\n<div class=\"attribute-item\">\n<div class=\"left\"><\/div>\n<div class=\"right\">\n&nbsp;<\/p>\n<\/div>\n<\/div>\n<div class=\"attribute-item\">\n<div class=\"left\"><\/div>\n<div class=\"right\"><\/div>\n<\/div>","protected":false},"excerpt":{"rendered":"<p>Lieu d'origine : Guangdong, Chine Utilisation : D\u00e9coration de la maison Caract\u00e9ristique r\u00e9gionale : Europe Usage\uff1aMadonna Wall Sculpture Size\uff1a8.25\u2033 diameter \/ Customized Color\uff1aSame as the Pics(can be customized) Material\uff1aResin Polyresin Technique\uff1aSculpture,Mould,Slip Casting,Painting &nbsp; &nbsp; &nbsp; &nbsp;<\/p>","protected":false},"featured_media":685,"comment_status":"open","ping_status":"closed","template":"","meta":[],"product_brand":[],"product_cat":[27],"product_tag":[],"class_list":{"0":"post-684","1":"product","2":"type-product","3":"status-publish","4":"has-post-thumbnail","6":"product_cat-relief-sculpture","8":"first","9":"instock","10":"shipping-taxable","11":"product-type-simple"},"_links":{"self":[{"href":"https:\/\/sculptureshome.com\/fr\/wp-json\/wp\/v2\/product\/684","targetHints":{"allow":["GET"]}}],"collection":[{"href":"https:\/\/sculptureshome.com\/fr\/wp-json\/wp\/v2\/product"}],"about":[{"href":"https:\/\/sculptureshome.com\/fr\/wp-json\/wp\/v2\/types\/product"}],"replies":[{"embeddable":true,"href":"https:\/\/sculptureshome.com\/fr\/wp-json\/wp\/v2\/comments?post=684"}],"version-history":[{"count":0,"href":"https:\/\/sculptureshome.com\/fr\/wp-json\/wp\/v2\/product\/684\/revisions"}],"wp:featuredmedia":[{"embeddable":true,"href":"https:\/\/sculptureshome.com\/fr\/wp-json\/wp\/v2\/media\/685"}],"wp:attachment":[{"href":"https:\/\/sculptureshome.com\/fr\/wp-json\/wp\/v2\/media?parent=684"}],"wp:term":[{"taxonomy":"product_brand","embeddable":true,"href":"https:\/\/sculptureshome.com\/fr\/wp-json\/wp\/v2\/product_brand?post=684"},{"taxonomy":"product_cat","embeddable":true,"href":"https:\/\/sculptureshome.com\/fr\/wp-json\/wp\/v2\/product_cat?post=684"},{"taxonomy":"product_tag","embeddable":true,"href":"https:\/\/sculptureshome.com\/fr\/wp-json\/wp\/v2\/product_tag?post=684"}],"curies":[{"name":"wp","href":"https:\/\/api.w.org\/{rel}","templated":true}]}}