{"id":676,"date":"2024-01-28T13:38:22","date_gmt":"2024-01-28T13:38:22","guid":{"rendered":"https:\/\/sculptureshome.com\/?post_type=product&#038;p=676"},"modified":"2024-01-28T13:38:22","modified_gmt":"2024-01-28T13:38:22","slug":"sculpture-en-pierre-marbriere-design-moderne-pour-la-decoration-de-la-maison","status":"publish","type":"product","link":"https:\/\/sculptureshome.com\/fr\/product\/modern-design-marble-stone-wall-relief-home-villa-decoration-sculpture\/","title":{"rendered":"Sculpture en pierre de marbre pour la d\u00e9coration de la maison ou de la villa"},"content":{"rendered":"<div class=\"attribute-list\">\n<div class=\"attribute-item\">\n<div class=\"left\" data-spm-anchor-id=\"a2700.details.0.i85.44a93e68uvqGJk\">Capacit\u00e9 de solution de projet : conception graphique, conception de mod\u00e8les 3D, solution globale pour les projets, consolidation inter-cat\u00e9gories, etc.<\/div>\n<div class=\"right\">Application : H\u00f4tel<\/div>\n<div>Style de conception : Moderne<\/div>\n<\/div>\n<div class=\"attribute-item\">\n<div class=\"left\">Type : relief en marbre<\/div>\n<\/div>\n<\/div>\n<div class=\"attribute-list\">\n<div class=\"attribute-item\">\n<div class=\"left\">Type : statue en relief en marbre<\/div>\n<div class=\"right\">Taille : 3 \u00e0 9 m\u00e8tres sont disponibles<\/div>\n<div>Couleur : argent (d'autres couleurs sont \u00e9galement disponibles)<\/div>\n<\/div>\n<div class=\"attribute-item\">\n<div class=\"left\">Conception : Par notre \u00e9quipe (les conceptions des clients sont les bienvenues)<\/div>\n<div class=\"right\">Technique : Soudure fine, ciselage et polissage<\/div>\n<\/div>\n<\/div>","protected":false},"excerpt":{"rendered":"<p>Capacit\u00e9 de solution de projet : conception graphique, conception de mod\u00e8les 3D, solution totale pour les projets, consolidation inter-cat\u00e9gories, autres applications : Design d'h\u00f4tel Style : Type : relief en marbre Type : statue en relief en marbre Taille : 3-9 m\u00e8tres sont disponibles Couleur : argent (d'autres couleurs sont \u00e9galement disponibles) Design : Par notre \u00e9quipe (le design du client est le bienvenu) Technique : Soudure fine, ciselage et polissage<\/p>","protected":false},"featured_media":677,"comment_status":"open","ping_status":"closed","template":"","meta":[],"product_brand":[],"product_cat":[27],"product_tag":[],"class_list":{"0":"post-676","1":"product","2":"type-product","3":"status-publish","4":"has-post-thumbnail","6":"product_cat-relief-sculpture","8":"first","9":"instock","10":"shipping-taxable","11":"product-type-simple"},"_links":{"self":[{"href":"https:\/\/sculptureshome.com\/fr\/wp-json\/wp\/v2\/product\/676","targetHints":{"allow":["GET"]}}],"collection":[{"href":"https:\/\/sculptureshome.com\/fr\/wp-json\/wp\/v2\/product"}],"about":[{"href":"https:\/\/sculptureshome.com\/fr\/wp-json\/wp\/v2\/types\/product"}],"replies":[{"embeddable":true,"href":"https:\/\/sculptureshome.com\/fr\/wp-json\/wp\/v2\/comments?post=676"}],"version-history":[{"count":0,"href":"https:\/\/sculptureshome.com\/fr\/wp-json\/wp\/v2\/product\/676\/revisions"}],"wp:featuredmedia":[{"embeddable":true,"href":"https:\/\/sculptureshome.com\/fr\/wp-json\/wp\/v2\/media\/677"}],"wp:attachment":[{"href":"https:\/\/sculptureshome.com\/fr\/wp-json\/wp\/v2\/media?parent=676"}],"wp:term":[{"taxonomy":"product_brand","embeddable":true,"href":"https:\/\/sculptureshome.com\/fr\/wp-json\/wp\/v2\/product_brand?post=676"},{"taxonomy":"product_cat","embeddable":true,"href":"https:\/\/sculptureshome.com\/fr\/wp-json\/wp\/v2\/product_cat?post=676"},{"taxonomy":"product_tag","embeddable":true,"href":"https:\/\/sculptureshome.com\/fr\/wp-json\/wp\/v2\/product_tag?post=676"}],"curies":[{"name":"wp","href":"https:\/\/api.w.org\/{rel}","templated":true}]}}