{"id":671,"date":"2024-01-28T13:34:44","date_gmt":"2024-01-28T13:34:44","guid":{"rendered":"https:\/\/sculptureshome.com\/?post_type=product&#038;p=671"},"modified":"2024-01-28T13:34:44","modified_gmt":"2024-01-28T13:34:44","slug":"sculpture-murale-en-pierre-moulee-durable-pour-la-maison","status":"publish","type":"product","link":"https:\/\/sculptureshome.com\/fr\/product\/durable-cast-stone-carved-wall-relief-sculpture-for-home\/","title":{"rendered":"Sculpture murale en pierre moul\u00e9e durable pour la maison"},"content":{"rendered":"<div class=\"attribute-item\">\n<div class=\"left\" data-spm-anchor-id=\"a2700.details.0.i87.6a3548b8bzq6Mr\">Lieu d'origine : Guangdong, Chine<\/div>\n<\/div>\n<div class=\"attribute-item\">\n<div class=\"left\">Type : Reliefs en pierre<\/div>\n<\/div>\n<div class=\"attribute-item\">\n<div class=\"left\">Mat\u00e9riau : Gr\u00e8s<\/div>\n<div class=\"right\">Utilisation : D\u00e9coration ext\u00e9rieure<\/div>\n<div>Couleur : jaune, beige, noir<\/div>\n<div>Nom : Sculpture murale en relief en pierre moul\u00e9e<\/div>\n<\/div>\n<div class=\"attribute-item\">\n<div class=\"left\">Caract\u00e9ristiques : R\u00e9sistance \u00e0 la corrosion<\/div>\n<\/div>","protected":false},"excerpt":{"rendered":"<p>Lieu d'origine : Guangdong, Chine Type : Reliefs en pierre Mat\u00e9riau : Gr\u00e8s Gr\u00e8s Utilisation : D\u00e9coration ext\u00e9rieure Couleur : Jaune, Beige, noir Nom : Sculpture murale en relief en pierre moul\u00e9e Caract\u00e9ristique : R\u00e9sistance \u00e0 la corrosion<\/p>","protected":false},"featured_media":672,"comment_status":"open","ping_status":"closed","template":"","meta":[],"product_brand":[],"product_cat":[27],"product_tag":[],"class_list":{"0":"post-671","1":"product","2":"type-product","3":"status-publish","4":"has-post-thumbnail","6":"product_cat-relief-sculpture","8":"first","9":"instock","10":"shipping-taxable","11":"product-type-simple"},"_links":{"self":[{"href":"https:\/\/sculptureshome.com\/fr\/wp-json\/wp\/v2\/product\/671","targetHints":{"allow":["GET"]}}],"collection":[{"href":"https:\/\/sculptureshome.com\/fr\/wp-json\/wp\/v2\/product"}],"about":[{"href":"https:\/\/sculptureshome.com\/fr\/wp-json\/wp\/v2\/types\/product"}],"replies":[{"embeddable":true,"href":"https:\/\/sculptureshome.com\/fr\/wp-json\/wp\/v2\/comments?post=671"}],"version-history":[{"count":0,"href":"https:\/\/sculptureshome.com\/fr\/wp-json\/wp\/v2\/product\/671\/revisions"}],"wp:featuredmedia":[{"embeddable":true,"href":"https:\/\/sculptureshome.com\/fr\/wp-json\/wp\/v2\/media\/672"}],"wp:attachment":[{"href":"https:\/\/sculptureshome.com\/fr\/wp-json\/wp\/v2\/media?parent=671"}],"wp:term":[{"taxonomy":"product_brand","embeddable":true,"href":"https:\/\/sculptureshome.com\/fr\/wp-json\/wp\/v2\/product_brand?post=671"},{"taxonomy":"product_cat","embeddable":true,"href":"https:\/\/sculptureshome.com\/fr\/wp-json\/wp\/v2\/product_cat?post=671"},{"taxonomy":"product_tag","embeddable":true,"href":"https:\/\/sculptureshome.com\/fr\/wp-json\/wp\/v2\/product_tag?post=671"}],"curies":[{"name":"wp","href":"https:\/\/api.w.org\/{rel}","templated":true}]}}