{"id":663,"date":"2024-01-28T13:28:25","date_gmt":"2024-01-28T13:28:25","guid":{"rendered":"https:\/\/sculptureshome.com\/?post_type=product&#038;p=663"},"modified":"2024-01-28T13:28:41","modified_gmt":"2024-01-28T13:28:41","slug":"dragon-chinois-sculpture-murale-en-relief-motifs-de-sculpture","status":"publish","type":"product","link":"https:\/\/sculptureshome.com\/fr\/product\/chinese-dragon-relief-wall-sculpture-carving-patterns\/","title":{"rendered":"Sculpture murale chinoise en relief repr\u00e9sentant un dragon"},"content":{"rendered":"<div class=\"attribute-list\">\n<div class=\"attribute-item\">\n<div class=\"left\" data-spm-anchor-id=\"a2700.details.0.i83.18e03a8bycEO57\">Capacit\u00e9 de solution de projet : conception graphique, conception de mod\u00e8les 3D, solution globale pour les projets<\/div>\n<div class=\"right\">Application : Parc<\/div>\n<div>Style de conception : Traditionnel<\/div>\n<\/div>\n<div class=\"attribute-item\">\n<div class=\"left\" data-spm-anchor-id=\"a2700.details.0.i84.18e03a8bycEO57\">Type : d\u00e9coration murale<\/div>\n<\/div>\n<\/div>\n<div class=\"attribute-list\">\n<div class=\"attribute-item\">\n<div class=\"left\">Garantie : Dur\u00e9e de vie<\/div>\n<div class=\"right\">Lieu d'origine : Guangdong, Chine<\/div>\n<div class=\"right\">Mati\u00e8re premi\u00e8re : Argile<\/div>\n<\/div>\n<div class=\"attribute-item\">\n<div class=\"right\">Couleur : jaune, vert, bleu<\/div>\n<div>Surface : Brillant et non \u00e9maill\u00e9<\/div>\n<\/div>\n<div class=\"attribute-item\">\n<div class=\"left\">R\u00e9sistance au gel : -45 \u00b0c<\/div>\n<div class=\"right\">Technique : Fritt\u00e9<\/div>\n<div>Avantage : Fabrication \u00e0 la main<\/div>\n<\/div>\n<div class=\"attribute-item\">\n<div class=\"left\">Absorption de l'eau : 6%<\/div>\n<\/div>\n<div class=\"attribute-item\">\n<div class=\"left\">Application : pour le pavage et la d\u00e9coration murale<\/div>\n<div class=\"right\"><\/div>\n<\/div>\n<\/div>","protected":false},"excerpt":{"rendered":"<p>Capacit\u00e9 de solution de projet : conception graphique, conception de mod\u00e8les 3D, solution totale pour les projets Application : Design de parc Style : Traditionnel Type : d\u00e9coration murale Garantie : Garantie \u00e0 vie Lieu d'origine : Guangdong, Chine Mati\u00e8re premi\u00e8re : Argile Couleur : Jaune, Vert, Bleu Surface : Brillant et non \u00e9maill\u00e9 R\u00e9sistance au gel : -45 \u00b0c Technique : Avantage : Fabrication manuelle Absorption de l'eau : 6% Application : pour le pavage et la d\u00e9coration murale<\/p>","protected":false},"featured_media":664,"comment_status":"open","ping_status":"closed","template":"","meta":[],"product_brand":[],"product_cat":[27],"product_tag":[],"class_list":{"0":"post-663","1":"product","2":"type-product","3":"status-publish","4":"has-post-thumbnail","6":"product_cat-relief-sculpture","8":"first","9":"instock","10":"shipping-taxable","11":"product-type-simple"},"_links":{"self":[{"href":"https:\/\/sculptureshome.com\/fr\/wp-json\/wp\/v2\/product\/663","targetHints":{"allow":["GET"]}}],"collection":[{"href":"https:\/\/sculptureshome.com\/fr\/wp-json\/wp\/v2\/product"}],"about":[{"href":"https:\/\/sculptureshome.com\/fr\/wp-json\/wp\/v2\/types\/product"}],"replies":[{"embeddable":true,"href":"https:\/\/sculptureshome.com\/fr\/wp-json\/wp\/v2\/comments?post=663"}],"version-history":[{"count":0,"href":"https:\/\/sculptureshome.com\/fr\/wp-json\/wp\/v2\/product\/663\/revisions"}],"wp:featuredmedia":[{"embeddable":true,"href":"https:\/\/sculptureshome.com\/fr\/wp-json\/wp\/v2\/media\/664"}],"wp:attachment":[{"href":"https:\/\/sculptureshome.com\/fr\/wp-json\/wp\/v2\/media?parent=663"}],"wp:term":[{"taxonomy":"product_brand","embeddable":true,"href":"https:\/\/sculptureshome.com\/fr\/wp-json\/wp\/v2\/product_brand?post=663"},{"taxonomy":"product_cat","embeddable":true,"href":"https:\/\/sculptureshome.com\/fr\/wp-json\/wp\/v2\/product_cat?post=663"},{"taxonomy":"product_tag","embeddable":true,"href":"https:\/\/sculptureshome.com\/fr\/wp-json\/wp\/v2\/product_tag?post=663"}],"curies":[{"name":"wp","href":"https:\/\/api.w.org\/{rel}","templated":true}]}}