{"id":655,"date":"2024-01-28T13:22:05","date_gmt":"2024-01-28T13:22:05","guid":{"rendered":"https:\/\/sculptureshome.com\/?post_type=product&#038;p=655"},"modified":"2024-01-28T13:22:05","modified_gmt":"2024-01-28T13:22:05","slug":"figure-moderne-sculptee-en-pierre-naturelle-marbre-mur-bas-relief-sculpture","status":"publish","type":"product","link":"https:\/\/sculptureshome.com\/fr\/product\/modern-figure-carved-natural-stone-marble-wall-bas-relief-sculpture\/","title":{"rendered":"Figure moderne sculpt\u00e9e en pierre naturelle Marbre Mur Bas Relief Sculpture"},"content":{"rendered":"<div class=\"attribute-list\">\n<div class=\"attribute-item\">\n<div class=\"left\" data-spm-anchor-id=\"a2700.details.0.i87.1d32484brziLzT\">Capacit\u00e9 de solution de projet : conception graphique, conception de mod\u00e8les 3D, solution globale pour les projets, consolidation inter-cat\u00e9gories.<\/div>\n<div class=\"right\">Application : Villa<\/div>\n<div>Style de conception : Moderne<\/div>\n<\/div>\n<\/div>\n<div class=\"attribute-list\">\n<div class=\"attribute-item\">\n<div class=\"left\">Lieu d'origine : Chine<\/div>\n<\/div>\n<div class=\"attribute-item\">\n<div class=\"left\">Style : Western<\/div>\n<div class=\"right\">Mat\u00e9riau : Pierre naturelle<\/div>\n<div>Couleur : blanc<\/div>\n<\/div>\n<div class=\"attribute-item\">\n<div class=\"left\">Utilisation : D\u00e9coration<\/div>\n<div class=\"right\">Taille : Taille personnalis\u00e9e<\/div>\n<\/div>\n<div class=\"attribute-item\">\n<div class=\"left\">Technique : Cravat\u00e9 \u00e0 la main<\/div>\n<\/div>\n<\/div>","protected":false},"excerpt":{"rendered":"<p>Capacit\u00e9 de solution de projet : conception graphique, conception de mod\u00e8les 3D, solution totale pour les projets, consolidation des cat\u00e9gories transversales : Villa Design Style : Moderne Lieu d'origine : Chine Style : Occidental Mat\u00e9riau : Pierre naturelle Couleur : Blanc Usage : D\u00e9coration Taille : Taille personnalis\u00e9e Technique : Grav\u00e9 \u00e0 la main<\/p>","protected":false},"featured_media":656,"comment_status":"open","ping_status":"closed","template":"","meta":[],"product_brand":[],"product_cat":[26],"product_tag":[],"class_list":{"0":"post-655","1":"product","2":"type-product","3":"status-publish","4":"has-post-thumbnail","6":"product_cat-landscape-sculpture","8":"first","9":"instock","10":"shipping-taxable","11":"product-type-simple"},"_links":{"self":[{"href":"https:\/\/sculptureshome.com\/fr\/wp-json\/wp\/v2\/product\/655","targetHints":{"allow":["GET"]}}],"collection":[{"href":"https:\/\/sculptureshome.com\/fr\/wp-json\/wp\/v2\/product"}],"about":[{"href":"https:\/\/sculptureshome.com\/fr\/wp-json\/wp\/v2\/types\/product"}],"replies":[{"embeddable":true,"href":"https:\/\/sculptureshome.com\/fr\/wp-json\/wp\/v2\/comments?post=655"}],"version-history":[{"count":0,"href":"https:\/\/sculptureshome.com\/fr\/wp-json\/wp\/v2\/product\/655\/revisions"}],"wp:featuredmedia":[{"embeddable":true,"href":"https:\/\/sculptureshome.com\/fr\/wp-json\/wp\/v2\/media\/656"}],"wp:attachment":[{"href":"https:\/\/sculptureshome.com\/fr\/wp-json\/wp\/v2\/media?parent=655"}],"wp:term":[{"taxonomy":"product_brand","embeddable":true,"href":"https:\/\/sculptureshome.com\/fr\/wp-json\/wp\/v2\/product_brand?post=655"},{"taxonomy":"product_cat","embeddable":true,"href":"https:\/\/sculptureshome.com\/fr\/wp-json\/wp\/v2\/product_cat?post=655"},{"taxonomy":"product_tag","embeddable":true,"href":"https:\/\/sculptureshome.com\/fr\/wp-json\/wp\/v2\/product_tag?post=655"}],"curies":[{"name":"wp","href":"https:\/\/api.w.org\/{rel}","templated":true}]}}