{"id":647,"date":"2024-01-28T09:52:32","date_gmt":"2024-01-28T09:52:32","guid":{"rendered":"https:\/\/sculptureshome.com\/?post_type=product&#038;p=647"},"modified":"2024-01-28T09:52:32","modified_gmt":"2024-01-28T09:52:32","slug":"statues-de-jardin-decoration-exterieure-figurines-danimaux","status":"publish","type":"product","link":"https:\/\/sculptureshome.com\/fr\/product\/garden-statues-decoration-outdoor-animal-figurines\/","title":{"rendered":"Statues de jardin D\u00e9coration ext\u00e9rieure Figurines d'animaux"},"content":{"rendered":"<div class=\"attribute-item\">\n<div class=\"left\" data-spm-anchor-id=\"a2700.wholesale.0.i82.76f87094bWeYYr\">Lieu d'origine : Guangdong, Chine<\/div>\n<div class=\"right\">Mat\u00e9riau : R\u00e9sine<\/div>\n<div>Style : r\u00e9tro<\/div>\n<div>Utilisation : D\u00e9coration int\u00e9rieure<\/div>\n<\/div>\n<div class=\"attribute-item\">\n<div class=\"left\">Caract\u00e9ristiques r\u00e9gionales : Europe<\/div>\n<div class=\"left\">Couleur : blanc<\/div>\n<\/div>\n<div class=\"attribute-item\">\n<div class=\"right\">Taille : S, M, L<\/div>\n<div>Processus : Peinture<\/div>\n<\/div>\n<div class=\"attribute-item\">\n<div class=\"left\">Fonction : d\u00e9coration<\/div>\n<\/div>\n<div class=\"attribute-item\">\n<div class=\"right\"><\/div>\n<\/div>","protected":false},"excerpt":{"rendered":"<p>Lieu d'origine : Guangdong, Chine Mat\u00e9riau : R\u00e9sine Style : r\u00e9tro Utilisation : d\u00e9coration de la maison Caract\u00e9ristique r\u00e9gionale : Europe Couleur : blanc Taille : S, M , L Proc\u00e9d\u00e9 : Peinture Fonction : d\u00e9coration<\/p>","protected":false},"featured_media":648,"comment_status":"open","ping_status":"closed","template":"","meta":[],"product_brand":[],"product_cat":[26],"product_tag":[],"class_list":{"0":"post-647","1":"product","2":"type-product","3":"status-publish","4":"has-post-thumbnail","6":"product_cat-landscape-sculpture","8":"first","9":"instock","10":"shipping-taxable","11":"product-type-simple"},"_links":{"self":[{"href":"https:\/\/sculptureshome.com\/fr\/wp-json\/wp\/v2\/product\/647","targetHints":{"allow":["GET"]}}],"collection":[{"href":"https:\/\/sculptureshome.com\/fr\/wp-json\/wp\/v2\/product"}],"about":[{"href":"https:\/\/sculptureshome.com\/fr\/wp-json\/wp\/v2\/types\/product"}],"replies":[{"embeddable":true,"href":"https:\/\/sculptureshome.com\/fr\/wp-json\/wp\/v2\/comments?post=647"}],"version-history":[{"count":0,"href":"https:\/\/sculptureshome.com\/fr\/wp-json\/wp\/v2\/product\/647\/revisions"}],"wp:featuredmedia":[{"embeddable":true,"href":"https:\/\/sculptureshome.com\/fr\/wp-json\/wp\/v2\/media\/648"}],"wp:attachment":[{"href":"https:\/\/sculptureshome.com\/fr\/wp-json\/wp\/v2\/media?parent=647"}],"wp:term":[{"taxonomy":"product_brand","embeddable":true,"href":"https:\/\/sculptureshome.com\/fr\/wp-json\/wp\/v2\/product_brand?post=647"},{"taxonomy":"product_cat","embeddable":true,"href":"https:\/\/sculptureshome.com\/fr\/wp-json\/wp\/v2\/product_cat?post=647"},{"taxonomy":"product_tag","embeddable":true,"href":"https:\/\/sculptureshome.com\/fr\/wp-json\/wp\/v2\/product_tag?post=647"}],"curies":[{"name":"wp","href":"https:\/\/api.w.org\/{rel}","templated":true}]}}