{"id":639,"date":"2024-01-28T09:47:57","date_gmt":"2024-01-28T09:47:57","guid":{"rendered":"https:\/\/sculptureshome.com\/?post_type=product&#038;p=639"},"modified":"2024-01-28T09:47:57","modified_gmt":"2024-01-28T09:47:57","slug":"gazon-artificiel-animal-topiaire-paysage-statue-dours-en-resine","status":"publish","type":"product","link":"https:\/\/sculptureshome.com\/fr\/product\/artificial-grass-animal-topiary-landscape-resin-bear-statue\/","title":{"rendered":"Pelouse artificielle animal topiaire paysage statue ours en r\u00e9sine"},"content":{"rendered":"<div class=\"attribute-list\">\n<div class=\"attribute-item\">\n<div class=\"left\" data-spm-anchor-id=\"a2700.details.0.i83.6d1dcc48ASKJqT\">Th\u00e8me : Fleur<\/div>\n<\/div>\n<\/div>\n<div class=\"attribute-list\">\n<div class=\"attribute-item\">\n<div class=\"left\">Lieu d'origine : Guangdong, Chine<\/div>\n<div class=\"right\">Mat\u00e9riau : R\u00e9sine<\/div>\n<div>Style : Feng Shui<\/div>\n<\/div>\n<div class=\"attribute-item\">\n<div class=\"left\">Utilisation : Art et collection<\/div>\n<\/div>\n<div class=\"attribute-item\">\n<div class=\"left\">Mat\u00e9riau : Fibre de verre, r\u00e9sine<\/div>\n<div class=\"right\">Taille : Taille personnalis\u00e9e<\/div>\n<div>Couleur : dor\u00e9, noir, blanc, jaune ou selon les besoins<\/div>\n<\/div>\n<div class=\"attribute-item\">\n<div class=\"left\">Utilisation : D\u00e9coration<\/div>\n<div class=\"right\">Sur mesure : Disponible<\/div>\n<div>\n<div class=\"left\">Installation : Placer directement \u00e0 l'ext\u00e9rieur\/\u00e0 l'int\u00e9rieur<\/div>\n<div class=\"right\"><\/div>\n<\/div>\n<\/div>\n<div class=\"attribute-item\">\n<div class=\"left\"><\/div>\n<div class=\"right\">\n&nbsp;<\/p>\n<\/div>\n<\/div>\n<div class=\"attribute-item\">\n<div class=\"left\"><\/div>\n<div class=\"right\">\n&nbsp;<\/p>\n<\/div>\n<\/div>\n<div class=\"attribute-item\">\n<div class=\"left\"><\/div>\n<div class=\"right\">\n&nbsp;<\/p>\n<\/div>\n<\/div>\n<div class=\"attribute-item\">\n<div class=\"right\"><\/div>\n<\/div>\n<\/div>","protected":false},"excerpt":{"rendered":"<p>Th\u00e8me : Fleur Lieu d'origine : Guangdong, Chine Mat\u00e9riau : R\u00e9sine R\u00e9sine Style : Feng Shui Utilisation : Art et objets de collection Mat\u00e9riau : Fibre de verre, r\u00e9sine Fibre de verre, r\u00e9sine Taille : Taille personnalis\u00e9e Couleur : Dor\u00e9, noir, blanc, jaune ou selon les besoins Utilisation : D\u00e9coration Fabrication sur mesure : Disponible Installation : Placer \u00e0 l'ext\u00e9rieur\/\u00e0 l'int\u00e9rieur directement &nbsp; &nbsp; &nbsp;<\/p>","protected":false},"featured_media":640,"comment_status":"open","ping_status":"closed","template":"","meta":[],"product_brand":[],"product_cat":[26],"product_tag":[],"class_list":{"0":"post-639","1":"product","2":"type-product","3":"status-publish","4":"has-post-thumbnail","6":"product_cat-landscape-sculpture","8":"first","9":"instock","10":"shipping-taxable","11":"product-type-simple"},"_links":{"self":[{"href":"https:\/\/sculptureshome.com\/fr\/wp-json\/wp\/v2\/product\/639","targetHints":{"allow":["GET"]}}],"collection":[{"href":"https:\/\/sculptureshome.com\/fr\/wp-json\/wp\/v2\/product"}],"about":[{"href":"https:\/\/sculptureshome.com\/fr\/wp-json\/wp\/v2\/types\/product"}],"replies":[{"embeddable":true,"href":"https:\/\/sculptureshome.com\/fr\/wp-json\/wp\/v2\/comments?post=639"}],"version-history":[{"count":0,"href":"https:\/\/sculptureshome.com\/fr\/wp-json\/wp\/v2\/product\/639\/revisions"}],"wp:featuredmedia":[{"embeddable":true,"href":"https:\/\/sculptureshome.com\/fr\/wp-json\/wp\/v2\/media\/640"}],"wp:attachment":[{"href":"https:\/\/sculptureshome.com\/fr\/wp-json\/wp\/v2\/media?parent=639"}],"wp:term":[{"taxonomy":"product_brand","embeddable":true,"href":"https:\/\/sculptureshome.com\/fr\/wp-json\/wp\/v2\/product_brand?post=639"},{"taxonomy":"product_cat","embeddable":true,"href":"https:\/\/sculptureshome.com\/fr\/wp-json\/wp\/v2\/product_cat?post=639"},{"taxonomy":"product_tag","embeddable":true,"href":"https:\/\/sculptureshome.com\/fr\/wp-json\/wp\/v2\/product_tag?post=639"}],"curies":[{"name":"wp","href":"https:\/\/api.w.org\/{rel}","templated":true}]}}