{"id":631,"date":"2024-01-28T09:43:42","date_gmt":"2024-01-28T09:43:42","guid":{"rendered":"https:\/\/sculptureshome.com\/?post_type=product&#038;p=631"},"modified":"2024-01-28T09:43:42","modified_gmt":"2024-01-28T09:43:42","slug":"decoration-personnalisee-de-chevaux","status":"publish","type":"product","link":"https:\/\/sculptureshome.com\/fr\/product\/customized-horse-decoration\/","title":{"rendered":"D\u00e9coration de chevaux personnalis\u00e9e"},"content":{"rendered":"<div class=\"attribute-list\">\n<div class=\"attribute-item\">\n<div class=\"left\" data-spm-anchor-id=\"a2700.details.0.i87.13e7174fEOfFcX\">Th\u00e8me\uff1a Animal<\/div>\n<\/div>\n<\/div>\n<div class=\"attribute-list\">\n<div class=\"attribute-item\">\n<div class=\"left\">Lieu d'origine\uff1aGuangdong, Chine<\/div>\n<\/div>\n<div class=\"attribute-item\">\n<div class=\"left\">Mat\u00e9riau : R\u00e9sine<\/div>\n<div class=\"right\">Style : Sculpture simul\u00e9e<\/div>\n<div>Utilisation : Art et collection<\/div>\n<\/div>\n<div class=\"attribute-item\">\n<div class=\"left\">Caract\u00e9ristiques r\u00e9gionales : Europe<\/div>\n<\/div>\n<div class=\"attribute-item\">\n<div class=\"left\">Style : Luxe<\/div>\n<div class=\"right\"><\/div>\n<\/div>\n<\/div>","protected":false},"excerpt":{"rendered":"<p>Theme\uff1a Animal Place of Origin\uff1aGuangdong, China Material : R\u00e9sine Style : Sculpture simul\u00e9e Utilisation : Art et objets de collection Caract\u00e9ristique r\u00e9gionale : Europe Style : Luxe<\/p>","protected":false},"featured_media":632,"comment_status":"open","ping_status":"closed","template":"","meta":[],"product_brand":[],"product_cat":[26],"product_tag":[],"class_list":{"0":"post-631","1":"product","2":"type-product","3":"status-publish","4":"has-post-thumbnail","6":"product_cat-landscape-sculpture","8":"first","9":"instock","10":"shipping-taxable","11":"product-type-simple"},"_links":{"self":[{"href":"https:\/\/sculptureshome.com\/fr\/wp-json\/wp\/v2\/product\/631","targetHints":{"allow":["GET"]}}],"collection":[{"href":"https:\/\/sculptureshome.com\/fr\/wp-json\/wp\/v2\/product"}],"about":[{"href":"https:\/\/sculptureshome.com\/fr\/wp-json\/wp\/v2\/types\/product"}],"replies":[{"embeddable":true,"href":"https:\/\/sculptureshome.com\/fr\/wp-json\/wp\/v2\/comments?post=631"}],"version-history":[{"count":0,"href":"https:\/\/sculptureshome.com\/fr\/wp-json\/wp\/v2\/product\/631\/revisions"}],"wp:featuredmedia":[{"embeddable":true,"href":"https:\/\/sculptureshome.com\/fr\/wp-json\/wp\/v2\/media\/632"}],"wp:attachment":[{"href":"https:\/\/sculptureshome.com\/fr\/wp-json\/wp\/v2\/media?parent=631"}],"wp:term":[{"taxonomy":"product_brand","embeddable":true,"href":"https:\/\/sculptureshome.com\/fr\/wp-json\/wp\/v2\/product_brand?post=631"},{"taxonomy":"product_cat","embeddable":true,"href":"https:\/\/sculptureshome.com\/fr\/wp-json\/wp\/v2\/product_cat?post=631"},{"taxonomy":"product_tag","embeddable":true,"href":"https:\/\/sculptureshome.com\/fr\/wp-json\/wp\/v2\/product_tag?post=631"}],"curies":[{"name":"wp","href":"https:\/\/api.w.org\/{rel}","templated":true}]}}