{"id":623,"date":"2024-01-28T09:40:11","date_gmt":"2024-01-28T09:40:11","guid":{"rendered":"https:\/\/sculptureshome.com\/?post_type=product&#038;p=623"},"modified":"2024-03-08T13:05:56","modified_gmt":"2024-03-08T13:05:56","slug":"simulation-de-jardin-exterieur-sculpture-papillon-en-fibre-de-verre","status":"publish","type":"product","link":"https:\/\/sculptureshome.com\/fr\/product\/outdoor-garden-simulation-butterfly-fiberglass-sculpture\/","title":{"rendered":"Sculpture de papillon en fibre de verre pour jardin ext\u00e9rieur"},"content":{"rendered":"<div class=\"attribute-item\">\n<div class=\"left\" data-spm-anchor-id=\"a2700.details.0.i88.4f132bb9RE8Zrt\">Lieu d'origine : Guangdong, Chine<\/div>\n<\/div>\n<div class=\"attribute-item\">\n<div class=\"left\">Mat\u00e9riau : R\u00e9sine<\/div>\n<div class=\"right\">Style\uff1aArtificiel<\/div>\n<div>Utilisation\uff1aD\u00e9coration int\u00e9rieure<\/div>\n<\/div>\n<div class=\"attribute-item\">\n<div class=\"left\" data-spm-anchor-id=\"a2700.details.0.i87.4f132bb9RE8Zrt\">Caract\u00e9ristiques r\u00e9gionales\uff1aEurope<\/div>\n<\/div>\n<div class=\"attribute-item\">\n<div class=\"left\">Usage\uff1aD\u00e9coration int\u00e9rieure Cadeaux<\/div>\n<div class=\"right\">Taille\uff1aCustomized Size<\/div>\n<div>Couleur\uff1aCustomized Color<\/div>\n<\/div>\n<div class=\"attribute-item\">\n<div class=\"left\">Mati\u00e8re\uff1aR\u00e9sine<\/div>\n<\/div>","protected":false},"excerpt":{"rendered":"<p>Lieu d'origine : Guangdong, Chine Mat\u00e9riau : R\u00e9sine Style\uff1aArtificiel Utilisation\uff1aD\u00e9coration int\u00e9rieure Caract\u00e9ristique r\u00e9gionale\uff1aEurope Utilisation\uff1aD\u00e9coration int\u00e9rieure Cadeaux Taille\uff1aTaille personnalis\u00e9e Couleur\uff1aCouleur personnalis\u00e9e Mat\u00e9riau\uff1aR\u00e9sine<\/p>","protected":false},"featured_media":624,"comment_status":"open","ping_status":"closed","template":"","meta":[],"product_brand":[],"product_cat":[30,26],"product_tag":[],"class_list":{"0":"post-623","1":"product","2":"type-product","3":"status-publish","4":"has-post-thumbnail","6":"product_cat-fiberglass-sculpture","7":"product_cat-landscape-sculpture","9":"first","10":"instock","11":"shipping-taxable","12":"product-type-simple"},"_links":{"self":[{"href":"https:\/\/sculptureshome.com\/fr\/wp-json\/wp\/v2\/product\/623","targetHints":{"allow":["GET"]}}],"collection":[{"href":"https:\/\/sculptureshome.com\/fr\/wp-json\/wp\/v2\/product"}],"about":[{"href":"https:\/\/sculptureshome.com\/fr\/wp-json\/wp\/v2\/types\/product"}],"replies":[{"embeddable":true,"href":"https:\/\/sculptureshome.com\/fr\/wp-json\/wp\/v2\/comments?post=623"}],"version-history":[{"count":0,"href":"https:\/\/sculptureshome.com\/fr\/wp-json\/wp\/v2\/product\/623\/revisions"}],"wp:featuredmedia":[{"embeddable":true,"href":"https:\/\/sculptureshome.com\/fr\/wp-json\/wp\/v2\/media\/624"}],"wp:attachment":[{"href":"https:\/\/sculptureshome.com\/fr\/wp-json\/wp\/v2\/media?parent=623"}],"wp:term":[{"taxonomy":"product_brand","embeddable":true,"href":"https:\/\/sculptureshome.com\/fr\/wp-json\/wp\/v2\/product_brand?post=623"},{"taxonomy":"product_cat","embeddable":true,"href":"https:\/\/sculptureshome.com\/fr\/wp-json\/wp\/v2\/product_cat?post=623"},{"taxonomy":"product_tag","embeddable":true,"href":"https:\/\/sculptureshome.com\/fr\/wp-json\/wp\/v2\/product_tag?post=623"}],"curies":[{"name":"wp","href":"https:\/\/api.w.org\/{rel}","templated":true}]}}