{"id":607,"date":"2024-01-28T09:31:49","date_gmt":"2024-01-28T09:31:49","guid":{"rendered":"https:\/\/sculptureshome.com\/?post_type=product&#038;p=607"},"modified":"2024-03-08T13:06:23","modified_gmt":"2024-03-08T13:06:23","slug":"simulation-du-modele-de-decoration-du-cheval-blanc","status":"publish","type":"product","link":"https:\/\/sculptureshome.com\/fr\/product\/simulation-white-horse-decoration-model\/","title":{"rendered":"Mod\u00e8le de simulation de la d\u00e9coration du cheval blanc"},"content":{"rendered":"<div class=\"attribute-list\">\n<div class=\"attribute-item\">\n<div class=\"left\" data-spm-anchor-id=\"a2700.details.0.i85.799f3ad7RjVEuc\">Th\u00e8me : Animal<\/div>\n<div class=\"right\">Lieu d'origine : Guangdong, Chine<\/div>\n<\/div>\n<\/div>\n<div class=\"attribute-list\">\n<div class=\"attribute-item\">\n<div class=\"left\">Mat\u00e9riau : R\u00e9sine<\/div>\n<div class=\"right\">Style : Artificiel<\/div>\n<div>Utilisation : Ext\u00e9rieur\/Jardin\/D\u00e9coration de la maison...<\/div>\n<\/div>\n<div class=\"attribute-item\"><\/div>\n<div class=\"attribute-item\">\n<div class=\"right\"><\/div>\n<\/div>\n<div class=\"attribute-item\">\n<div class=\"left\">Name\uff1aFiberglass crafts garden statue<\/div>\n<div class=\"right\">Taille\uff1aCustomized Size<\/div>\n<div>Couleur\uff1aCustomized Color<\/div>\n<\/div>\n<div class=\"attribute-item\">\n<div class=\"left\">Caract\u00e9ristiques\uff1aEco-Friendly<\/div>\n<\/div>\n<\/div>","protected":false},"excerpt":{"rendered":"<p>Th\u00e8me : Animal Lieu d'origine : Guangdong.Chine Mat\u00e9riau : R\u00e9sine R\u00e9sine Style : Artificiel Utilisation : Ext\u00e9rieur\/Jardin\/D\u00e9coration de la maison... Nom\uff1aStatue de jardin artisanale en fibre de verre Taille\uff1aTaille personnalis\u00e9e Couleur\uff1aCouleur personnalis\u00e9e Caract\u00e9ristique\uff1aEco-Friendly<\/p>","protected":false},"featured_media":608,"comment_status":"open","ping_status":"closed","template":"","meta":[],"product_brand":[],"product_cat":[30,26],"product_tag":[],"class_list":{"0":"post-607","1":"product","2":"type-product","3":"status-publish","4":"has-post-thumbnail","6":"product_cat-fiberglass-sculpture","7":"product_cat-landscape-sculpture","9":"first","10":"instock","11":"shipping-taxable","12":"product-type-simple"},"_links":{"self":[{"href":"https:\/\/sculptureshome.com\/fr\/wp-json\/wp\/v2\/product\/607","targetHints":{"allow":["GET"]}}],"collection":[{"href":"https:\/\/sculptureshome.com\/fr\/wp-json\/wp\/v2\/product"}],"about":[{"href":"https:\/\/sculptureshome.com\/fr\/wp-json\/wp\/v2\/types\/product"}],"replies":[{"embeddable":true,"href":"https:\/\/sculptureshome.com\/fr\/wp-json\/wp\/v2\/comments?post=607"}],"version-history":[{"count":0,"href":"https:\/\/sculptureshome.com\/fr\/wp-json\/wp\/v2\/product\/607\/revisions"}],"wp:featuredmedia":[{"embeddable":true,"href":"https:\/\/sculptureshome.com\/fr\/wp-json\/wp\/v2\/media\/608"}],"wp:attachment":[{"href":"https:\/\/sculptureshome.com\/fr\/wp-json\/wp\/v2\/media?parent=607"}],"wp:term":[{"taxonomy":"product_brand","embeddable":true,"href":"https:\/\/sculptureshome.com\/fr\/wp-json\/wp\/v2\/product_brand?post=607"},{"taxonomy":"product_cat","embeddable":true,"href":"https:\/\/sculptureshome.com\/fr\/wp-json\/wp\/v2\/product_cat?post=607"},{"taxonomy":"product_tag","embeddable":true,"href":"https:\/\/sculptureshome.com\/fr\/wp-json\/wp\/v2\/product_tag?post=607"}],"curies":[{"name":"wp","href":"https:\/\/api.w.org\/{rel}","templated":true}]}}