{"id":599,"date":"2024-01-28T09:27:52","date_gmt":"2024-01-28T09:27:52","guid":{"rendered":"https:\/\/sculptureshome.com\/?post_type=product&#038;p=599"},"modified":"2024-01-28T09:27:52","modified_gmt":"2024-01-28T09:27:52","slug":"sculpture-de-voyageur-en-bronze-moule","status":"publish","type":"product","link":"https:\/\/sculptureshome.com\/fr\/product\/cast-bronze-traveler-sculpture\/","title":{"rendered":"Sculpture de voyage en bronze coul\u00e9"},"content":{"rendered":"<div class=\"attribute-item\">\n<div class=\"left\">Lieu d'origine\uff1aGuangdong, Chine<\/div>\n<\/div>\n<div class=\"attribute-item\">\n<div class=\"left\">Mat\u00e9riau : M\u00e9tal<\/div>\n<div class=\"right\">Impression : Impression typographique<\/div>\n<div>M\u00e9thode d'impression : 1 couleur, 2 couleurs, 4 couleurs, 5 couleurs, 6 couleurs<\/div>\n<\/div>\n<div class=\"attribute-item\">\n<div class=\"left\">Technique : Coul\u00e9e<\/div>\n<div class=\"right\">Style : Art populaire<\/div>\n<\/div>\n<div class=\"attribute-item\">\n<div class=\"left\">Th\u00e8me : sculpture de ganesha en bronze<\/div>\n<\/div>\n<div class=\"attribute-item\">\n<div class=\"left\">Couleur : Couleur personnalis\u00e9e<\/div>\n<div class=\"right\">Utilisation : D\u00e9coration paysag\u00e8re<\/div>\n<div>Taille : Tailles personnalis\u00e9es<\/div>\n<\/div>\n<div class=\"attribute-item\">\n<div class=\"left\">Forme : Formes personnalis\u00e9es<\/div>\n<div class=\"right\">Processus : Moulage sous pression+polissage+placage<\/div>\n<\/div>\n<div class=\"attribute-item\">\n<div class=\"left\">Mat\u00e9riau : Bronze<\/div>\n<div class=\"right\"><\/div>\n<\/div>","protected":false},"excerpt":{"rendered":"<p>Lieu d'origine\uff1aGuangdong, Chine Mat\u00e9riau : M\u00e9tal Impression : Impression typographique M\u00e9thode d'impression : 1 couleur, 2 couleurs, 4 couleurs, 5 couleurs, 6 couleurs Technique : Coul\u00e9e Style : Art populaire Th\u00e8me : sculpture de ganesha en bronze Couleur : Couleur personnalis\u00e9e Utilisation : D\u00e9coration de paysage Taille : Dimensions personnalis\u00e9es Forme : Formes personnalis\u00e9es Processus : Moulage sous pression+polissage+placage Mat\u00e9riau : Bronze<\/p>","protected":false},"featured_media":600,"comment_status":"open","ping_status":"closed","template":"","meta":[],"product_brand":[],"product_cat":[26],"product_tag":[],"class_list":{"0":"post-599","1":"product","2":"type-product","3":"status-publish","4":"has-post-thumbnail","6":"product_cat-landscape-sculpture","8":"first","9":"instock","10":"shipping-taxable","11":"product-type-simple"},"_links":{"self":[{"href":"https:\/\/sculptureshome.com\/fr\/wp-json\/wp\/v2\/product\/599","targetHints":{"allow":["GET"]}}],"collection":[{"href":"https:\/\/sculptureshome.com\/fr\/wp-json\/wp\/v2\/product"}],"about":[{"href":"https:\/\/sculptureshome.com\/fr\/wp-json\/wp\/v2\/types\/product"}],"replies":[{"embeddable":true,"href":"https:\/\/sculptureshome.com\/fr\/wp-json\/wp\/v2\/comments?post=599"}],"version-history":[{"count":0,"href":"https:\/\/sculptureshome.com\/fr\/wp-json\/wp\/v2\/product\/599\/revisions"}],"wp:featuredmedia":[{"embeddable":true,"href":"https:\/\/sculptureshome.com\/fr\/wp-json\/wp\/v2\/media\/600"}],"wp:attachment":[{"href":"https:\/\/sculptureshome.com\/fr\/wp-json\/wp\/v2\/media?parent=599"}],"wp:term":[{"taxonomy":"product_brand","embeddable":true,"href":"https:\/\/sculptureshome.com\/fr\/wp-json\/wp\/v2\/product_brand?post=599"},{"taxonomy":"product_cat","embeddable":true,"href":"https:\/\/sculptureshome.com\/fr\/wp-json\/wp\/v2\/product_cat?post=599"},{"taxonomy":"product_tag","embeddable":true,"href":"https:\/\/sculptureshome.com\/fr\/wp-json\/wp\/v2\/product_tag?post=599"}],"curies":[{"name":"wp","href":"https:\/\/api.w.org\/{rel}","templated":true}]}}