{"id":591,"date":"2024-01-28T09:23:21","date_gmt":"2024-01-28T09:23:21","guid":{"rendered":"https:\/\/sculptureshome.com\/?post_type=product&#038;p=591"},"modified":"2024-02-10T06:25:18","modified_gmt":"2024-02-10T06:25:18","slug":"sculpture-paysagere-en-resine-de-lapin-de-dessin-anime-pour-jardin-exterieur","status":"publish","type":"product","link":"https:\/\/sculptureshome.com\/fr\/product\/outdoor-garden-resin-cartoon-rabbit-landscape-sculpture\/","title":{"rendered":"Sculpture paysag\u00e8re en r\u00e9sine de lapin de dessin anim\u00e9 pour jardin ext\u00e9rieur"},"content":{"rendered":"<div class=\"attribute-item\">\n<div class=\"left\">Lieu d'origine\uff1aGuangdong, Chine<\/div>\n<div>Mati\u00e8re\uff1aR\u00e9sine<\/div>\n<\/div>\n<div class=\"attribute-item\">\n<div class=\"left\">Utilisation\uff1aD\u00e9coration int\u00e9rieure<\/div>\n<\/div>\n<div class=\"attribute-item\">\n<div class=\"left\">Usage\uff1aD\u00e9coration int\u00e9rieure.Cadeaux<\/div>\n<div class=\"right\">Taille\uff1aCustomized Size<\/div>\n<div>Color\uff1aCustomized<\/div>\n<\/div>\n<div class=\"attribute-item\">\n<div class=\"left\">Mati\u00e8re\uff1aR\u00e9sine Polyr\u00e9sine R\u00e9sine polyester<\/div>\n<\/div>\n<div class=\"attribute-item\">\n<div class=\"left\">Logo\uff1aPersonnalis\u00e9<\/div>\n<div class=\"right\">Design\uff1aCustomized Designs Acceptable (en anglais)<br \/>\n&nbsp;<\/p>\n<\/div>\n<\/div>\n<div class=\"attribute-item\">\n<div class=\"left\"><\/div>\n<div class=\"right\"><\/div>\n<\/div>","protected":false},"excerpt":{"rendered":"<p>Lieu d'origine\uff1aGuangdong, Chine Mat\u00e9riau\uff1aR\u00e9sine Utilisation\uff1aD\u00e9coration int\u00e9rieure Utilisation\uff1aD\u00e9coration int\u00e9rieure.cadeaux Taille\uff1aTaille personnalis\u00e9e Couleur\uff1aPersonnalis\u00e9e Mat\u00e9riau\uff1aR\u00e9sine Polyr\u00e9sine Polyester R\u00e9sine Logo\uff1aPersonnalis\u00e9 Design\uff1aCustomized Designs Acceptable &nbsp;<\/p>","protected":false},"featured_media":592,"comment_status":"open","ping_status":"closed","template":"","meta":[],"product_brand":[],"product_cat":[28],"product_tag":[],"class_list":{"0":"post-591","1":"product","2":"type-product","3":"status-publish","4":"has-post-thumbnail","6":"product_cat-resin-sculpture","8":"first","9":"instock","10":"shipping-taxable","11":"product-type-simple"},"_links":{"self":[{"href":"https:\/\/sculptureshome.com\/fr\/wp-json\/wp\/v2\/product\/591","targetHints":{"allow":["GET"]}}],"collection":[{"href":"https:\/\/sculptureshome.com\/fr\/wp-json\/wp\/v2\/product"}],"about":[{"href":"https:\/\/sculptureshome.com\/fr\/wp-json\/wp\/v2\/types\/product"}],"replies":[{"embeddable":true,"href":"https:\/\/sculptureshome.com\/fr\/wp-json\/wp\/v2\/comments?post=591"}],"version-history":[{"count":0,"href":"https:\/\/sculptureshome.com\/fr\/wp-json\/wp\/v2\/product\/591\/revisions"}],"wp:featuredmedia":[{"embeddable":true,"href":"https:\/\/sculptureshome.com\/fr\/wp-json\/wp\/v2\/media\/592"}],"wp:attachment":[{"href":"https:\/\/sculptureshome.com\/fr\/wp-json\/wp\/v2\/media?parent=591"}],"wp:term":[{"taxonomy":"product_brand","embeddable":true,"href":"https:\/\/sculptureshome.com\/fr\/wp-json\/wp\/v2\/product_brand?post=591"},{"taxonomy":"product_cat","embeddable":true,"href":"https:\/\/sculptureshome.com\/fr\/wp-json\/wp\/v2\/product_cat?post=591"},{"taxonomy":"product_tag","embeddable":true,"href":"https:\/\/sculptureshome.com\/fr\/wp-json\/wp\/v2\/product_tag?post=591"}],"curies":[{"name":"wp","href":"https:\/\/api.w.org\/{rel}","templated":true}]}}