{"id":583,"date":"2024-01-28T09:19:34","date_gmt":"2024-01-28T09:19:34","guid":{"rendered":"https:\/\/sculptureshome.com\/?post_type=product&#038;p=583"},"modified":"2024-03-08T13:06:42","modified_gmt":"2024-03-08T13:06:42","slug":"structure-legere-pour-parc-dattractions-sculpture-en-fibre-de-verre-pour-carre","status":"publish","type":"product","link":"https:\/\/sculptureshome.com\/fr\/product\/lightweight-structure-fun-park-landscape-fiberglass-sculpture-for-square\/","title":{"rendered":"Sculpture en fibre de verre pour parc d'attractions, structure l\u00e9g\u00e8re, pour carr\u00e9"},"content":{"rendered":"<div class=\"attribute-item\">\n<div class=\"left\" data-spm-anchor-id=\"a2700.details.0.i85.413913abZiTg4f\">Lieu d'origine : Guangdong, Chine<\/div>\n<\/div>\n<div class=\"attribute-item\">\n<div class=\"left\">Mati\u00e8re\uff1aR\u00e9sine<\/div>\n<div class=\"right\">Style\uff1aFeng Shui<\/div>\n<div>Use\uff1aHoliday Decoration &amp; Gift<\/div>\n<\/div>\n<div class=\"attribute-item\">\n<div class=\"left\">Usage\uff1aOutdoor<\/div>\n<div class=\"right\">Taille\uff1aCustomized Size<\/div>\n<div>Couleur\uff1aCustomized Color<\/div>\n<\/div>\n<div class=\"attribute-item\">\n<div class=\"left\">Design\uff1aCustomized Designs Acceptable (en anglais)<\/div>\n<div class=\"right\">Emballage\uff1aCaisse en bois<\/div>\n<\/div>\n<div class=\"attribute-item\">\n<div class=\"right\">\n<div class=\"left\">Logo\uff1aLogo personnalis\u00e9<\/div>\n<div class=\"right\"><\/div>\n<\/div>\n<\/div>\n<div class=\"attribute-item\">\n<div class=\"right\"><\/div>\n<\/div>","protected":false},"excerpt":{"rendered":"<p>Lieu d'origine : Guangdong, Chine Mat\u00e9riau\uff1aR\u00e9sine Style\uff1aFeng Shui Utilisation\uff1aD\u00e9coration de vacances et cadeaux Utilisation\uff1aOutdoor Taille\uff1aCustomized Size Couleur\uff1aCustomized Color Design\uff1aCustomized Designs Acceptable Packing\uff1aWooden Crate Logo\uff1aCustomized Logo<\/p>","protected":false},"featured_media":584,"comment_status":"open","ping_status":"closed","template":"","meta":[],"product_brand":[],"product_cat":[30,26],"product_tag":[],"class_list":{"0":"post-583","1":"product","2":"type-product","3":"status-publish","4":"has-post-thumbnail","6":"product_cat-fiberglass-sculpture","7":"product_cat-landscape-sculpture","9":"first","10":"instock","11":"shipping-taxable","12":"product-type-simple"},"_links":{"self":[{"href":"https:\/\/sculptureshome.com\/fr\/wp-json\/wp\/v2\/product\/583","targetHints":{"allow":["GET"]}}],"collection":[{"href":"https:\/\/sculptureshome.com\/fr\/wp-json\/wp\/v2\/product"}],"about":[{"href":"https:\/\/sculptureshome.com\/fr\/wp-json\/wp\/v2\/types\/product"}],"replies":[{"embeddable":true,"href":"https:\/\/sculptureshome.com\/fr\/wp-json\/wp\/v2\/comments?post=583"}],"version-history":[{"count":0,"href":"https:\/\/sculptureshome.com\/fr\/wp-json\/wp\/v2\/product\/583\/revisions"}],"wp:featuredmedia":[{"embeddable":true,"href":"https:\/\/sculptureshome.com\/fr\/wp-json\/wp\/v2\/media\/584"}],"wp:attachment":[{"href":"https:\/\/sculptureshome.com\/fr\/wp-json\/wp\/v2\/media?parent=583"}],"wp:term":[{"taxonomy":"product_brand","embeddable":true,"href":"https:\/\/sculptureshome.com\/fr\/wp-json\/wp\/v2\/product_brand?post=583"},{"taxonomy":"product_cat","embeddable":true,"href":"https:\/\/sculptureshome.com\/fr\/wp-json\/wp\/v2\/product_cat?post=583"},{"taxonomy":"product_tag","embeddable":true,"href":"https:\/\/sculptureshome.com\/fr\/wp-json\/wp\/v2\/product_tag?post=583"}],"curies":[{"name":"wp","href":"https:\/\/api.w.org\/{rel}","templated":true}]}}